{"id":420,"date":"2019-01-11T01:59:00","date_gmt":"2019-01-10T22:59:00","guid":{"rendered":"http:\/\/www.nescoat.com\/?post_type=portfolio&#038;p=420"},"modified":"2023-04-04T13:26:08","modified_gmt":"2023-04-04T10:26:08","slug":"beyfix-priz-hizlandirici-beton-katkisi","status":"publish","type":"product","link":"http:\/\/www.beyfix.com\/en\/magaza\/yapi-kimyasallari\/beton-katkilari\/beyfix-priz-hizlandirici-beton-katkisi\/","title":{"rendered":"HARDENING\nACCELERATING\nCONCRETE\nADMIXTURE"},"content":{"rendered":"<p><strong>DEFINITION<\/strong><br \/>\nIt is an hardening accelerating mortar and concrete admixture that increases early strength without affecting final strength of concrete.<br \/>\n<strong>AREAS OF USE<\/strong><br \/>\nIt is used when high early strength of concretes with unset concrete temperature between + 5 \u00b0 C and + 25 \u00b0 C is required in 24 hours or shorter time.<br \/>\n<strong>ADVANTAGES<\/strong><br \/>\nIt does not contain chloride that will cause corrosion in the reinforcement. It shortens transition time to the finishing process. It increases speed of gaining early strength.<br \/>\n<strong>INSTRUCTIONS OF USE<\/strong><br \/>\nConcrete dosage should be min. 300 kg\/m3. It is added into concrete mixing water or unset concrete ready to pour immediately before the pouring. After adding BEYFIX HARDENING ACCELELERATING CONCRETE ADMIXTURE unset concrete is mixed for 1-2 more minutes at fast speed to ensure homogeneity, and then pouring is started.<br \/>\n<strong>PACKAGE<\/strong><br \/>\n30 kg of plastic container, 250 kg of barrel.<br \/>\n<strong>STORAGE AND SHELF LIFE<\/strong><br \/>\nIt is 12 months from manufacturing date in its unopened original<br \/>\npackaging, stored in a cool and dry environment protected against freezing.<br \/>\n<strong>SAFETY PRECAUTIONS<\/strong><br \/>\nGloves should be used during application. Areas contacted to product should be washed with plenty of water. If swallowed, call for a physician, immediately.<br \/>\n<span style=\"display: block; font-size: 0; height: 0;\">How to start exercising | fitness guide <a title=\"group crossfit workouts\" href=\"https:\/\/fiordiroccia.org\/\">group crossfit workouts<\/a> taylor private fitness &#8211; 11701 lake victoria gardens ave, ste 1107 palm beach gardens, fl &#8211; health &amp; fitness, exercise &amp; fitness programs &#8211; (561)-629-5289<\/span><br \/>\n\n<table id=\"tablepress-16\" class=\"tablepress tablepress-id-16\">\n<tbody class=\"row-hover\">\n<tr class=\"row-1 odd\">\n\t<td class=\"column-1\">Structure<\/td><td class=\"column-2\">Calcium Formate<\/td>\n<\/tr>\n<tr class=\"row-2 even\">\n\t<td class=\"column-1\">Appearance<\/td><td class=\"column-2\">Brown liquid<\/td>\n<\/tr>\n<tr class=\"row-3 odd\">\n\t<td class=\"column-1\">Consumption<\/td><td class=\"column-2\">Approximately 0.5-1.5 % of ce- ment<\/td>\n<\/tr>\n<tr class=\"row-4 even\">\n\t<td class=\"column-1\">Density<\/td><td class=\"column-2\">1,25 \u00b1 0,03 kg\/1<\/td>\n<\/tr>\n<tr class=\"row-5 odd\">\n\t<td class=\"column-1\">pH<\/td><td class=\"column-2\">7-9<\/td>\n<\/tr>\n<tr class=\"row-6 even\">\n\t<td class=\"column-1\">Chlorine<\/td><td class=\"column-2\">0.1% at maximum<\/td>\n<\/tr>\n<\/tbody>\n<\/table>\n<!-- #tablepress-16 from cache --><\/p>","protected":false},"excerpt":{"rendered":"<p>TANIM Betonun nihai dayan\u0131m\u0131n\u0131 etkilemeden erken dayan\u0131m\u0131 art\u0131ran, sertle\u015fmeyi h\u0131zland\u0131ran har\u00e7 ve beton katk\u0131s\u0131d\u0131r. KULLANIM ALANLARI Beton s\u0131cakl\u0131\u011f\u0131 +5 \u00b0C ile +25 \u00b0C aras\u0131nda olan betonlar\u0131n 24 saat veya daha k\u0131sa s\u00fcrede y\u00fcksek erken dayan\u0131m istendi\u011fi durumlarda kullan\u0131l\u0131r. AVANTAJLAR Donat\u0131da korozyona neden olacak klor\u00fcr i\u00e7ermez. Bitirme i\u015flemine ge\u00e7i\u015f s\u00fcresini k\u0131salt\u0131r. Erken g\u00fc\u00e7 kazanma h\u0131z\u0131n\u0131 artt\u0131r\u0131r. [&hellip;]<\/p>","protected":false},"featured_media":778,"comment_status":"open","ping_status":"closed","template":"","meta":[],"product_cat":[73,69],"product_tag":[],"_links":{"self":[{"href":"http:\/\/www.beyfix.com\/en\/wp-json\/wp\/v2\/product\/420"}],"collection":[{"href":"http:\/\/www.beyfix.com\/en\/wp-json\/wp\/v2\/product"}],"about":[{"href":"http:\/\/www.beyfix.com\/en\/wp-json\/wp\/v2\/types\/product"}],"replies":[{"embeddable":true,"href":"http:\/\/www.beyfix.com\/en\/wp-json\/wp\/v2\/comments?post=420"}],"wp:featuredmedia":[{"embeddable":true,"href":"http:\/\/www.beyfix.com\/en\/wp-json\/wp\/v2\/media\/778"}],"wp:attachment":[{"href":"http:\/\/www.beyfix.com\/en\/wp-json\/wp\/v2\/media?parent=420"}],"wp:term":[{"taxonomy":"product_cat","embeddable":true,"href":"http:\/\/www.beyfix.com\/en\/wp-json\/wp\/v2\/product_cat?post=420"},{"taxonomy":"product_tag","embeddable":true,"href":"http:\/\/www.beyfix.com\/en\/wp-json\/wp\/v2\/product_tag?post=420"}],"curies":[{"name":"wp","href":"https:\/\/api.w.org\/{rel}","templated":true}]}}