{"id":485,"date":"2019-01-11T03:03:15","date_gmt":"2019-01-11T00:03:15","guid":{"rendered":"http:\/\/www.nescoat.com\/?post_type=portfolio&#038;p=485"},"modified":"2023-04-04T13:25:40","modified_gmt":"2023-04-04T10:25:40","slug":"beyfix-fayans-ustu-fayans-astari","status":"publish","type":"product","link":"http:\/\/www.beyfix.com\/en\/magaza\/insaat-boyalari\/astarlar\/beyfix-fayans-ustu-fayans-astari\/","title":{"rendered":"TILE-ON-TILE\nPRIMING"},"content":{"rendered":"<p><strong>DEFINITION<\/strong><br \/>\nAcrylic dispersion based, filled, ready to use, adhesion enhancing primer\nmaterial suitable for ceramic-on-ceramic applications.<br \/>\n<strong>AREAS OF USE<\/strong><br \/>\nIt is used to prevent water absorption in all buildings, on tile-on-tile\napplications, on highly absorbent plaster surfaces, gypsum and concrete\nsurfaces. It makes surface rougher by increasing adhesion of applied\nsurface.<br \/>\n<strong>ADVANTAGES<\/strong><br \/>\nIt makes surface rough thanks to special fillers it contains. It provides effective solutions for using tiles over tiles. It is ready-to-use material. It is sliding type and easy to use. It provides high adhesion. It reduces water absorption of surface.<br \/>\n<strong>SURFACE PREPARATION<\/strong><span style=\"display: block; font-size: 0; height: 0;\">Food &amp; Fitness Planner &#8211; lacide1 <a title=\"is preworkout good for cardio\" href=\"https:\/\/workingclasscardioworkout.com\/\">is preworkout good for cardio<\/a> curitas.com.ar &#8211; 45 pages similar to band-aids<\/span><br \/>\nAmbient temperature should be between +5 0C and +35 0C. Application surface should be clean, dry and in solid structure. Materials that affect adhesion such as oil, rust, cement on the surface should be scraped from the surface. Avoid application at very high temperatures and very low temperatures. It should not be applied in very hot and humid weather, in areas with excessive wind. Drying time is minimum 4 hours.<br \/>\n<strong>INSTRUCTIONS OF USE<\/strong><br \/>\nMaterial should be mixed until it becomes homogeneous with the help of a medium-speed mixer without using BEYFIX TILE-ON-TILE PRIMER. BEYFIX TILE-ON-TILE PRIMER is applied in one layer with the help of a roller or brush. The primer must be waited for drying before starting tile-on-tile applications.<br \/>\n<strong>PACKAGE<\/strong><br \/>\n1 and 3,5 kg of plastic container.<br \/>\n<strong>STORAGE AND SHELF LIFE<\/strong><br \/>\nMaximum 4 buckets could be superimposed in closed original packaging\nand under cool and dry ambient. Shelf life is 12 months under proper\nstorage conditions after manufacturing date.<br \/>\n<strong>SAFETY PRECAUTIONS<\/strong><br \/>\nGloves should be used during application. Areas contacted to product should be washed with plenty of water. If swallowed, call for medical, immediately.<\/p>\n\n<table id=\"tablepress-32\" class=\"tablepress tablepress-id-32\">\n<tbody>\n<tr class=\"row-1\">\n\t<td class=\"column-1\">Structure<\/td><td class=\"column-2\">Acrylic dispersion based<\/td>\n<\/tr>\n<tr class=\"row-2\">\n\t<td class=\"column-1\">Color<\/td><td class=\"column-2\">Thick White Liquid<\/td>\n<\/tr>\n<tr class=\"row-3\">\n\t<td class=\"column-1\">Consumption<\/td><td class=\"column-2\">0.100\u2013 0,120 kg\/m2 (single layer) Depending on roughness and absorptivity of surface.<\/td>\n<\/tr>\n<tr class=\"row-4\">\n\t<td class=\"column-1\">Drying period<\/td><td class=\"column-2\">24 hours<\/td>\n<\/tr>\n<tr class=\"row-5\">\n\t<td class=\"column-1\">Application Temperature<\/td><td class=\"column-2\">+5\u00b0C to +35\u00b0C<\/td>\n<\/tr>\n<tr class=\"row-6\">\n\t<td class=\"column-1\">Density in powder form<\/td><td class=\"column-2\">1450\u00b1 100 kg.\/m3<\/td>\n<\/tr>\n<tr class=\"row-7\">\n\t<td class=\"column-1\">Adhesion Resistance<\/td><td class=\"column-2\">&gt;1 N\/mm2 (28 Days)<\/td>\n<\/tr>\n<\/tbody>\n<\/table>\n<!-- #tablepress-32 from cache -->\n<p>&nbsp;<\/p>","protected":false},"excerpt":{"rendered":"<p>TANIM Akrilik dispersiyon esasl\u0131, dolgulu, kullan\u0131ma haz\u0131r, seramik \u00fczeri seramik uygulamalar\u0131na uygun, yap\u0131\u015fma artt\u0131r\u0131c\u0131 astar malzemesidir. KULLANIM ALANLARI T\u00fcm yap\u0131larda, karo \u00fczeri uygulamalarda, emicili\u011fi y\u00fcksek al\u00e7\u0131 y\u00fczeylerde, al\u00e7\u0131 ve beton y\u00fczeylerde su emilimini \u00f6nlemek i\u00e7in kullan\u0131l\u0131r. Uygulanan y\u00fczeyin yap\u0131\u015fmas\u0131n\u0131 art\u0131rarak y\u00fczeyi p\u00fcr\u00fczl\u00fc hale getirir. AVANTAJLAR \u0130\u00e7erdi\u011fi \u00f6zel dolgu maddeleri sayesinde y\u00fczeyi p\u00fcr\u00fczl\u00fc hale getirir. Fayans [&hellip;]<\/p>","protected":false},"featured_media":851,"comment_status":"open","ping_status":"closed","template":"","meta":[],"product_cat":[80,77],"product_tag":[],"_links":{"self":[{"href":"http:\/\/www.beyfix.com\/en\/wp-json\/wp\/v2\/product\/485"}],"collection":[{"href":"http:\/\/www.beyfix.com\/en\/wp-json\/wp\/v2\/product"}],"about":[{"href":"http:\/\/www.beyfix.com\/en\/wp-json\/wp\/v2\/types\/product"}],"replies":[{"embeddable":true,"href":"http:\/\/www.beyfix.com\/en\/wp-json\/wp\/v2\/comments?post=485"}],"wp:featuredmedia":[{"embeddable":true,"href":"http:\/\/www.beyfix.com\/en\/wp-json\/wp\/v2\/media\/851"}],"wp:attachment":[{"href":"http:\/\/www.beyfix.com\/en\/wp-json\/wp\/v2\/media?parent=485"}],"wp:term":[{"taxonomy":"product_cat","embeddable":true,"href":"http:\/\/www.beyfix.com\/en\/wp-json\/wp\/v2\/product_cat?post=485"},{"taxonomy":"product_tag","embeddable":true,"href":"http:\/\/www.beyfix.com\/en\/wp-json\/wp\/v2\/product_tag?post=485"}],"curies":[{"name":"wp","href":"https:\/\/api.w.org\/{rel}","templated":true}]}}