{"id":2608,"date":"2022-04-04T13:06:01","date_gmt":"2022-04-04T10:06:01","guid":{"rendered":"https:\/\/www.beyfix.com\/?post_type=product&#038;p=2608"},"modified":"2022-04-04T13:06:01","modified_gmt":"2022-04-04T10:06:01","slug":"beyfix-mahya-yapistirma-harci-2","status":"publish","type":"product","link":"http:\/\/www.beyfix.com\/ru\/magaza\/yapi-kimyasallari\/cimento-esasli-tamir-harclari-ve-sivalari\/beyfix-mahya-yapistirma-harci-2\/","title":{"rendered":"\u041a\u043e\u043d\u044c\u043a\u043e\u0432\u0430\u044f \u0441\u043c\u0435\u0441\u044c"},"content":{"rendered":"<p><strong>\u041e\u041f\u0418\u0421\u0410\u041d\u0418\u0415<\/strong><\/p>\n<p>\u041e\u0434\u043d\u043e\u043a\u043e\u043c\u043f\u043e\u043d\u0435\u043d\u0442\u043d\u044b\u0439, \u0445\u0438\u043c\u0438\u0447\u0435\u0441\u043a\u0438\u0439, \u0432\u044b\u0441\u043e\u043a\u043e\u043f\u0440\u043e\u0438\u0437\u0432\u043e\u0434\u0438\u0442\u0435\u043b\u044c\u043d\u044b\u0439 \u0438 \u0441\u0442\u0430\u0431\u0438\u043b\u044c\u043d\u044b\u0439 \u043a\u043b\u0435\u0435\u0432\u043e\u0439 \u0440\u0430\u0441\u0442\u0432\u043e\u0440 \u043d\u0430 \u0446\u0435\u043c\u0435\u043d\u0442\u043d\u043e\u0439 \u043e\u0441\u043d\u043e\u0432\u0435, \u0438\u0441\u043f\u043e\u043b\u044c\u0437\u0443\u0435\u043c\u044b\u0439 \u043f\u0440\u0438 \u0441\u0431\u043e\u0440\u043a\u0435 \u0447\u0435\u0440\u0435\u043f\u0438\u0446\u044b \u043a\u043e\u043d\u044c\u043a\u043e\u0432\u043e\u0439 \u043a\u0440\u044b\u0448\u0438.<\/p>\n<p><strong> \u041c\u0415\u0421\u0422\u041e \u0418\u0421\u041f\u041e\u041b\u042c\u0417\u041e\u0412\u0410\u041d\u0418\u042f<\/strong><\/p>\n<p>\u0418\u0441\u043f\u043e\u043b\u044c\u0437\u0443\u0435\u0442\u0441\u044f \u043d\u0430 \u043e\u0442\u043a\u0440\u044b\u0442\u043e\u043c \u0432\u043e\u0437\u0434\u0443\u0445\u0435 \u043d\u0430 \u0433\u043e\u0440\u0438\u0437\u043e\u043d\u0442\u0430\u043b\u044c\u043d\u044b\u0445 \u0438 \u0432\u0435\u0440\u0442\u0438\u043a\u0430\u043b\u044c\u043d\u044b\u0445 \u043f\u043e\u0432\u0435\u0440\u0445\u043d\u043e\u0441\u0442\u044f\u0445 \u0434\u043b\u044f \u043c\u043e\u043d\u0442\u0430\u0436\u0430 \u0438 \u043f\u0440\u0438\u043a\u043b\u0435\u0438\u0432\u0430\u043d\u0438\u044f \u0447\u0435\u0440\u0435\u043f\u0438\u0446\u044b \u043a\u043e\u043d\u044c\u043a\u0430 \u043a\u0440\u044b\u0448\u0438 \u0438 \u043f\u0440\u0438\u043a\u043b\u0435\u0438\u0432\u0430\u043d\u0438\u044f \u0436\u0435\u043b\u043e\u0431\u043e\u0432 \u043a\u0440\u0430\u0441\u043d\u043e\u0433\u043e \u0446\u0432\u0435\u0442\u0430 \u043a \u0437\u0434\u0430\u043d\u0438\u044e.<\/p>\n<p><strong>\u041f\u0420\u0415\u0418\u041c\u0423\u0429\u0415\u0421\u0422\u0412\u0410<\/strong><\/p>\n<p>\u0421\u0432\u043e\u0438\u043c \u043a\u0440\u0430\u0441\u043d\u044b\u043c \u0446\u0432\u0435\u0442\u043e\u043c \u043e\u043d \u044f\u0432\u043b\u044f\u0435\u0442\u0441\u044f \u0434\u0435\u043a\u043e\u0440\u0430\u0442\u0438\u0432\u043d\u044b\u043c. \u0418\u0437-\u0437\u0430 \u0441\u043e\u0434\u0435\u0440\u0436\u0430\u043d\u0438\u044f \u043a\u043b\u0435\u0442\u0447\u0430\u0442\u043a\u0438 \u043d\u0435 \u0442\u0440\u0435\u0441\u043a\u0430\u0435\u0442\u0441\u044f \u0438 \u043e\u0431\u0435\u0441\u043f\u0435\u0447\u0438\u0432\u0430\u0435\u0442 \u043f\u0440\u043e\u0447\u043d\u0443\u044e \u0430\u0434\u0433\u0435\u0437\u0438\u044e. \u0423\u0441\u0442\u043e\u0439\u0447\u0438\u0432\u044b\u043c \u043a \u0432\u043e\u0434\u0435 \u0438 \u043c\u043e\u0440\u043e\u0437\u0443, \u043d\u0435 \u043f\u043e\u0434\u0432\u0435\u0440\u0436\u0435\u043d\u043d\u044b\u043c \u043f\u0435\u0440\u0435\u043f\u0430\u0434\u0430\u043c \u0442\u0435\u043c\u043f\u0435\u0440\u0430\u0442\u0443\u0440. \u041e\u0431\u0435\u0441\u043f\u0435\u0447\u0438\u0432\u0430\u0435\u0442 \u0432\u044b\u0441\u043e\u043a\u0443\u044e \u0441\u0442\u0430\u0431\u0438\u043b\u044c\u043d\u043e\u0441\u0442\u044c, \u043d\u0435 \u043f\u0440\u043e\u0433\u0438\u0431\u0430\u0435\u0442\u0441\u044f \u043f\u0440\u0438 \u0432\u0435\u0440\u0442\u0438\u043a\u0430\u043b\u044c\u043d\u043e\u043c \u0438\u0441\u043f\u043e\u043b\u044c\u0437\u043e\u0432\u0430\u043d\u0438\u0438.<\/p>\n<p><strong> \u041f\u041e\u0414\u0413\u041e\u0422\u041e\u0412\u041a\u0410 \u041f\u041e\u0412\u0415\u0420\u0425\u041d\u041e\u0421\u0422\u0418<\/strong><\/p>\n<p>\u041f\u043e\u0432\u0435\u0440\u0445\u043d\u043e\u0441\u0442\u044c \u043d\u0430\u043d\u0435\u0441\u0435\u043d\u0438\u044f \u0434\u043e\u043b\u0436\u043d\u0430 \u0431\u044b\u0442\u044c \u043e\u0447\u0438\u0449\u0435\u043d\u0430 \u043e\u0442 \u043c\u0430\u0442\u0435\u0440\u0438\u0430\u043b\u043e\u0432, \u043f\u0440\u0435\u043f\u044f\u0442\u0441\u0442\u0432\u0443\u044e\u0449\u0438\u0445 \u043f\u0440\u0438\u043b\u0438\u043f\u0430\u043d\u0438\u044e, \u0442\u0430\u043a\u0438\u0445 \u043a\u0430\u043a \u043f\u044b\u043b\u044c, \u043c\u0430\u0441\u043b\u043e, \u0433\u0443\u0434\u0440\u043e\u043d, \u043a\u0440\u0430\u0441\u043a\u0430, \u0441\u0438\u043b\u0438\u043a\u043e\u043d, \u043e\u0442\u0432\u0435\u0440\u0434\u0438\u0442\u0435\u043b\u044c, \u043c\u043e\u044e\u0449\u0438\u0435 \u0441\u0440\u0435\u0434\u0441\u0442\u0432\u0430 \u0438 \u043c\u0430\u0441\u043b\u0430 \u0434\u043b\u044f \u0444\u043e\u0440\u043c. \u041f\u043e\u0432\u0435\u0440\u0445\u043d\u043e\u0441\u0442\u044c \u0434\u043b\u044f \u043d\u0430\u043d\u0435\u0441\u0435\u043d\u0438\u044f \u0434\u043e\u043b\u0436\u043d\u0430 \u0431\u044b\u0442\u044c \u0432\u043b\u0430\u0436\u043d\u043e\u0439.<\/p>\n<p><strong> \u0418\u041d\u0421\u0422\u0420\u0423\u041a\u0426\u0418\u0418 \u041f\u041e \u041f\u041e\u041b\u042c\u0417\u041e\u0412\u0410\u041d\u0418\u042e<\/strong><\/p>\n<p>25 \u043a\u0433 \u043a\u043e\u043d\u044c\u043a\u043e\u0432\u043e\u0433\u043e \u043a\u043b\u0435\u044f BEYFIX \u0434\u043e\u0431\u0430\u0432\u043b\u044f\u044e\u0442\u0441\u044f \u043f\u0440\u0438\u043c\u0435\u0440\u043d\u043e \u0432 \u0447\u0438\u0441\u0442\u043e\u0439 \u0432\u043e\u0434\u0435 \u043e\u0442 4,5 - 5,5 \u043b\u0438\u0442\u0440\u043e\u0432 \u0438 \u043f\u0435\u0440\u0435\u043c\u0435\u0448\u0438\u0432\u0430\u0435\u0442\u0441\u044f. \u041f\u0435\u0440\u0435\u043c\u0435\u0448\u0438\u0432\u0430\u043d\u0438\u0435 \u0436\u0435\u043b\u0430\u0442\u0435\u043b\u044c\u043d\u043e \u0434\u0435\u043b\u0430\u0442\u044c \u0441 \u043f\u043e\u043c\u043e\u0449\u044c\u044e \u043d\u0438\u0437\u043a\u043e\u0441\u043a\u043e\u0440\u043e\u0441\u0442\u043d\u043e\u0433\u043e \u043c\u0438\u043a\u0441\u0435\u0440\u0430 \u0438\u043b\u0438 \u0448\u043f\u0430\u0442\u0435\u043b\u044f \u0434\u043e \u0442\u0435\u0445 \u043f\u043e\u0440, \u043f\u043e\u043a\u0430 \u043d\u0435 \u0438\u0441\u0447\u0435\u0437\u043d\u0435\u0442 \u0432\u043e\u0437\u0434\u0443\u0448\u043d\u044b\u0439 \u043a\u043e\u043c\u043e\u043a. \u041f\u0440\u0438\u0433\u043e\u0442\u043e\u0432\u043b\u0435\u043d\u043d\u044b\u0439 \u0440\u0430\u0441\u0442\u0432\u043e\u0440 \u043e\u0441\u0442\u0430\u0432\u043b\u044f\u0435\u0442\u0441\u044f \u0434\u043b\u044f \u0441\u043e\u0437\u0440\u0435\u0432\u0430\u043d\u0438\u044f \u043d\u0430 5-10 \u043c\u0438\u043d\u0443\u0442 \u0438 \u0438\u0441\u043f\u043e\u043b\u044c\u0437\u0443\u0435\u0442\u0441\u044f \u043f\u043e\u0441\u043b\u0435 \u043d\u043e\u0432\u043e\u0433\u043e \u043f\u0435\u0440\u0435\u043c\u0435\u0448\u0438\u0432\u0430\u043d\u0438\u044f \u0437\u0430 1-2 \u043c\u0438\u043d\u0443\u0442\u044b. \u0413\u043e\u0442\u043e\u0432\u0443\u044e \u0441\u043c\u0435\u0441\u044c \u043d\u0443\u0436\u043d\u043e \u0443\u043f\u043e\u0442\u0440\u0435\u0431\u0438\u0442\u044c \u0437\u0430 2,5 - 3 \u0447\u0430\u0441\u0430.<\/p>\n<p><strong>\u0423\u041f\u0410\u041a\u041e\u0412\u041a\u0410 <\/strong><\/p>\n<p>\u041a\u0440\u0430\u0444\u0442-\u043c\u0435\u0448\u043e\u043a \u0451\u043c\u043a\u043e\u0441\u0442\u044c\u044e 20 \u043a\u0433. (\u0410\u0440\u043c\u0438\u0440\u043e\u0432\u0430\u043d\u043d\u044b\u0439 \u043f\u043e\u043b\u0438\u044d\u0442\u0438\u043b\u0435\u043d\u043e\u043c)<\/p>\n<p>\u0412 \u043e\u0434\u043d\u043e\u043c \u043f\u043e\u0434\u0434\u043e\u043d\u0435 \u0438\u043c\u0435\u044e\u0442\u0441\u044f 64 \u043c\u0435\u0448\u043a\u0430 (106\u0445106 \u0441\u043c).<\/p>\n<p><strong>\u0425\u0420\u0410\u041d\u0415\u041d\u0418\u0415 \u0418 \u0421\u0420\u041e\u041a \u0413\u041e\u0414\u041d\u041e\u0421\u0422\u0418<\/strong><\/p>\n<p>\u0425\u0440\u0430\u043d\u0438\u0442\u044c\u0441\u044f \u0432 \u043d\u0435\u043e\u0442\u043a\u0440\u044b\u0442\u043e\u0439 \u043e\u0440\u0438\u0433\u0438\u043d\u0430\u043b\u044c\u043d\u043e\u0439 \u0443\u043f\u0430\u043a\u043e\u0432\u043a\u0435, \u0432 \u043f\u0440\u043e\u0445\u043b\u0430\u0434\u043d\u043e\u043c\n\u0438 \u0441\u0443\u0445\u043e\u043c \u043c\u0435\u0441\u0442\u0435, \u043d\u043e \u043d\u0443\u0436\u043d\u043e \u0440\u0430\u0437\u043c\u0435\u0449\u0430\u0442\u044c \u043d\u0430\u0438\u0431\u043e\u043b\u0435\u0435 2 \u043f\u043e\u0434\u0434\u043e\u043d\u0430 \u043e\u0434\u0438\u043d \u043d\u0430\u0434\n\u0434\u0440\u0443\u0433\u0438\u043c. \u041f\u0440\u0438 \u0441\u043e\u0431\u043b\u044e\u0434\u0435\u043d\u0438\u0435\u043c \u0443\u0441\u043b\u043e\u0432\u0438\u0439 \u0445\u0440\u0430\u043d\u0435\u043d\u0438\u044f \u0441\u0440\u043e\u043a \u0433\u043e\u0434\u043d\u043e\u0441\u0442\u0438 12\n\u043c\u0435\u0441\u044f\u0446\u0435\u0432 \u043f\u043e\u0441\u043b\u0435 \u043f\u0440\u043e\u0438\u0437\u0432\u043e\u0434\u0441\u0442\u0432\u0435\u043d\u043d\u043e\u0439 \u0434\u0430\u0442\u044b.<\/p>\n<p><strong>\u041f\u0420\u0410\u0412\u0418\u041b\u0410 \u0422\u0415\u0425\u041d\u0418\u041a\u0418 \u0411\u0415\u0417\u041e\u041f\u0410\u0421\u041d\u041e\u0421\u0422\u0418<\/strong><\/p>\n<p>\u0412\u043e \u0432\u0440\u0435\u043c\u044f \u0438\u0441\u043f\u043e\u043b\u044c\u0437\u043e\u0432\u0430\u043d\u0438\u044f \u0441\u043b\u0435\u0434\u0443\u0435\u0442 \u0438\u0441\u043f\u043e\u043b\u044c\u0437\u043e\u0432\u0430\u0442\u044c \u043f\u0435\u0440\u0447\u0430\u0442\u043a\u0438. \u041f\u043e\u0441\u043b\u0435\n\u043a\u043e\u043d\u0442\u0430\u043a\u0442\u0430 \u0441 \u043f\u0440\u0435\u043f\u0430\u0440\u0430\u0442\u043e\u043c, \u0441\u043b\u0435\u0434\u0443\u0435\u0442 \u043f\u0440\u043e\u043c\u044b\u0442\u044c \u043f\u043e\u0440\u0430\u0436\u0435\u043d\u043d\u044b\u0439 \u0443\u0447\u0430\u0441\u0442\u043e\u043a\n\u0441 \u0431\u043e\u043b\u044c\u0448\u0438\u043c \u043a\u043e\u043b\u0438\u0447\u0435\u0441\u0442\u0432\u043e\u043c \u0432\u043e\u0434\u044b. \u041f\u0440\u0438 \u043f\u0440\u043e\u0433\u043b\u0430\u0442\u044b\u0432\u0430\u043d\u0438\u0438 \u043d\u0435\u043c\u0435\u0434\u043b\u0435\u043d\u043d\u043e\n\u043e\u0431\u0440\u0430\u0442\u0438\u0442\u0435\u0441\u044c \u043a \u0432\u0440\u0430\u0447\u0443.<\/p>\n\n<table id=\"tablepress-34\" class=\"tablepress tablepress-id-34\">\n<tbody>\n<tr class=\"row-1\">\n\t<td class=\"column-1\">\u0412\u043d\u0435\u0448\u043d\u0438\u0439 \u0432\u0438\u0434<\/td><td class=\"column-2\">\u0413\u0443\u0441\u0442\u043e\u0439 \u043f\u043e\u0440\u043e\u0448\u043e\u043a \u043a\u0440\u0430\u0441\u043d\u043e\u0433\u043e \u0446\u0432\u0435\u0442\u0430<\/td>\n<\/tr>\n<tr class=\"row-2\">\n\t<td class=\"column-1\">\u0418\u043d\u0442\u0435\u043d\u0441\u0438\u0432\u043d\u043e\u0441\u0442\u044c \u043f\u044b\u043b\u0438<\/td><td class=\"column-2\">~ 1,55 kg\/lt<\/td>\n<\/tr>\n<tr class=\"row-3\">\n\t<td class=\"column-1\">\u041f\u0440\u043e\u043f\u043e\u0440\u0446\u0438\u044f \u0441\u043c\u0435\u0448\u0438\u0432\u0430\u043d\u0438\u044f<\/td><td class=\"column-2\">4,5-5,5 lt \u0432\u043e\u0434\u044b \/25 kg \u043f\u043e\u0440\u043e\u0448\u043a\u0430<\/td>\n<\/tr>\n<tr class=\"row-4\">\n\t<td class=\"column-1\">\u0412\u0440\u0435\u043c\u044f \u043e\u0442\u0434\u044b\u0445\u0430<\/td><td class=\"column-2\">40 - 50 dakika<\/td>\n<\/tr>\n<tr class=\"row-5\">\n\t<td class=\"column-1\">\u0421\u0440\u043e\u043a \u0434\u0435\u0439\u0441\u0442\u0432\u0438\u044f \u043f\u0440\u0435\u043f\u0430\u0440\u0430\u0442\u0430 \u0432\n\u043a\u043e\u0440\u043e\u0431\u043a\u0435<\/td><td class=\"column-2\">2,5 - 3 \u0447\u0430\u0441\u0430<\/td>\n<\/tr>\n<tr class=\"row-6\">\n\t<td class=\"column-1\">\u0422\u0435\u043c\u043f\u0435\u0440\u0430\u0442\u0443\u0440\u0430 \u043f\u0440\u0438\u043c\u0435\u043d\u0435\u043d\u0438\u044f<\/td><td class=\"column-2\">\u041c\u0435\u0436\u0434\u0443 +5\u00b0C \u0438 +35\u00b0C<\/td>\n<\/tr>\n<tr class=\"row-7\">\n\t<td class=\"column-1\">\u041f\u0440\u043e\u0447\u043d\u043e\u0441\u0442\u044c \u0441\u0442\u044f\u0436\u043a\u0438<\/td><td class=\"column-2\">0,3 N\/mm2<\/td>\n<\/tr>\n<tr class=\"row-8\">\n\t<td class=\"column-1\">\u0421\u0440\u043e\u043a \u0437\u0430 \u0445\u043e\u0434\u044c\u0431\u0443 \u043d\u0430 \u043f\u043e\u0432\u0435\u0440\u0445\u043d\u043e\u0441\u0442\u0438<\/td><td class=\"column-2\">24 \u0447\u0430\u0441\u0430<\/td>\n<\/tr>\n<tr class=\"row-9\">\n\t<td class=\"column-1\">\u0422\u0435\u043c\u043f\u0435\u0440\u0430\u0442\u0443\u0440\u0430 \u043e\u0431\u0441\u043b\u0443\u0436\u0438\u0432\u0430\u043d\u0438\u044f<\/td><td class=\"column-2\">-30\u00b0C \/ +80\u00b0C<\/td>\n<\/tr>\n<\/tbody>\n<\/table>\n<!-- #tablepress-34 from cache -->\n<p>\u0412\u044b\u0448\u0435\u0443\u043a\u0430\u0437\u0430\u043d\u043d\u044b\u0435 \u0437\u043d\u0430\u0447\u0435\u043d\u0438\u044f \u0434\u043b\u044f +23\u00b0C \u0438 50% \u043e\u0442\u043d\u043e\u0441\u0438\u0442\u0435\u043b\u044c\u043d\u043e\u0439 \u0432\u043b\u0430\u0436\u043d\u043e\u0441\u0442\u0438. \u041f\u0440\u0438 \u0432\u044b\u0441\u043e\u043a\u0438\u0445 \u0442\u0435\u043c\u043f\u0435\u0440\u0430\u0442\u0443\u0440\u0430\u0445 \u0441\u0440\u043e\u043a \u0443\u043c\u0435\u043d\u044c\u0448\u0430\u0435\u0442\u0441\u044f, \u043f\u0440\u0438 \u043d\u0438\u0437\u043a\u0438\u0445 \u0442\u0435\u043c\u043f\u0435\u0440\u0430\u0442\u0443\u0440\u0430\u0445 \u2013 \u0443\u0434\u043b\u0438\u043d\u044f\u0435\u0442\u0441\u044f.<\/p>\n<p>&nbsp;<\/p>","protected":false},"excerpt":{"rendered":"<p>TANIMI \u00c7imento esasl\u0131, tek bile\u015fenli, kimyasal katk\u0131l\u0131, \u00e7at\u0131 mahya kiremitlerinin montaj\u0131nda kullan\u0131lan, y\u00fcksek performans ve stabiliteye sahip bir yap\u0131\u015ft\u0131rma harc\u0131d\u0131r. KULLANIM ALANLARI D\u0131\u015f mek\u00e2nlarda, Yatay ve d\u00fc\u015fey y\u00fczeylerde, \u00c7at\u0131 mahya kiremitlerinin montaj\u0131 ve yap\u0131\u015ft\u0131r\u0131lmas\u0131nda, K\u0131rm\u0131z\u0131 renkli su oluklar\u0131n\u0131n binaya yap\u0131\u015ft\u0131r\u0131lmas\u0131nda kullan\u0131l\u0131r. AVANTAJLARI K\u0131rm\u0131z\u0131 rengi ile dekoratiftir. Elyaf i\u00e7erdi\u011finden \u00e7atlama yapmaz. G\u00fc\u00e7l\u00fc yap\u0131\u015fma sa\u011flar. Suya ve [&hellip;]<\/p>","protected":false},"featured_media":1975,"comment_status":"open","ping_status":"closed","template":"","meta":[],"product_cat":[81,69],"product_tag":[],"_links":{"self":[{"href":"http:\/\/www.beyfix.com\/ru\/wp-json\/wp\/v2\/product\/2608"}],"collection":[{"href":"http:\/\/www.beyfix.com\/ru\/wp-json\/wp\/v2\/product"}],"about":[{"href":"http:\/\/www.beyfix.com\/ru\/wp-json\/wp\/v2\/types\/product"}],"replies":[{"embeddable":true,"href":"http:\/\/www.beyfix.com\/ru\/wp-json\/wp\/v2\/comments?post=2608"}],"wp:featuredmedia":[{"embeddable":true,"href":"http:\/\/www.beyfix.com\/ru\/wp-json\/wp\/v2\/media\/1975"}],"wp:attachment":[{"href":"http:\/\/www.beyfix.com\/ru\/wp-json\/wp\/v2\/media?parent=2608"}],"wp:term":[{"taxonomy":"product_cat","embeddable":true,"href":"http:\/\/www.beyfix.com\/ru\/wp-json\/wp\/v2\/product_cat?post=2608"},{"taxonomy":"product_tag","embeddable":true,"href":"http:\/\/www.beyfix.com\/ru\/wp-json\/wp\/v2\/product_tag?post=2608"}],"curies":[{"name":"wp","href":"https:\/\/api.w.org\/{rel}","templated":true}]}}