{"id":2627,"date":"2022-04-05T16:21:01","date_gmt":"2022-04-05T13:21:01","guid":{"rendered":"https:\/\/www.beyfix.com\/?post_type=product&#038;p=2627"},"modified":"2022-04-05T16:29:05","modified_gmt":"2022-04-05T13:29:05","slug":"beyfix-derz-dolgu-harci-2","status":"publish","type":"product","link":"http:\/\/www.beyfix.com\/ru\/magaza\/yapi-kimyasallari\/yapistirma-ve-derz-dolgu-urunler\/beyfix-derz-dolgu-harci-2\/","title":{"rendered":"Beyfix \u0414\u0435\u0440\u0437 \u0414\u043e\u043b\u0433\u0443 \u0425\u0430\u0440\u0434\u0436\u0438"},"content":{"rendered":"<p><strong>\u041e\u041f\u0418\u0421\u0410\u041d\u0418\u0415 <\/strong><\/p>\n<p>\u042d\u0442\u043e \u0446\u0435\u043c\u0435\u043d\u0442\u043d\u044b\u0439 \u0440\u0430\u0441\u0442\u0432\u043e\u0440 \u0434\u043b\u044f \u0437\u0430\u0442\u0438\u0440\u043a\u0438 \u043a\u0430\u0444\u0435\u043b\u044c\u043d\u044b\u0445 \u0438 \u043a\u0435\u0440\u0430\u043c\u0438\u0447\u0435\u0441\u043a\u0438\u0445\n\u043f\u043b\u0438\u0442.<\/p>\n<p><strong>\u041c\u0415\u0421\u0422\u041e \u0418\u0421\u041f\u041e\u041b\u042c\u0417\u041e\u0412\u0410\u041d\u0418\u042f<\/strong><\/p>\n<p>\u0412\u043e \u0432\u043d\u0443\u0442\u0440\u0435\u043d\u043d\u0438\u0445 \u043f\u043e\u043c\u0435\u0449\u0435\u043d\u0438\u044f\u0445, \u0432 \u043a\u0435\u0440\u0430\u043c\u0438\u043a\u0438, \u0432 \u043a\u0430\u0444\u0435\u043b\u044c\u043d\u044b\u0445, \u043d\u0430\u0442\u0443\u0440\u0430\u043b\u044c\u043d\u044b\u0445\n\u043a\u0430\u043c\u043d\u044f\u0445, \u0432 \u043f\u0440\u0435\u0441\u0441\u043e\u0432\u0430\u043d\u043d\u044b\u0445 \u043a\u0438\u0440\u043f\u0438\u0447\u0430\u0445, \u0432 \u0441\u0442\u0435\u043a\u043b\u044f\u043d\u043d\u043e\u0439 \u043c\u043e\u0437\u0430\u0438\u043a\u0435, \u0432\n\u0433\u0440\u0430\u043d\u0438\u0442\u0435, \u0432 \u0433\u043e\u0440\u0438\u0437\u043e\u043d\u0442\u0430\u043b\u044c\u043d\u044b\u0445 \u0438 \u0432\u0435\u0440\u0442\u0438\u043a\u0430\u043b\u044c\u043d\u044b\u0445 \u0441\u0442\u044b\u043a\u0430\u0445 \u043b\u0430\u043a\u043e\u043a\u0440\u0430\u0441\u043e\u0447\u043d\u044b\u0445\n\u043c\u0430\u0442\u0435\u0440\u0438\u0430\u043b\u043e\u0432, \u043d\u0430\u043f\u0440\u0438\u043c\u0435\u0440, \u043d\u0430 \u043e\u0442\u043a\u0440\u044b\u0442\u043e\u043c \u0432\u043e\u0437\u0434\u0443\u0445\u0435. \u0418\u0441\u043f\u043e\u043b\u044c\u0437\u0443\u0435\u0442\u0441\u044f \u0432\n\u0433\u043e\u0440\u0438\u0437\u043e\u043d\u0442\u0430\u043b\u044c\u043d\u044b\u0445 \u0441\u0442\u044b\u043a\u0430\u0445. \u041c\u043e\u0436\u043d\u043e \u0431\u0435\u0437\u043e\u043f\u0430\u0441\u043d\u043e \u0438\u0441\u043f\u043e\u043b\u044c\u0437\u043e\u0432\u0430\u0442\u044c \u0434\u043b\u044f \u0448\u0432\u043e\u0432\n\u0448\u0438\u0440\u0438\u043d\u043e\u0439 1-6 \u043c\u043c.<\/p>\n<p><strong>\u041f\u0420\u0415\u0418\u041c\u0423\u0429\u0415\u0421\u0422\u0412\u0410<\/strong><\/p>\n<p>\u041d\u0435 \u0442\u0440\u0435\u0441\u043a\u0430\u0435\u0442\u0441\u044f \u043f\u043e\u0441\u043b\u0435 \u043f\u0440\u043e\u043c\u0435\u0440\u0437\u0430\u043d\u0438\u044f \u0432 \u0448\u0432\u0430\u0445 \u0434\u043e 6 \u043c\u043c. \u041b\u0435\u0433\u043a\u043e\n\u043f\u043e\u0434\u0433\u043e\u0442\u0430\u0432\u043b\u0438\u0432\u0430\u0435\u0442\u0441\u044f \u0438 \u043f\u0440\u0438\u043c\u0435\u043d\u044f\u0435\u0442\u0441\u044f. \u041e\u0431\u0435\u0441\u043f\u0435\u0447\u0438\u0432\u0430\u0435\u0442 \u0433\u043b\u0430\u0434\u043a\u0443\u044e\n\u043f\u043e\u0432\u0435\u0440\u0445\u043d\u043e\u0441\u0442\u044c. \u0423\u0441\u0442\u043e\u0439\u0447\u0438\u0432 \u043a \u0438\u0441\u0442\u0438\u0440\u0430\u043d\u0438\u044e. \u0412\u0440\u0435\u043c\u044f \u043e\u0431\u0440\u0430\u0431\u043e\u0442\u043a\u0438 \u0434\u043e\u043b\u0433\u043e\u0435.<\/p>\n<p><strong>\u041f\u041e\u0414\u0413\u041e\u0422\u041e\u0412\u041a\u0410 \u041f\u041e\u0412\u0415\u0420\u0425\u041d\u041e\u0421\u0422\u0418<\/strong><\/p>\n<p>\u041d\u0435\u043e\u0431\u0445\u043e\u0434\u0438\u043c\u043e \u043e\u0447\u0438\u0441\u0442\u0438\u0442\u044c \u043e\u0442 \u0446\u0435\u043c\u0435\u043d\u0442\u0430, \u043f\u0440\u043e\u0447\u0435\u0433\u043e \u043c\u0443\u0441\u043e\u0440\u0430 \u0438 \u043f\u044b\u043b\u0438 \u043c\u0435\u0436\u0434\u0443\n\u0448\u0432\u0430\u043c\u0438, \u043f\u0440\u0435\u043f\u044f\u0442\u0441\u0442\u0432\u0443\u044e\u0449\u0438\u0435 \u0441\u043b\u0438\u043f\u0430\u043d\u0438\u044e \u0448\u0432\u043e\u0432 \u043f\u0435\u0440\u0435\u0434 \u043d\u0430\u043b\u043e\u0436\u0435\u043d\u0438\u0435\u043c \u0448\u0432\u0430.\n\u0414\u043b\u044f \u044d\u0442\u043e\u0433\u043e \u043f\u0440\u043e\u0446\u0435\u0441\u0441\u0430 \u043d\u0443\u0436\u043d\u043e \u0441\u0442\u044b\u043a\u0438 \u0441\u043e\u0441\u043a\u043e\u0431\u043b\u0438\u0442\u044c \u043f\u0430\u043b\u043a\u043e\u0439 \u0438 \u043e\u0447\u0438\u0441\u0442\u0438\u0442\u044c\n\u0449\u0435\u0442\u043a\u043e\u0439. \u0412 \u0441\u0443\u0445\u0438\u0445 \u0438 \u0432 \u0436\u0430\u0440\u043a\u0438\u0445 \u0441\u0440\u0435\u0434\u0430\u0445 \u0441\u043b\u0435\u0434\u0443\u0435\u0442 \u0443\u0432\u043b\u0430\u0436\u043d\u044f\u0442\u044c \u0437\u0430\u0437\u043e\u0440\u044b \u0432\n\u0441\u0442\u044b\u043a\u0430\u0445, \u043e\u0441\u043e\u0431\u0435\u043d\u043d\u043e \u0432 \u0432\u0435\u0440\u0442\u0438\u043a\u0430\u043b\u044c\u043d\u044b\u0445.<\/p>\n<p><strong>\u0418\u041d\u0421\u0422\u0420\u0423\u041a\u0426\u0418\u0418 \u041f\u041e \u041f\u041e\u041b\u042c\u0417\u041e\u0412\u0410\u041d\u0418\u042e <\/strong><\/p>\n<p>20 \u043a\u0438\u043b\u043e\u0433\u0440\u0430\u043c\u043c\u043e\u0432\u043e\u0439 \u043a\u043b\u0435\u0439 BEYFIX \u043d\u0443\u0436\u043d\u043e \u043f\u0435\u0440\u0432\u043e\u043d\u0430\u0447\u0430\u043b\u044c\u043d\u043e \u0440\u0430\u0441\u0442\u0432\u043e\u0440\u0438\u0442\u044c \u043c\u0435\u0434\u043b\u0435\u043d\u043d\u043e \u0441 6 \u2013 6,5 \u043b\u0438\u0442\u0440\u0430\u043c\u0438 \u0432\u043e\u0434\u044b \u043f\u0440\u0438 \u043a\u043e\u043c\u043d\u0430\u0442\u043e\u0439 \u0442\u0435\u043c\u043f\u0435\u0440\u0430\u0442\u0443\u0440\u0435 \u043e\u0442 + 5\u00b0C \u0434\u043e + 35\u00b0C \u0434\u043e \u043f\u043e\u043b\u0443\u0447\u0435\u043d\u0438\u044f \u043e\u0434\u043d\u043e\u0440\u043e\u0434\u043d\u043e\u0439 \u0441\u043c\u0435\u0441\u0438 \u0432 \u0441\u043b\u0435\u0434\u0441\u0442\u0432\u0438\u0438 \u0441\u043c\u0435\u0448\u0438\u0432\u0430\u043d\u0438\u044f \u0441 \u043c\u0438\u043a\u0441\u0435\u0440\u043e\u043c \u043d\u0438\u0437\u043a\u0438\u043c \u0434\u0430\u0432\u043b\u0435\u043d\u0438\u0435\u043c (400-600 \u043e\u0431\/\u043c\u0438\u043d). \u041f\u043e\u0434\u0433\u043e\u0442\u043e\u0432\u043b\u0435\u043d\u043d\u0430\u044f \u0441\u043c\u0435\u0441\u044c \u043f\u043e\u0441\u043b\u0435 \u0442\u043e\u0433\u043e, \u043a\u0430\u043a \u043e\u0441\u0442\u044b\u043d\u0435\u0442 \u0432 \u043f\u0440\u043e\u0434\u043e\u043b\u0436\u0435\u043d\u0438\u0438 5-10 \u043c\u0438\u043d\u0443\u0442, \u0440\u0430\u0437\u043c\u0435\u0448\u0438\u0432\u0430\u0435\u0442\u0441\u044f \u0435\u0449\u0451 1-2 \u043c\u0438\u043d\u0443\u0442\u044b \u0438 \u043f\u0440\u0438\u043b\u0430\u0433\u0430\u0435\u0442\u0441\u044f. \u041f\u0440\u0435\u0436\u0434\u0435 \u043f\u0440\u0438\u043b\u043e\u0436\u0435\u043d\u0438\u044f \u0441\u043c\u0435\u0441\u0438, \u043e\u043d\u0430 \u0434\u043e\u043b\u0436\u0435\u043d \u0431\u044b\u0442\u044c \u043e\u0442\u0432\u0435\u0440\u0436\u0434\u0435\u043d\u043d\u043e\u0439. \u0421\u043c\u0435\u0441\u044c \u043f\u0435\u0440\u0432\u043e\u043d\u0430\u0447\u0430\u043b\u044c\u043d\u043e \u043d\u0430\u043d\u043e\u0441\u0438\u0442\u044c\u0441\u044f \u0441\u043e \u0448\u043f\u0430\u0442\u0435\u043b\u044f\u043c \u0440\u0430\u0432\u043d\u043e\u043c\u0435\u0440\u043d\u043e, \u043f\u0430\u0440\u0430\u043b\u043b\u0435\u043b\u044c\u043d\u043e, \u0430 \u043f\u043e\u0442\u043e\u043c \u043d\u0430\u043f\u043e\u043b\u043d\u044f\u0435\u0442\u0441\u044f \u0434\u0438\u0430\u0433\u043e\u043d\u0430\u043b\u044c\u043d\u044b\u043c\u0438 \u0434\u0432\u0438\u0436\u0435\u043d\u0438\u044f\u043c\u0438 \u0438 \u043b\u0438\u0448\u043d\u0435\u0435 \u0443\u0434\u0430\u043b\u044f\u0435\u0442\u0441\u044f \u0441 \u043f\u043e\u0432\u0435\u0440\u0445\u043d\u043e\u0441\u0442\u0438. \u0421\u043e\u043e\u0442\u0432\u0435\u0442\u0441\u0442\u0432\u0435\u043d\u043d\u043e \u0442\u0435\u043c\u043f\u0435\u0440\u0430\u0442\u0443\u0440\u044b \u043e\u043a\u0440\u0443\u0436\u0430\u044e\u0449\u0435\u0439 \u0441\u0440\u0435\u0434\u044b \u043f\u043e\u0441\u043b\u0435 \u043f\u043e\u0442\u0435\u0440\u0438 \u0432\u043b\u0430\u0436\u043d\u043e\u0441\u0442\u0438 \u0441\u043c\u0435\u0441\u0438, \u043d\u043e \u043d\u0435 \u0434\u043e \u043e\u043a\u043e\u043d\u0447\u0430\u0442\u0435\u043b\u044c\u043d\u043e\u0433\u043e \u043e\u0441\u0443\u0448\u0435\u043d\u0438\u044f, (\u043f\u043e\u0441\u043b\u0435 20 \u2013 30 \u043c\u0438\u043d\u0443\u0442) \u043f\u043e\u0432\u0435\u0440\u0445\u043d\u043e\u0441\u0442\u044c \u043d\u0435\u043e\u0431\u0445\u043e\u0434\u0438\u043c\u043e \u043e\u0447\u0438\u0441\u0442\u0438\u0442\u044c\u0441\u044f \u0432\u043b\u0430\u0436\u043d\u043e\u043c \u043f\u043b\u0430\u0442\u043a\u043e\u043c. \u041e\u0441\u0442\u0430\u0432\u0448\u0438\u0435\u0441\u044f \u043d\u0430 \u043f\u043e\u0432\u0435\u0440\u0445\u043d\u043e\u0441\u0442\u0438 \u043e\u0441\u0442\u0430\u0442\u043a\u0438 \u043d\u0435\u043e\u0431\u0445\u043e\u0434\u0438\u043c\u043e \u0441\u0442\u0435\u0440\u0435\u0442\u044c \u0441\u0443\u0445\u043e\u043c \u043f\u043b\u0430\u0442\u044c\u0435\u043c \u043f\u0440\u0435\u0436\u0434\u0435, \u0442\u043e\u0433\u043e \u043a\u0430\u043a \u0441\u043c\u0435\u0441\u044c BEYFIX \u0432\u044b\u0441\u043e\u0445\u043d\u0435\u0442. \u0427\u0442\u043e\u0431\u044b \u0446\u0432\u0435\u0442\u043d\u044b\u0435 \u0448\u043f\u0430\u0442\u043b\u0435\u0432\u043a\u0438 \u043d\u0435 \u043f\u043e\u0432\u0440\u0435\u0434\u0438\u043b\u0438\u0441\u044c, \u043d\u0435\u043b\u044c\u0437\u044f \u0443\u043f\u043e\u0442\u0440\u0435\u0431\u043b\u044f\u0442\u044c \u043f\u0440\u0435\u043f\u0430\u0440\u0430\u0442\u044b \u0442\u0430\u043a\u0438\u0435 \u043a\u0430\u043a \u043e\u0442\u0431\u0435\u043b\u0438\u0432\u0430\u0442\u0435\u043b\u044c, \u0441\u043e\u043b\u044f\u043d\u043e\u0439 \u0441\u043f\u0438\u0440\u0442, \u0441\u0440\u0435\u0434\u0441\u0442\u0432\u043e \u0434\u043b\u044f \u0443\u0434\u0430\u043b\u0435\u043d\u0438\u044f \u0438\u0437\u0432\u0435\u0441\u0442\u0438.<\/p>\n<p><strong>\u0423\u041f\u0410\u041a\u041e\u0412\u041a\u0410<\/strong><\/p>\n<p>\u041a\u0440\u0430\u0444\u0442-\u043c\u0435\u0448\u043e\u043a \u0451\u043c\u043a\u043e\u0441\u0442\u044c\u044e 20 \u043a\u0433. (\u0410\u0440\u043c\u0438\u0440\u043e\u0432\u0430\u043d\u043d\u044b\u0439 \u043f\u043e\u043b\u0438\u044d\u0442\u0438\u043b\u0435\u043d\u043e\u043c) 80 \u043c\u0435\u0448\u043a\u043e\u0432 \u0432 \u043f\u043e\u0434\u0434\u043e\u043d\u0435 (106\u0445106 \u0441\u043c)<\/p>\n<p><strong>\u0425\u0420\u0410\u041d\u0415\u041d\u0418\u0415 \u0418 \u0421\u0420\u041e\u041a \u0413\u041e\u0414\u041d\u041e\u0421\u0422\u0418<\/strong><\/p>\n<p>\u0412 \u043f\u0440\u043e\u0445\u043b\u0430\u0434\u043d\u043e\u043c \u0438 \u0441\u0443\u0445\u043e\u043c \u043c\u0435\u0441\u0442\u0435 \u0432 \u043d\u0435\u043e\u0442\u043a\u0440\u044b\u0442\u043e\u0439 \u043e\u0440\u0438\u0433\u0438\u043d\u0430\u043b\u044c\u043d\u043e\u0439 \u0443\u043f\u0430\u043a\u043e\u0432\u043a\u0435. \u0421\u043b\u0435\u0434\u0443\u0435\u0442 \u0440\u0430\u0437\u043c\u0435\u0441\u0442\u0438\u0442\u044c \u043d\u0435 \u0431\u043e\u043b\u044c\u0448\u0435 2 \u043f\u043e\u0434\u0434\u043e\u043d\u0430 \u043e\u0434\u0438\u043d \u043d\u0430\u0434 \u0434\u0440\u0443\u0433\u0438\u043c. \u0421\u0440\u043e\u043a \u0433\u043e\u0434\u043d\u043e\u0441\u0442\u0438 \u0432 \u043f\u043e\u0434\u0445\u043e\u0434\u044f\u0449\u0438\u0445 \u0443\u0441\u043b\u043e\u0432\u0438\u044f\u0445 \u0445\u0440\u0430\u043d\u0435\u043d\u0438\u044f 12 \u043c\u0435\u0441\u044f\u0446\u0435\u0432 \u0441 \u0434\u0430\u0442\u044b \u043f\u0440\u043e\u0438\u0437\u0432\u043e\u0434\u0441\u0442\u0432\u0430.<\/p>\n<p><strong>\u0421\u0422\u0410\u041d\u0414\u0410\u0420\u0422 \u041a\u0410\u0427\u0415\u0421\u0422\u0412\u0410<\/strong><\/p>\n<p>\u0421\u043e\u043e\u0442\u0432\u0435\u0442\u0441\u0442\u0432\u0443\u0435\u0442 \u0441\u0442\u0430\u043d\u0434\u0430\u0440\u0442\u0443 TS EN 13888 \u043a\u043b\u0430\u0441\u0441 CG1.<\/p>\n<p>C: \u041d\u0430 \u0446\u0435\u043c\u0435\u043d\u0442\u043d\u043e\u0439 \u043e\u0441\u043d\u043e\u0432\u0435<\/p>\n<p>G: \u0417\u0430\u0442\u0438\u0440\u043a\u0430 \u0448\u0432\u043e\u0432<\/p>\n<p>1: \u0421\u0442\u0430\u043d\u0434\u0430\u0440\u0442\u043d\u0430\u044f \u0443\u0440\u043e\u0432\u0435\u043d\u044c \u043f\u0440\u043e\u0438\u0437\u0432\u043e\u0434\u0438\u0442\u0435\u043b\u044c\u043d\u043e\u0441\u0442\u0438<\/p>\n<p>\u0421\u043e\u043e\u0442\u0432\u0435\u0442\u0441\u0442\u0432\u0443\u0435\u0442 \u0443\u0432\u0435\u0434\u043e\u043c\u043b\u0435\u043d\u0438\u044f CE<\/p>\n\n<table id=\"tablepress-5\" class=\"tablepress tablepress-id-5\">\n<tbody class=\"row-hover\">\n<tr class=\"row-1 odd\">\n\t<td class=\"column-1\">\u0412\u043d\u0435\u0448\u043d\u0438\u0439 \u0432\u0438\u0434<\/td><td class=\"column-2\">\u0411\u0435\u043b\u044b\u0439 \u0438\u043b\u0438 \u0441\u0435\u0440\u044b\u0439 \u043f\u043e\u0440\u043e\u0448\u043e\u043a<\/td>\n<\/tr>\n<tr class=\"row-2 even\">\n\t<td class=\"column-1\">\u041f\u0440\u043e\u043f\u043e\u0440\u0446\u0438\u044f \u0441\u043c\u0435\u0448\u0438\u0432\u0430\u043d\u0438\u044f<\/td><td class=\"column-2\">6-6.5 lt \u0432\u043e\u0434\u044b \/ 20 kg \u043f\u043e\u0440\u043e\u0448\u043a\u0430<\/td>\n<\/tr>\n<tr class=\"row-3 odd\">\n\t<td class=\"column-1\">\u0420\u0430\u0441\u0445\u043e\u0434 \u043c\u0430\u0442\u0435\u0440\u0438\u0430\u043b\u043e\u0432<\/td><td class=\"column-2\">\u041f\u0435\u0440\u0435\u043c\u0435\u043d\u044f\u0435\u043c\u043e\u0435\n(\u0421\u043c. \u0442\u0430\u0431\u043b\u0438\u0446\u0443 \u0437\u0430\u0442\u0438\u0440\u043a\u0438 \u0432 \u043a\u0430\u0442\u0430\u043b\u043e\u0433)<\/td>\n<\/tr>\n<tr class=\"row-4 even\">\n\t<td class=\"column-1\">\u0422\u0435\u043c\u043f\u0435\u0440\u0430\u0442\u0443\u0440\u0430 \u043f\u0440\u0438\u043c\u0435\u043d\u0435\u043d\u0438\u044f<\/td><td class=\"column-2\">\u041c\u0435\u0436\u0434\u0443 +5\u00b0C \u0438 +35\u00b0C<\/td>\n<\/tr>\n<tr class=\"row-5 odd\">\n\t<td class=\"column-1\">\u0412\u0440\u0435\u043c\u044f \u043e\u0431\u0440\u0430\u0431\u043e\u0442\u043a\u0438<\/td><td class=\"column-2\">35-40 \u043c\u0438\u043d\u0443\u0442<\/td>\n<\/tr>\n<tr class=\"row-6 even\">\n\t<td class=\"column-1\">\u0412\u0440\u0435\u043c\u044f \u0432\u044b\u0434\u0435\u0440\u0436\u043a\u0438 \u0432 \u043a\u043e\u0440\u043e\u0431\u043a\u0435<\/td><td class=\"column-2\">1 \u0447\u0430\u0441<\/td>\n<\/tr>\n<tr class=\"row-7 odd\">\n\t<td class=\"column-1\">\u0412\u0440\u0435\u043c\u044f \u043e\u0442\u043a\u0440\u044b\u0442\u0438\u044f \u0434\u0432\u0438\u0436\u0435\u043d\u0438\u044f\n\u043f\u043e \u0434\u043e\u0440\u043e\u0433\u0435<\/td><td class=\"column-2\">24 \u0447\u0430\u0441\u0430<\/td>\n<\/tr>\n<tr class=\"row-8 even\">\n\t<td class=\"column-1\">\u0422\u0435\u0440\u043c\u043e\u0443\u0441\u0442\u043e\u0439\u0447\u0438\u0432\u043e\u0441\u0442\u044c<\/td><td class=\"column-2\">-30\u00b0C \u0438 +80\u00b0C<\/td>\n<\/tr>\n<tr class=\"row-9 odd\">\n\t<td class=\"column-1\">\u041f\u0440\u043e\u0447\u043d\u043e\u0441\u0442\u044c \u0433\u0438\u0431\u043a\u043e\u0441\u0442\u0438<\/td><td class=\"column-2\">\u22652,5 N\/mm2<\/td>\n<\/tr>\n<tr class=\"row-10 even\">\n\t<td class=\"column-1\">\u041f\u0440\u043e\u0447\u043d\u043e\u0441\u0442\u044c \u0434\u0430\u0432\u043b\u0435\u043d\u0438\u044f<\/td><td class=\"column-2\">\u2265 15 N\/mm2<\/td>\n<\/tr>\n<tr class=\"row-11 odd\">\n\t<td class=\"column-1\">\u041f\u0440\u043e\u0447\u043d\u043e\u0441\u0442\u044c \u0432\u044b\u043d\u0430\u0448\u0438\u0432\u0430\u043d\u0438\u044f<\/td><td class=\"column-2\">\u2264 2000 mm3<\/td>\n<\/tr>\n<tr class=\"row-12 even\">\n\t<td class=\"column-1\">\u0423\u0441\u0430\u0434\u043a\u0430<\/td><td class=\"column-2\">\u2264 3 mm\/m2<\/td>\n<\/tr>\n<tr class=\"row-13 odd\">\n\t<td class=\"column-1\">\u0412\u043f\u0438\u0442\u044b\u0432\u0430\u043d\u0438\u044f \u0432\u043e\u0434\u044b<\/td><td class=\"column-2\">30 \u043c\u0438\u043d. \u2264 5 g, 240 \u043c\u0438\u043d. \u2264 10 g<\/td>\n<\/tr>\n<\/tbody>\n<\/table>\n<!-- #tablepress-5 from cache -->","protected":false},"excerpt":{"rendered":"<p>TANIMI \u00c7imento esasl\u0131,seramik ve fayanslar i\u00e7in derz dolgu harc\u0131d\u0131r. KULLANIM ALANLARI \u0130\u00e7 mekanlarda, seramik, fayans,do\u011fal ta\u015f,pres tu\u011fla,cam mozaik,granit gibi kaplama malzemelerinin yatay ve d\u00fc\u015fey derzlerinde, d\u0131\u015f mekanlarda yatay derzlerinde kullan\u0131l\u0131r. 1-6mm geni\u015flik aral\u0131\u011f\u0131ndaki derzler i\u00e7in g\u00fcvenle kullan\u0131l\u0131r. AVANTAJLARI 6mm\u2019ye kadar olan derzlerde donduktan sonra \u00e7atlama yapmaz. Kolay haz\u0131rlan\u0131r ve uygulan\u0131r. P\u00fcr\u00fczs\u00fcz y\u00fczey sa\u011flar. A\u015f\u0131nmaya dayan\u0131kl\u0131d\u0131r. [&hellip;]<\/p>","protected":false},"featured_media":1544,"comment_status":"open","ping_status":"closed","template":"","meta":[],"product_cat":[69,70],"product_tag":[],"_links":{"self":[{"href":"http:\/\/www.beyfix.com\/ru\/wp-json\/wp\/v2\/product\/2627"}],"collection":[{"href":"http:\/\/www.beyfix.com\/ru\/wp-json\/wp\/v2\/product"}],"about":[{"href":"http:\/\/www.beyfix.com\/ru\/wp-json\/wp\/v2\/types\/product"}],"replies":[{"embeddable":true,"href":"http:\/\/www.beyfix.com\/ru\/wp-json\/wp\/v2\/comments?post=2627"}],"wp:featuredmedia":[{"embeddable":true,"href":"http:\/\/www.beyfix.com\/ru\/wp-json\/wp\/v2\/media\/1544"}],"wp:attachment":[{"href":"http:\/\/www.beyfix.com\/ru\/wp-json\/wp\/v2\/media?parent=2627"}],"wp:term":[{"taxonomy":"product_cat","embeddable":true,"href":"http:\/\/www.beyfix.com\/ru\/wp-json\/wp\/v2\/product_cat?post=2627"},{"taxonomy":"product_tag","embeddable":true,"href":"http:\/\/www.beyfix.com\/ru\/wp-json\/wp\/v2\/product_tag?post=2627"}],"curies":[{"name":"wp","href":"https:\/\/api.w.org\/{rel}","templated":true}]}}