{"id":391,"date":"2019-01-11T01:30:19","date_gmt":"2019-01-10T22:30:19","guid":{"rendered":"http:\/\/www.nescoat.com\/?post_type=portfolio&#038;p=391"},"modified":"2022-03-22T17:03:35","modified_gmt":"2022-03-22T14:03:35","slug":"beyfix-kendiliginden-yayilan-tesviye-sapi","status":"publish","type":"product","link":"http:\/\/www.beyfix.com\/ru\/magaza\/yapi-kimyasallari\/endustriyel-zemin-urunleri\/beyfix-kendiliginden-yayilan-tesviye-sapi\/","title":{"rendered":"\u0421\u0410\u041c\u041e\u0412\u042b\u0420\u0410\u0412\u041d\u0418\u0412\u0410\u042e\u0429\u0410\u042f\u0421\u042f\n\u0421\u0422\u042f\u0416\u041a\u0410"},"content":{"rendered":"<p><strong>\u041e\u041f\u0418\u0421\u0410\u041d\u0418\u0415<\/strong><br \/>\n\u0421\u0430\u043c\u043e\u0432\u044b\u0440\u0430\u0432\u043d\u0438\u0432\u0430\u044e\u0449\u0430\u044f\u0441\u044f \u0441\u0442\u044f\u0436\u043a\u0430 \u043d\u0430 \u0446\u0435\u043c\u0435\u043d\u0442\u043d\u043e\u0439 \u043e\u0441\u043d\u043e\u0432\u0435.<br \/>\n<strong>\u041c\u0415\u0421\u0422\u041e \u0418\u0421\u041f\u041e\u041b\u042c\u0417\u041e\u0412\u0410\u041d\u0418\u042f<\/strong><br \/>\n\u041f\u0440\u0438\u043c\u0435\u043d\u044f\u0435\u0442\u0441\u044f \u0432 \u043a\u0430\u0447\u0435\u0441\u0442\u0432\u0435 \u0432\u044b\u0440\u0430\u0432\u043d\u0438\u0432\u0430\u044e\u0449\u0435\u0439 \u0441\u0442\u044f\u0436\u043a\u0438 (\u043f\u043e\u0434 \u043a\u0435\u0440\u0430\u043c\u0438\u0447\u0435\u0441\u043a\u0438\u043c\u0438, \u043c\u0440\u0430\u043c\u043e\u0440\u043d\u044b\u043c\u0438, \u043d\u0430\u0442\u0443\u0440\u0430\u043b\u044c\u043d\u044b\u043c\u0438 \u043a\u0430\u043c\u0435\u043d\u043d\u044b\u043c\u0438, \u043f\u0430\u0440\u043a\u0435\u0442\u043d\u044b\u043c\u0438, \u043a\u043e\u0432\u0440\u043e\u0432\u044b\u043c\u0438 \u0438 \u041f\u0412\u0425-\u043f\u043e\u043a\u0440\u044b\u0442\u0438\u044f\u043c\u0438) \u043f\u0435\u0440\u0435\u0434 \u043e\u043a\u043e\u043d\u0447\u0430\u0442\u0435\u043b\u044c\u043d\u044b\u043c \u0441\u043b\u043e\u0435\u043c \u0431\u0435\u0442\u043e\u043d\u043d\u044b\u0445 \u043f\u043e\u043b\u043e\u0432 \u0438 \u0441\u0442\u044f\u0436\u043a\u0430\u043c\u0438 \u043d\u0430 \u0446\u0435\u043c\u0435\u043d\u0442\u043d\u043e\u0439 \u043e\u0441\u043d\u043e\u0432\u0435 \u043d\u0430 \u043f\u043e\u043b\u0443 \u0432\u043d\u0443\u0442\u0440\u0438 \u043f\u043e\u043c\u0435\u0449\u0435\u043d\u0438\u0439.<br \/>\n<strong>\u041f\u0420\u0415\u0418\u041c\u0423\u0429\u0415\u0421\u0422\u0412\u0410<\/strong><br \/>\n\u041b\u0435\u0433\u043a\u043e \u0438\u0437\u0433\u043e\u0442\u043e\u0432\u043b\u044f\u0435\u0442\u0441\u044f \u0438 \u043f\u0440\u0438\u043c\u0435\u043d\u044f\u0435\u0442\u0441\u044f. \u0421\u0430\u043c\u043e \u0432\u044b\u0440\u0430\u0432\u043d\u0438\u0432\u0430\u0435\u0442\u0441\u044f \u0438 \u0432\u0437\u0432\u0435\u0448\u0438\u0432\u0430\u0435\u0442\u0441\u044f. \u041c\u043e\u0436\u043d\u043e \u043d\u0430\u043a\u0430\u0447\u0438\u0432\u0430\u0442\u044c.<br \/>\n<strong>\u041f\u041e\u0414\u0413\u041e\u0422\u041e\u0412\u041a\u0410 \u041f\u041e\u0412\u0415\u0420\u0425\u041d\u041e\u0421\u0422\u0418<\/strong><br \/>\n\u041f\u043e\u0432\u0435\u0440\u0445\u043d\u043e\u0441\u0442\u044c \u043d\u0430\u043d\u0435\u0441\u0435\u043d\u0438\u044f \u0434\u043e\u043b\u0436\u043d\u0430 \u0431\u044b\u0442\u044c \u0447\u0438\u0441\u0442\u043e\u0439 \u0438 \u0441\u0432\u043e\u0431\u043e\u0434\u043d\u043e\u0439 \u043e\u0442\n\u0440\u044b\u0445\u043b\u044b\u0445 \u043f\u043e\u0432\u0435\u0440\u0445\u043d\u043e\u0441\u0442\u0435\u0439 \u0438 \u043f\u044b\u043b\u0438, \u043a\u043e\u0442\u043e\u0440\u044b\u0435 \u043c\u043e\u0433\u0443\u0442 \u043f\u0440\u0435\u043f\u044f\u0442\u0441\u0442\u0432\u043e\u0432\u0430\u0442\u044c\n\u043f\u0440\u0438\u043b\u0438\u043f\u0430\u043d\u0438\u044e. \u041f\u043e\u0432\u0440\u0435\u0436\u0434\u0435\u043d\u043d\u044b\u0435 \u043f\u043e\u0432\u0435\u0440\u0445\u043d\u043e\u0441\u0442\u0438, \u0442\u0440\u0435\u0449\u0438\u043d\u044b \u0438 \u0438\u0437\u043b\u043e\u043c\u044b\n\u043d\u0435\u043e\u0431\u0445\u043e\u0434\u0438\u043c\u043e \u043f\u0440\u0435\u0434\u0432\u0430\u0440\u0438\u0442\u0435\u043b\u044c\u043d\u043e \u043e\u0442\u0440\u0435\u043c\u043e\u043d\u0442\u0438\u0440\u043e\u0432\u0430\u0442\u044c. \u0426\u0435\u043c\u0435\u043d\u0442\u043d\u044b\u0435\n\u043f\u043e\u043b\u044b \u043f\u0435\u0440\u0435\u0434 \u043d\u0430\u043d\u0435\u0441\u0435\u043d\u0438\u0435\u043c \u0441\u043c\u0430\u0447\u0438\u0432\u0430\u044e\u0442\u0441\u044f \u0432\u043e\u0434\u043e\u0439, \u0430 \u0437\u0430\u0442\u0435\u043c \u0433\u0440\u0443\u043d\u0442\u0443\u044e\u0442\u0441\u044f\n\u0443\u043d\u0438\u0432\u0435\u0440\u0441\u0430\u043b\u044c\u043d\u043e\u0439 \u0433\u0440\u0443\u043d\u0442\u043e\u0432\u043a\u0438<br \/>\n<strong>\u0418\u041d\u0421\u0422\u0420\u0423\u041a\u0426\u0418\u0418 \u041f\u041e \u041f\u041e\u041b\u042c\u0417\u041e\u0412\u0410\u041d\u0418\u042e<\/strong><br \/>\n25 \u043a\u0433 \u043e\u0442 \u0441\u0430\u043c\u043e\u0432\u044b\u0440\u0430\u0432\u043d\u0438\u0432\u0430\u044e\u0449\u0435\u0439\u0441\u044f \u0441\u0442\u044f\u0436\u043a\u0438 BEYFIX \u043f\u0440\u0438 \u0442\u0435\u043c\u043f\u0435\u0440\u0430\u0442\u0443\u0440\u0435 \u043e\u043a\u0440\u0443\u0436\u0430\u044e\u0449\u0435\u0439 \u0441\u0440\u0435\u0434\u044b \u043e\u0442 + 5 \u00b0 C \u0434\u043e + 35 \u00b0 C \u043c\u0435\u0434\u043b\u0435\u043d\u043d\u043e \u043e\u0442\u0441\u044b\u043f\u0430\u0435\u0442\u0441\u044f \u0432 \u0432\u043e\u0434\u0435 7-7,5 \u043b\u0438\u0442\u0440\u043e\u0432 \u0438 \u043f\u0435\u0440\u0435\u043c\u0435\u0448\u0438\u0432\u0430\u0435\u0442\u0441\u044f \u0441 \u043d\u0438\u0437\u043a\u043e\u0441\u043a\u043e\u0440\u043e\u0441\u0442\u043d\u044b\u043c \u043c\u0438\u043a\u0441\u0435\u0440\u043e\u043c (400- 600 \u043e\u0431 \/ \u043c\u0438\u043d) \u0434\u043e \u043f\u043e\u043b\u0443\u0447\u0435\u043d\u0438\u044f \u043e\u0434\u043d\u043e\u0440\u043e\u0434\u043d\u043e\u0439 \u0441\u043c\u0435\u0441\u0438. \u041f\u043e\u0441\u043b\u0435 \u0442\u043e\u0433\u043e, \u043a\u0430\u043a \u043f\u0440\u0438\u0433\u043e\u0442\u043e\u0432\u043b\u0435\u043d\u043d\u0430\u044f \u0441\u043c\u0435\u0441\u044c \u0432\u044b\u0434\u0435\u0440\u0436\u0438\u0442\u0441\u044f \u0432 \u0442\u0435\u0447\u0435\u043d\u0438\u0438 5-10 \u043c\u0438\u043d\u0443\u0442, \u043f\u0440\u0435\u0436\u0434\u0435 \u043f\u0440\u0438\u043c\u0435\u043d\u0435\u043d\u0438\u044f \u0435\u0451 \u043d\u0443\u0436\u043d\u043e \u043f\u0435\u0440\u0435\u043c\u0435\u0448\u0438\u0432\u0430\u0442\u044c \u0435\u0449\u0435 1-2 \u043c\u0438\u043d\u0443\u0442\u044b. \u0421\u043c\u0435\u0441\u044c \u043d\u0430\u043d\u043e\u0441\u0438\u0442\u0441\u044f \u043d\u0430 \u043f\u043e\u0432\u0435\u0440\u0445\u043d\u043e\u0441\u0442\u044c \u0432 \u0442\u0435\u0447\u0435\u043d\u0438\u0435 20 \u043c\u0438\u043d\u0443\u0442 \u0437\u0443\u0431\u0447\u0430\u0442\u044b\u043c \u0448\u043f\u0430\u0442\u0435\u043b\u0435\u043c \u0438\u043b\u0438 \u0440\u0435\u0437\u0438\u043d\u043e\u0432\u044b\u043c \u0440\u0430\u043a\u0435\u043b\u0435\u043c. \u0414\u043b\u044f \u043f\u043e\u043b\u0443\u0447\u0435\u043d\u0438\u044f \u0433\u043b\u0430\u0434\u043a\u043e\u0433\u043e \u0438 \u043f\u0440\u043e\u0447\u043d\u043e\u0433\u043e \u043f\u043e\u043a\u0440\u044b\u0442\u0438\u044f \u0442\u0440\u0435\u0431\u0443\u0435\u0442\u0441\u044f \u043d\u0435\u043f\u0440\u0435\u0440\u044b\u0432\u043d\u043e\u0435 \u043d\u0430\u043d\u0435\u0441\u0435\u043d\u0438\u0435. \u0412 \u0437\u0430\u0432\u0438\u0441\u0438\u043c\u043e\u0441\u0442\u0438 \u043e\u0442 \u0440\u0430\u0437\u043c\u0435\u0440\u0430 \u043e\u0431\u043b\u0430\u0441\u0442\u0438 \u043d\u0430\u043d\u0435\u0441\u0435\u043d\u0438\u044f \u0441\u043b\u0435\u0434\u0443\u0435\u0442 \u043f\u0440\u0438\u0433\u043e\u0442\u043e\u0432\u0438\u0442\u044c \u0431\u043e\u043b\u0435\u0435 \u043e\u0434\u043d\u043e\u0439 \u0441\u043c\u0435\u0441\u0438, \u0430 \u0446\u0435\u043b\u043e\u0441\u0442\u043d\u043e\u0441\u0442\u044c \u043f\u043e\u0432\u0435\u0440\u0445\u043d\u043e\u0441\u0442\u0438 \u0441\u043b\u0435\u0434\u0443\u0435\u0442 \u043e\u0431\u0435\u0441\u043f\u0435\u0447\u0438\u0442\u044c \u043f\u0443\u0442\u0435\u043c \u043d\u0430\u043b\u0438\u0432\u0430\u043d\u0438\u044f \u044d\u0442\u043e\u0439 \u0441\u043c\u0435\u0441\u0438 \u043d\u0430 \u043f\u043e\u043b \u0434\u043b\u044f \u0443\u043a\u043b\u0430\u0434\u043a\u0438 \u043e\u0434\u043d\u0443 \u0437\u0430 \u0434\u0440\u0443\u0433\u043e\u0439. \u0412\u043e \u0432\u0440\u0435\u043c\u044f \u0441\u0445\u0432\u0430\u0442\u044b\u0432\u0430\u043d\u0438\u044f \u043d\u0435\u043b\u044c\u0437\u044f \u0434\u043e\u0431\u0430\u0432\u043b\u044f\u0442\u044c \u0432\u043e\u0434\u0443, \u0438 \u0441\u043b\u0435\u0434\u0443\u0435\u0442 \u043e\u0442\u0431\u0438\u0440\u0430\u0442\u044c \u0432\u043e\u0437\u0434\u0443\u0445 \u0441 \u043f\u043e\u0432\u0435\u0440\u0445\u043d\u043e\u0441\u0442\u0438 \u043f\u043e\u043c\u043e\u0449\u044c\u044e \u0438\u0433\u043e\u043b\u044c\u0447\u0430\u0442\u043e\u0433\u043e \u0432\u0430\u043b\u0438\u043a\u0430. \u0421\u0430\u043c\u043e\u0432\u044b\u0440\u0430\u0432\u043d\u0438\u0432\u0430\u044e\u0449\u0430\u044f\u0441\u044f \u0441\u0442\u044f\u0436\u043a\u0430 BEYFIX \u0434\u043e\u043b\u0436\u043d\u0430 \u0431\u044b\u0442\u044c \u0437\u0430\u0449\u0438\u0449\u0435\u043d\u0430 \u043e\u0442 \u0431\u044b\u0441\u0442\u0440\u043e\u0439 \u043f\u043e\u0442\u0435\u0440\u0438 \u0432\u043e\u0434\u044b \u0432 \u0437\u0430\u0432\u0438\u0441\u0438\u043c\u043e\u0441\u0442\u0438 \u043e\u0442 \u043f\u043e\u0433\u043e\u0434\u043d\u044b\u0445 \u0443\u0441\u043b\u043e\u0432\u0438\u0439. \u041f\u043e\u0441\u043b\u0435 \u043d\u0430\u043d\u0435\u0441\u0435\u043d\u0438\u044f \u043d\u0435\u043e\u0431\u0445\u043e\u0434\u0438\u043c\u043e \u0432\u044b\u0434\u0435\u0440\u0436\u0430\u0442\u044c \u043d\u0435 \u043c\u0435\u043d\u0435\u0435 3 \u0434\u043d\u0435\u0439 \u0434\u043b\u044f \u0447\u0443\u0432\u0441\u0442\u0432\u0438\u0442\u0435\u043b\u044c\u043d\u043e\u0441\u0442\u0438 \u0432\u043b\u0430\u0433\u0438 \u043f\u043e\u043a\u0440\u044b\u0442\u0438\u044f (\u043d\u0430\u043f\u043e\u043b\u044c\u043d\u043e\u0435 \u043f\u043e\u043a\u0440\u044b\u0442\u0438\u0435 \u0438\u0437 \u041f\u0412\u0425, \u043b\u0438\u043d\u043e\u043b\u0435\u0443\u043c, \u043f\u0430\u0440\u043a\u0435\u0442, \u043a\u043e\u0432\u0440\u043e\u043b\u0438\u043d \u0438 \u0442. \u0434.).<br \/>\n<strong>\u0423\u041f\u0410\u041a\u041e\u0412\u041a\u0410<\/strong><br \/>\n\u041a\u0440\u0430\u0444\u0442-\u043c\u0435\u0448\u043e\u043a \u0451\u043c\u043a\u043e\u0441\u0442\u044c\u044e 20 \u043a\u0433. (\u0410\u0440\u043c\u0438\u0440\u043e\u0432\u0430\u043d\u043d\u044b\u0439 \u043f\u043e\u043b\u0438\u044d\u0442\u0438\u043b\u0435\u043d\u043e\u043c)<br \/>\n\u0412 \u043e\u0434\u043d\u043e\u043c \u043f\u043e\u0434\u0434\u043e\u043d\u0435 \u0438\u043c\u0435\u044e\u0442\u0441\u044f 64 \u043c\u0435\u0448\u043a\u0430 (106\u0445106 \u0441\u043c).<br \/>\n<strong>\u0425\u0420\u0410\u041d\u0415\u041d\u0418\u0415 \u0418 \u0421\u0420\u041e\u041a \u0413\u041e\u0414\u041d\u041e\u0421\u0422\u0418<\/strong><br \/>\n\u0425\u0440\u0430\u043d\u0438\u0442\u044c\u0441\u044f \u0432 \u043d\u0435\u043e\u0442\u043a\u0440\u044b\u0442\u043e\u0439 \u043e\u0440\u0438\u0433\u0438\u043d\u0430\u043b\u044c\u043d\u043e\u0439 \u0443\u043f\u0430\u043a\u043e\u0432\u043a\u0435, \u0432 \u043f\u0440\u043e\u0445\u043b\u0430\u0434\u043d\u043e\u043c \u0438 \u0441\u0443\u0445\u043e\u043c \u043c\u0435\u0441\u0442\u0435, \u043d\u043e \u043d\u0443\u0436\u043d\u043e \u0440\u0430\u0437\u043c\u0435\u0449\u0430\u0442\u044c \u043d\u0430\u0438\u0431\u043e\u043b\u0435\u0435 2 \u043f\u043e\u0434\u0434\u043e\u043d\u0430 \u043e\u0434\u0438\u043d \u043d\u0430\u0434 \u0434\u0440\u0443\u0433\u0438\u043c. \u041f\u0440\u0438 \u0441\u043e\u0431\u043b\u044e\u0434\u0435\u043d\u0438\u0435\u043c \u0443\u0441\u043b\u043e\u0432\u0438\u0439 \u0445\u0440\u0430\u043d\u0435\u043d\u0438\u044f \u0441\u0440\u043e\u043a \u0433\u043e\u0434\u043d\u043e\u0441\u0442\u0438 12 \u043c\u0435\u0441\u044f\u0446\u0435\u0432 \u043f\u043e\u0441\u043b\u0435 \u043f\u0440\u043e\u0438\u0437\u0432\u043e\u0434\u0441\u0442\u0432\u0435\u043d\u043d\u043e\u0439 \u0434\u0430\u0442\u044b.<br \/>\n<strong>\u041f\u0420\u0410\u0412\u0418\u041b\u0410 \u0422\u0415\u0425\u041d\u0418\u041a\u0418 \u0411\u0415\u0417\u041e\u041f\u0410\u0421\u041d\u041e\u0421\u0422\u0418<\/strong><br \/>\n\u0412\u043e \u0432\u0440\u0435\u043c\u044f \u0438\u0441\u043f\u043e\u043b\u044c\u0437\u043e\u0432\u0430\u043d\u0438\u044f \u0441\u043b\u0435\u0434\u0443\u0435\u0442 \u0438\u0441\u043f\u043e\u043b\u044c\u0437\u043e\u0432\u0430\u0442\u044c \u043f\u0435\u0440\u0447\u0430\u0442\u043a\u0438. \u041f\u043e\u0441\u043b\u0435 \u043a\u043e\u043d\u0442\u0430\u043a\u0442\u0430 \u0441 \u043f\u0440\u0435\u043f\u0430\u0440\u0430\u0442\u043e\u043c, \u0441\u043b\u0435\u0434\u0443\u0435\u0442 \u043f\u0440\u043e\u043c\u044b\u0442\u044c \u043f\u043e\u0440\u0430\u0436\u0435\u043d\u043d\u044b\u0439 \u0443\u0447\u0430\u0441\u0442\u043e\u043a \u0441 \u0431\u043e\u043b\u044c\u0448\u0438\u043c \u043a\u043e\u043b\u0438\u0447\u0435\u0441\u0442\u0432\u043e\u043c \u0432\u043e\u0434\u044b. \u041f\u0440\u0438 \u043f\u0440\u043e\u0433\u043b\u0430\u0442\u044b\u0432\u0430\u043d\u0438\u0438 \u043d\u0435\u043c\u0435\u0434\u043b\u0435\u043d\u043d\u043e \u043e\u0431\u0440\u0430\u0442\u0438\u0442\u0435\u0441\u044c \u043a \u0432\u0440\u0430\u0447\u0443.<br \/>\n<strong>\u0421\u0422\u0410\u041d\u0414\u0410\u0420\u0422 \u041a\u0410\u0427\u0415\u0421\u0422\u0412\u0410<\/strong><br \/>\n\u0421\u043e\u043e\u0442\u0432\u0435\u0442\u0441\u0442\u0432\u0443\u0435\u0442 \u0441\u0442\u0430\u043d\u0434\u0430\u0440\u0442\u0443 TS EN 13813 \/ \u0434\u0435\u043a\u0430\u0431\u0440\u044f 2004 \u0433\u043e\u0434\u0430. \u0421\u043e\u043e\u0442\u0432\u0435\u0442\u0441\u0442\u0432\u0443\u0435\u0442 \u0443\u0432\u0435\u0434\u043e\u043c\u043b\u0435\u043d\u0438\u044e CE..<\/p>\n\n<table id=\"tablepress-14\" class=\"tablepress tablepress-id-14\">\n<tbody class=\"row-hover\">\n<tr class=\"row-1 odd\">\n\t<td class=\"column-1\">\u0412\u043d\u0435\u0448\u043d\u0438\u0439 \u0432\u0438\u0434<\/td><td class=\"column-2\">\u0421\u0435\u0440\u044b\u0439 \u043f\u043e\u0440\u043e\u0448\u043e\u043a<\/td>\n<\/tr>\n<tr class=\"row-2 even\">\n\t<td class=\"column-1\">\u041f\u0440\u043e\u043f\u043e\u0440\u0446\u0438\u044f \u0441\u043c\u0435\u0448\u0438\u0432\u0430\u043d\u0438\u044f<\/td><td class=\"column-2\">7 - 7.5 lt \u0432\u043e\u0434\u044b \/ 25 kg \u043f\u043e\u0440\u043e\u0448\u043a\u0430<\/td>\n<\/tr>\n<tr class=\"row-3 odd\">\n\t<td class=\"column-1\">\u0420\u0430\u0441\u0445\u043e\u0434 \u043c\u0430\u0442\u0435\u0440\u0438\u0430\u043b\u043e\u0432<\/td><td class=\"column-2\">1,75 kg\/m2(\u0434\u043b\u044f \u0442\u043e\u043b\u0449\u0438\u043d\u044b 1 mm)<\/td>\n<\/tr>\n<tr class=\"row-4 even\">\n\t<td class=\"column-1\">\u0412\u0440\u0435\u043c\u044f \u0432\u044b\u0434\u0435\u0440\u0436\u043a\u0438 \u0432 \u043a\u043e\u0440\u043e\u0431\u043a\u0435<\/td><td class=\"column-2\">20 \u043c\u0438\u043d\u0443\u0442<\/td>\n<\/tr>\n<tr class=\"row-5 odd\">\n\t<td class=\"column-1\">\u041f\u0435\u0440\u0432\u043e\u0435 \u0437\u0430\u0442\u0432\u0435\u0440\u0434\u0435\u0432\u0430\u043d\u0438\u0435\n\u0438\u043b\u0438 \u043f\u043e\u0442\u0435\u0440\u044f \u0441\u043f\u043e\u0441\u043e\u0431\u043d\u043e\u0441\u0442\u0438 \u0441\u0445\u0432\u0430\u0442\u044b\u0432\u0430\u043d\u0438\u044f \u043f\u043b\u0430\u0441\u0442\u0438\u0447\u0435\u0441\u043a\u0438\u0445 \u0434\u0435\u0444\u043e\u0440\u043c\u0430\u0446\u0438\u0439<\/td><td class=\"column-2\">15-30 \u043c\u0438\u043d\u0443\u0442<\/td>\n<\/tr>\n<tr class=\"row-6 even\">\n\t<td class=\"column-1\">\u041f\u043e\u0441\u043b\u0435\u0434\u043d\u0435\u0435 \u0437\u0430\u0442\u0432\u0435\u0440\u0434\u0435\u0432\u0430\u043d\u0438\u0435 \u0438\u043b\u0438 \u043f\u043e\u0442\u0435\u0440\u044f \u0441\u043f\u043e\u0441\u043e\u0431\u043d\u043e\u0441\u0442\u0438 \u0441\u0445\u0432\u0430\u0442\u044b\u0432\u0430\u043d\u0438\u044f \u043f\u043b\u0430\u0441\u0442\u0438\u0447\u0435\u0441\u043a\u0438\u0445 \u0434\u0435\u0444\u043e\u0440\u043c\u0430\u0446\u0438\u0439<\/td><td class=\"column-2\">60-90 \u043c\u0438\u043d\u0443\u0442<\/td>\n<\/tr>\n<tr class=\"row-7 odd\">\n\t<td class=\"column-1\">\u0422\u0435\u043c\u043f\u0435\u0440\u0430\u0442\u0443\u0440\u0430 \u043f\u0440\u0438\u043c\u0435\u043d\u0435\u043d\u0438\u044f<\/td><td class=\"column-2\">\u041c\u0435\u0436\u0434\u0443 +5\u00b0C \u0438 +35\u00b0C<\/td>\n<\/tr>\n<tr class=\"row-8 even\">\n\t<td class=\"column-1\">\u0421\u0440\u043e\u043a \u043f\u0440\u0438\u043d\u044f\u0442\u0438\u044f \u0434\u043b\u044f \u043f\u0440\u0438\u043c\u0435\u043d\u0435\u043d\u0438\u044f<\/td><td class=\"column-2\">24 \u0447\u0430\u0441\u0430<\/td>\n<\/tr>\n<tr class=\"row-9 odd\">\n\t<td class=\"column-1\">\u041f\u0440\u043e\u0447\u043d\u043e\u0441\u0442\u044c \u0434\u0430\u0432\u043b\u0435\u043d\u0438\u044f<\/td><td class=\"column-2\">\u2265 25 N\/mm2 (28 \u0434\u043d\u0435\u0439)<\/td>\n<\/tr>\n<tr class=\"row-10 even\">\n\t<td class=\"column-1\">\u041f\u0440\u043e\u0447\u043d\u043e\u0441\u0442\u044c \u0433\u0438\u0431\u043a\u043e\u0441\u0442\u0438<\/td><td class=\"column-2\">\u2265 6 N\/mm2 (28 \u0434\u043d\u0435\u0439)<\/td>\n<\/tr>\n<tr class=\"row-11 odd\">\n\t<td class=\"column-1\">\u041f\u0440\u0438\u043c\u0435\u043d\u044f\u0435\u043c\u0430\u044f \u0442\u043e\u043b\u0449\u0438\u043d\u0430<\/td><td class=\"column-2\">\u041c\u0435\u0436\u0434\u0443 3-10 mm<\/td>\n<\/tr>\n<tr class=\"row-12 even\">\n\t<td class=\"column-1\">\u041f\u0440\u043e\u0447\u043d\u043e\u0441\u0442\u044c \u0432\u044b\u043d\u0430\u0448\u0438\u0432\u0430\u043d\u0438\u044f<\/td><td class=\"column-2\">\u2264 15 cm3 \/ 50 cm2<\/td>\n<\/tr>\n<\/tbody>\n<\/table>\n<!-- #tablepress-14 from cache -->\n<p>\u0412\u044b\u0448\u0435\u0443\u043a\u0430\u0437\u0430\u043d\u043d\u044b\u0435 \u0437\u043d\u0430\u0447\u0435\u043d\u0438\u044f \u0434\u043b\u044f +23\u00b0C \u0438 50% \u043e\u0442\u043d\u043e\u0441\u0438\u0442\u0435\u043b\u044c\u043d\u043e\u0439\n\u0432\u043b\u0430\u0436\u043d\u043e\u0441\u0442\u0438.<\/p>","protected":false},"excerpt":{"rendered":"<p>TANIM \u00c7imento esasl\u0131, kendili\u011finden yay\u0131lan tesviye \u015fap\u0131 KULLANIM ALANLARI \u0130\u00e7 mekan zeminlerinde (seramik, mermer, do\u011fal ta\u015f, parke, hal\u0131 ve PVC kaplama alt\u0131) beton zemin ve \u00e7imento esasl\u0131 \u015fap \u00fczerine son kat kaplama \u00f6ncesi tesviye \u015fap\u0131. AVANTAJLAR Haz\u0131rlanmas\u0131 ve uygulanmas\u0131 kolayd\u0131r. Kendinden yay\u0131lan bir \u00fcr\u00fcnd\u00fcr ve \u00f6l\u00e7\u00fclebilir. Pompalanabilir. Y\u00dcZEY HAZIRLI\u011eI Uygulama y\u00fczeyi temiz, gev\u015fek y\u00fczeyler ve [&hellip;]<\/p>","protected":false},"featured_media":773,"comment_status":"open","ping_status":"closed","template":"","meta":[],"product_cat":[72,69],"product_tag":[],"_links":{"self":[{"href":"http:\/\/www.beyfix.com\/ru\/wp-json\/wp\/v2\/product\/391"}],"collection":[{"href":"http:\/\/www.beyfix.com\/ru\/wp-json\/wp\/v2\/product"}],"about":[{"href":"http:\/\/www.beyfix.com\/ru\/wp-json\/wp\/v2\/types\/product"}],"replies":[{"embeddable":true,"href":"http:\/\/www.beyfix.com\/ru\/wp-json\/wp\/v2\/comments?post=391"}],"wp:featuredmedia":[{"embeddable":true,"href":"http:\/\/www.beyfix.com\/ru\/wp-json\/wp\/v2\/media\/773"}],"wp:attachment":[{"href":"http:\/\/www.beyfix.com\/ru\/wp-json\/wp\/v2\/media?parent=391"}],"wp:term":[{"taxonomy":"product_cat","embeddable":true,"href":"http:\/\/www.beyfix.com\/ru\/wp-json\/wp\/v2\/product_cat?post=391"},{"taxonomy":"product_tag","embeddable":true,"href":"http:\/\/www.beyfix.com\/ru\/wp-json\/wp\/v2\/product_tag?post=391"}],"curies":[{"name":"wp","href":"https:\/\/api.w.org\/{rel}","templated":true}]}}