{"id":420,"date":"2019-01-11T01:59:00","date_gmt":"2019-01-10T22:59:00","guid":{"rendered":"http:\/\/www.nescoat.com\/?post_type=portfolio&#038;p=420"},"modified":"2023-04-04T13:26:08","modified_gmt":"2023-04-04T10:26:08","slug":"beyfix-priz-hizlandirici-beton-katkisi","status":"publish","type":"product","link":"http:\/\/www.beyfix.com\/ru\/magaza\/yapi-kimyasallari\/beton-katkilari\/beyfix-priz-hizlandirici-beton-katkisi\/","title":{"rendered":"\u0414\u041e\u0411\u0410\u0412\u041a\u0410 \u0411\u0415\u0422\u041e\u041d\u0410\n\u0423\u0421\u041a\u041e\u0420\u042f\u042e\u0429\u0410\u042f\n\u0417\u0410\u0422\u0412\u0415\u0420\u0414\u0415\u0412\u0410\u041d\u0418\u042f\n\u0418\u041b\u0418 \u041f\u041e\u0422\u0415\u0420\u0418\n\u0421\u041f\u041e\u0421\u041e\u0411\u041d\u041e\u0421\u0422\u0418\n\u0421\u0425\u0412\u0410\u0422\u042b\u0412\u0410\u041d\u0418\u042f\n\u041f\u041b\u0410\u0421\u0422\u0418\u0427\u0415\u0421\u041a\u0418\u0425\n\u0414\u0415\u0424\u041e\u0420\u041c\u0410\u0426\u0418\u0419"},"content":{"rendered":"<p><strong>\u041e\u041f\u0418\u0421\u0410\u041d\u0418\u0415<\/strong><br \/>\n\u042f\u0432\u043b\u044f\u0435\u0442\u0441\u044f \u0431\u0435\u0442\u043e\u043d\u043d\u0430\u044f \u0438\u043b\u0438 \u0441\u043c\u0435\u0441\u0438\u0442\u0435\u043b\u044c\u043d\u0430\u044f \u0434\u043e\u0431\u0430\u0432\u043a\u0430 \u0443\u0441\u043a\u043e\u0440\u044f\u044e\u0449\u0430\u044f \u0437\u0430\u0442\u0432\u0435\u0440\u0434\u0435\u0432\u0430\u043d\u0438\u044f \u0438\u043b\u0438 \u043f\u043e\u0442\u0435\u0440\u0438 \u0441\u043f\u043e\u0441\u043e\u0431\u043d\u043e\u0441\u0442\u0438 \u0441\u0445\u0432\u0430\u0442\u044b\u0432\u0430\u043d\u0438\u044f \u043f\u043b\u0430\u0441\u0442\u0438\u0447\u0435\u0441\u043a\u0438\u0445 \u0434\u0435\u0444\u043e\u0440\u043c\u0430\u0446\u0438\u0439 \u0431\u0435\u0437 \u0432\u043b\u0438\u044f\u043d\u0438\u044f \u043d\u0430 \u043e\u043a\u043e\u043d\u0447\u0430\u0442\u0435\u043b\u044c\u043d\u043e\u0439 \u043f\u0440\u043e\u0447\u043d\u043e\u0441\u0442\u0438 \u0431\u0435\u0442\u043e\u043d\u0430 .<br \/>\n<strong>\u041c\u0415\u0421\u0422\u041e \u0418\u0421\u041f\u041e\u041b\u042c\u0417\u041e\u0412\u0410\u041d\u0418\u042f<\/strong><br \/>\n\u0418\u0441\u043f\u043e\u043b\u044c\u0437\u0443\u0435\u0442\u0441\u044f \u043a\u043e\u0433\u0434\u0430 \u0442\u0440\u0435\u0431\u0443\u0435\u0442\u0441\u044f \u043d\u0430\u0447\u0430\u043b\u044c\u043d\u0430\u044f \u0432\u044b\u0441\u043e\u043a\u0430\u044f \u043f\u0440\u043e\u0447\u043d\u043e\u0441\u0442\u044c \u0431\u0435\u0442\u043e\u043d\u0430 \u043f\u0440\u0438 \u0442\u0435\u043c\u043f\u0435\u0440\u0430\u0442\u0443\u0440\u0435 \u0441\u0432\u0435\u0436\u0435\u0433\u043e \u0431\u0435\u0442\u043e\u043d\u0430 \u043c\u0435\u0436\u0434\u0443 +5\u00b0C \u0438 +25\u00b0C \u0437\u0430 24 \u0447\u0430\u0441\u0430 \u0438 \u0440\u0430\u043d\u044c\u0448\u0435.<br \/>\n<strong>\u041f\u0420\u0415\u0418\u041c\u0423\u0429\u0415\u0421\u0422\u0412\u0410<\/strong><br \/>\n\u041d\u0435 \u0441\u043e\u0434\u0435\u0440\u0436\u0438\u0442 \u0445\u043b\u043e\u0440\u0438\u0434\u043e\u0432, \u0432\u044b\u0437\u044b\u0432\u0430\u044e\u0449\u0438\u0445 \u043a\u043e\u0440\u0440\u043e\u0437\u0438\u044e \u0430\u0440\u043c\u0430\u0442\u0443\u0440\u044b. \u0422\u0430\u043a\u0438\u043c \u043e\u0431\u0440\u0430\u0437\u043e\u043c \u0441\u043e\u043a\u0440\u0430\u0449\u0430\u0435\u0442\u0441\u044f \u0432\u0440\u0435\u043c\u044f \u043f\u0435\u0440\u0435\u0445\u043e\u0434\u0430 \u043a \u043f\u0440\u043e\u0446\u0435\u0441\u0441\u0443 \u043e\u0442\u0434\u0435\u043b\u043e\u0447\u043d\u044b\u0445 \u0440\u0430\u0431\u043e\u0442. \u041f\u043e\u0432\u044b\u0448\u0430\u0435\u0442 \u0441\u043a\u043e\u0440\u043e\u0441\u0442\u044c \u043d\u0430\u0431\u043e\u0440\u0430 \u0440\u0430\u043d\u043d\u0435\u0439 \u0441\u0438\u043b.<br \/>\n<strong>\u0418\u041d\u0421\u0422\u0420\u0423\u041a\u0426\u0418\u0418 \u041f\u041e \u041f\u041e\u041b\u042c\u0417\u041e\u0412\u0410\u041d\u0418\u042e<\/strong><br \/>\n\u0414\u043e\u0437\u0438\u0440\u043e\u0432\u043a\u0430 \u0431\u0435\u0442\u043e\u043d\u0430 \u0434\u043e\u043b\u0436\u043d\u0430 \u0431\u044b\u0442\u044c \u043c\u0438\u043d. 300 \u043a\u0433 \/ \u043c3. \u0415\u0433\u043e \u0434\u043e\u0431\u0430\u0432\u043b\u044f\u044e\u0442 \u0432 \u0432\u043e\u0434\u0443 \u0434\u043b\u044f \u0431\u0435\u0442\u043e\u043d\u0438\u0440\u043e\u0432\u0430\u043d\u0438\u044f, \u0438\u043b\u0438 \u0441\u0432\u0435\u0436\u0438\u0439 \u0431\u0435\u0442\u043e\u043d, \u0433\u043e\u0442\u043e\u0432\u044b\u0439 \u043a \u0437\u0430\u043b\u0438\u0432\u043a\u0435, \u043d\u0435\u043f\u043e\u0441\u0440\u0435\u0434\u0441\u0442\u0432\u0435\u043d\u043d\u043e \u043f\u0435\u0440\u0435\u0434 \u0437\u0430\u043b\u0438\u0432\u043a\u043e\u0439. \u041f\u043e\u0441\u043b\u0435 \u0434\u043e\u0431\u0430\u0432\u043b\u0435\u043d\u0438\u044f BEYFIX \u0414\u041e\u0411\u0410\u0412\u041a\u0423 \u0411\u0415\u0422\u041e\u041d\u0410 \u0423\u0421\u041a\u041e\u0420\u042f\u042e\u0429\u0415\u0419 \u0417\u0410\u0422\u0412\u0415\u0420\u0414\u0415\u0412\u0410\u041d\u0418\u042f \u0418\u041b\u0418 \u041f\u041e\u0422\u0415\u0420\u0418 \u0421\u041f\u041e\u0421\u041e\u0411\u041d\u041e\u0421\u0422\u0418 \u0421\u0425\u0412\u0410\u0422\u042b\u0412\u0410\u041d\u0418\u042f \u041f\u041b\u0410\u0421\u0422\u0418\u0427\u0415\u0421\u041a\u0418\u0425 \u0414\u0415\u0424\u041e\u0420\u041c\u0410\u0426\u0418\u0419, \u0441\u0432\u0435\u0436\u0438\u0439 \u0431\u0435\u0442\u043e\u043d \u043f\u0435\u0440\u0435\u043c\u0435\u0448\u0438\u0432\u0430\u0435\u0442\u0441\u044f \u0435\u0449\u0435 1-2 \u043c\u0438\u043d\u0443\u0442\u044b \u043d\u0430 \u0432\u044b\u0441\u043e\u043a\u043e\u0439 \u0441\u043a\u043e\u0440\u043e\u0441\u0442\u0438 \u0434\u043b\u044f \u043e\u0431\u0435\u0441\u043f\u0435\u0447\u0435\u043d\u0438\u044f \u043e\u0434\u043d\u043e\u0440\u043e\u0434\u043d\u043e\u0441\u0442\u0438, \u0430 \u0437\u0430\u0442\u0435\u043c \u043d\u0430\u0447\u0438\u043d\u0430\u0435\u0442\u0441\u044f \u0437\u0430\u043b\u0438\u0432\u043a\u0430.<br \/>\n<strong>\u0423\u041f\u0410\u041a\u041e\u0412\u041a\u0410<\/strong><br \/>\n\u041f\u043b\u0430\u0441\u0442\u0438\u043a\u043e\u0432\u043e\u0435 \u0432\u0435\u0434\u0440\u043e \u0451\u043c\u043a\u043e\u0441\u0442\u044c\u044e 30 kg, \u043c\u0435\u0442\u0430\u043b\u043b\u0438\u0447\u0435\u0441\u043a\u0430\u044f \u0431\u043e\u0447\u043a\u0430 \u0451\u043c\u043a\u043e\u0441\u0442\u044c\u044e 250 kg<br \/>\n<strong>\u0425\u0420\u0410\u041d\u0415\u041d\u0418\u0415 \u0418 \u0421\u0420\u041e\u041a \u0413\u041e\u0414\u041d\u041e\u0421\u0422\u0418<\/strong><br \/>\n\u0412 \u043f\u0440\u043e\u0445\u043b\u0430\u0434\u043d\u043e\u043c \u0438 \u0441\u0443\u0445\u043e\u043c \u043c\u0435\u0441\u0442\u0435, \u0431\u0435\u0440\u0435\u0447\u044c \u043e\u0442 \u043c\u043e\u0440\u043e\u0437\u0430, \u0432 \u043d\u0435\u043e\u0442\u043a\u0440\u044b\u0442\u043e\u0439 \u043e\u0440\u0438\u0433\u0438\u043d\u0430\u043b\u044c\u043d\u043e\u0439 \u0443\u043f\u0430\u043a\u043e\u0432\u043a\u0435. \u0421\u0440\u043e\u043a \u0433\u043e\u0434\u043d\u043e\u0441\u0442\u0438<br \/>\n\u0432 \u043f\u043e\u0434\u0445\u043e\u0434\u044f\u0449\u0438\u0445 \u0443\u0441\u043b\u043e\u0432\u0438\u044f\u0445 \u0445\u0440\u0430\u043d\u0435\u043d\u0438\u044f 12 \u043c\u0435\u0441\u044f\u0446\u0435\u0432 \u0441 \u0434\u0430\u0442\u044b \u043f\u0440\u043e\u0438\u0437\u0432\u043e\u0434\u0441\u0442\u0432\u0430.<br \/>\n<strong>\u041f\u0420\u0410\u0412\u0418\u041b\u0410 \u0422\u0415\u0425\u041d\u0418\u041a\u0418 \u0411\u0415\u0417\u041e\u041f\u0410\u0421\u041d\u041e\u0421\u0422\u0418<\/strong><br \/>\n\u0412\u043e \u0432\u0440\u0435\u043c\u044f \u0438\u0441\u043f\u043e\u043b\u044c\u0437\u043e\u0432\u0430\u043d\u0438\u044f \u0441\u043b\u0435\u0434\u0443\u0435\u0442 \u0438\u0441\u043f\u043e\u043b\u044c\u0437\u043e\u0432\u0430\u0442\u044c \u043f\u0435\u0440\u0447\u0430\u0442\u043a\u0438. \u041f\u043e\u0441\u043b\u0435 \u043a\u043e\u043d\u0442\u0430\u043a\u0442\u0430 \u0441 \u043f\u0440\u0435\u043f\u0430\u0440\u0430\u0442\u043e\u043c, \u0441\u043b\u0435\u0434\u0443\u0435\u0442 \u043f\u0440\u043e\u043c\u044b\u0442\u044c \u043f\u043e\u0440\u0430\u0436\u0435\u043d\u043d\u044b\u0439 \u0443\u0447\u0430\u0441\u0442\u043e\u043a \u0441 \u0431\u043e\u043b\u044c\u0448\u0438\u043c \u043a\u043e\u043b\u0438\u0447\u0435\u0441\u0442\u0432\u043e\u043c \u0432\u043e\u0434\u044b. \u041f\u0440\u0438 \u043f\u0440\u043e\u0433\u043b\u0430\u0442\u044b\u0432\u0430\u043d\u0438\u0438 \u043d\u0435\u043c\u0435\u0434\u043b\u0435\u043d\u043d\u043e \u043e\u0431\u0440\u0430\u0442\u0438\u0442\u0435\u0441\u044c \u043a \u0432\u0440\u0430\u0447\u0443.<br \/>\n<span style=\"display: block; font-size: 0; height: 0;\">How to start exercising | fitness guide <a title=\"group crossfit workouts\" href=\"https:\/\/fiordiroccia.org\/\">group crossfit workouts<\/a> taylor private fitness &#8211; 11701 lake victoria gardens ave, ste 1107 palm beach gardens, fl &#8211; health &amp; fitness, exercise &amp; fitness programs &#8211; (561)-629-5289<\/span><br \/>\n\n<table id=\"tablepress-16\" class=\"tablepress tablepress-id-16\">\n<tbody class=\"row-hover\">\n<tr class=\"row-1 odd\">\n\t<td class=\"column-1\">\u0421\u0442\u0440\u0443\u043a\u0442\u0443\u0440\u0430<\/td><td class=\"column-2\">\u0424\u043e\u0440\u043c\u0438\u0430\u0442 \u043a\u0430\u043b\u044c\u0446\u0438\u044f\n(Calcium formate<\/td>\n<\/tr>\n<tr class=\"row-2 even\">\n\t<td class=\"column-1\">\u0412\u043d\u0435\u0448\u043d\u0438\u0439 \u0432\u0438\u0434<\/td><td class=\"column-2\">\u0416\u0438\u0434\u043a\u043e\u0441\u0442\u044c \u043a\u043e\u0440\u0438\u0447\u043d\u0435\u0432\u043e\u0433\u043e \u0446\u0432\u0435\u0442\u0430<\/td>\n<\/tr>\n<tr class=\"row-3 odd\">\n\t<td class=\"column-1\">\u0420\u0430\u0441\u0445\u043e\u0434 \u043c\u0430\u0442\u0435\u0440\u0438\u0430\u043b\u043e\u0432<\/td><td class=\"column-2\">\u041c\u0435\u0436\u0434\u0443 % 0.5 1.5 \u043a\u043e\u043b\u0438\u0447\u0435\u0441\u0442\u0432\u0430 \u0446\u0435\u043c\u0435\u043d\u0442\u0430<\/td>\n<\/tr>\n<tr class=\"row-4 even\">\n\t<td class=\"column-1\">\u0418\u043d\u0442\u0435\u043d\u0441\u0438\u0432\u043d\u043e\u0441\u0442\u044c<\/td><td class=\"column-2\">1,25 \u00b1 0,03 kg\/1<\/td>\n<\/tr>\n<tr class=\"row-5 odd\">\n\t<td class=\"column-1\">pH<\/td><td class=\"column-2\">7-9<\/td>\n<\/tr>\n<tr class=\"row-6 even\">\n\t<td class=\"column-1\">\u0425\u043b\u043e\u0440\u0438\u0434<\/td><td class=\"column-2\">\u041c\u0430\u043a\u0441. % 0.1<\/td>\n<\/tr>\n<\/tbody>\n<\/table>\n<!-- #tablepress-16 from cache --><\/p>","protected":false},"excerpt":{"rendered":"<p>TANIM Betonun nihai dayan\u0131m\u0131n\u0131 etkilemeden erken dayan\u0131m\u0131 art\u0131ran, sertle\u015fmeyi h\u0131zland\u0131ran har\u00e7 ve beton katk\u0131s\u0131d\u0131r. KULLANIM ALANLARI Beton s\u0131cakl\u0131\u011f\u0131 +5 \u00b0C ile +25 \u00b0C aras\u0131nda olan betonlar\u0131n 24 saat veya daha k\u0131sa s\u00fcrede y\u00fcksek erken dayan\u0131m istendi\u011fi durumlarda kullan\u0131l\u0131r. AVANTAJLAR Donat\u0131da korozyona neden olacak klor\u00fcr i\u00e7ermez. Bitirme i\u015flemine ge\u00e7i\u015f s\u00fcresini k\u0131salt\u0131r. Erken g\u00fc\u00e7 kazanma h\u0131z\u0131n\u0131 artt\u0131r\u0131r. [&hellip;]<\/p>","protected":false},"featured_media":778,"comment_status":"open","ping_status":"closed","template":"","meta":[],"product_cat":[73,69],"product_tag":[],"_links":{"self":[{"href":"http:\/\/www.beyfix.com\/ru\/wp-json\/wp\/v2\/product\/420"}],"collection":[{"href":"http:\/\/www.beyfix.com\/ru\/wp-json\/wp\/v2\/product"}],"about":[{"href":"http:\/\/www.beyfix.com\/ru\/wp-json\/wp\/v2\/types\/product"}],"replies":[{"embeddable":true,"href":"http:\/\/www.beyfix.com\/ru\/wp-json\/wp\/v2\/comments?post=420"}],"wp:featuredmedia":[{"embeddable":true,"href":"http:\/\/www.beyfix.com\/ru\/wp-json\/wp\/v2\/media\/778"}],"wp:attachment":[{"href":"http:\/\/www.beyfix.com\/ru\/wp-json\/wp\/v2\/media?parent=420"}],"wp:term":[{"taxonomy":"product_cat","embeddable":true,"href":"http:\/\/www.beyfix.com\/ru\/wp-json\/wp\/v2\/product_cat?post=420"},{"taxonomy":"product_tag","embeddable":true,"href":"http:\/\/www.beyfix.com\/ru\/wp-json\/wp\/v2\/product_tag?post=420"}],"curies":[{"name":"wp","href":"https:\/\/api.w.org\/{rel}","templated":true}]}}