{"id":462,"date":"2019-01-11T02:39:38","date_gmt":"2019-01-10T23:39:38","guid":{"rendered":"http:\/\/www.nescoat.com\/?post_type=portfolio&#038;p=462"},"modified":"2022-03-22T17:24:16","modified_gmt":"2022-03-22T14:24:16","slug":"beyfix-ic-cephe-tavan-boyasi","status":"publish","type":"product","link":"http:\/\/www.beyfix.com\/ru\/magaza\/insaat-boyalari\/ic-cephe-boyalari\/beyfix-ic-cephe-tavan-boyasi\/","title":{"rendered":"\u0412\u041d\u0423\u0422\u0420\u0415\u041d\u041d\u042f\u042f \u041f\u041e\u0422\u041e\u041b\u041e\u0427\u041d\u0410\u042f \u041a\u0420\u0410\u0421\u041a\u0410"},"content":{"rendered":"<p><strong>\u041e\u041f\u0418\u0421\u0410\u041d\u0418\u0415<\/strong><br \/>\n\u0411\u0435\u043b\u0430\u044f \u043a\u0440\u0430\u0441\u043a\u0430 \u0434\u043b\u044f \u0432\u043d\u0443\u0442\u0440\u0435\u043d\u043d\u0438\u0445 \u043f\u043e\u043c\u0435\u0449\u0435\u043d\u0438\u0439 \u043d\u0430 \u043e\u0441\u043d\u043e\u0432\u0435 \u0430\u043a\u0440\u0438\u043b\u043e\u0432\u043e\u0439\n\u044d\u043c\u0443\u043b\u044c\u0441\u0438\u0438.<br \/>\n<strong>\u041c\u0415\u0421\u0422\u041e \u0418\u0421\u041f\u041e\u041b\u042c\u0417\u041e\u0412\u0410\u041d\u0418\u042f<\/strong><br \/>\n\u041f\u0440\u0438\u043c\u0435\u043d\u044f\u0435\u0442\u0441\u044f \u043d\u0430 \u0432\u044b\u0440\u043e\u0432\u043d\u0435\u043d\u043d\u044b\u0445 \u0448\u0442\u0443\u043a\u0430\u0442\u0443\u0440\u043a\u0430\u0445 \u043d\u0430 \u0446\u0435\u043c\u0435\u043d\u0442\u043d\u043e\u0439 \u043e\u0441\u043d\u043e\u0432\u0435\n\u0438 \u043e\u0442\u043a\u0440\u044b\u0442\u044b\u0445 \u0431\u0435\u0442\u043e\u043d\u043d\u044b\u0445 \u043f\u043e\u0432\u0435\u0440\u0445\u043d\u043e\u0441\u0442\u044f\u0445 \u0432\u043d\u0443\u0442\u0440\u0435\u043d\u043d\u0438\u0445 \u043f\u043e\u0442\u043e\u043b\u043a\u043e\u0432 \u0432\u0441\u0435\u0445\n\u0437\u0434\u0430\u043d\u0438\u0439, \u0430 \u0442\u0430\u043a\u0436\u0435 \u043d\u0430 \u0446\u0435\u043c\u0435\u043d\u0442\u043d\u044b\u0445 \u043f\u043b\u0438\u0442\u0430\u0445, \u0433\u0438\u043f\u0441\u043e\u0432\u043e\u0439 \u0448\u0442\u0443\u043a\u0430\u0442\u0443\u0440\u043a\u0435,\n\u0433\u0438\u043f\u0441\u043e\u0432\u044b\u0445 \u0431\u043b\u043e\u043a\u0430\u0445, \u043f\u043e\u0432\u0435\u0440\u0445\u043d\u043e\u0441\u0442\u044f\u0445 \u0438\u0437 \u0433\u0438\u043f\u0441\u043e\u043a\u0430\u0440\u0442\u043e\u043d\u0430, \u0441\u0442\u0435\u043a\u043b\u043e\u0442\u043a\u0430\u043d\u0438 \u0438\n\u0441\u0442\u0430\u0440\u044b\u0445 \u043e\u043a\u0440\u0430\u0448\u0435\u043d\u043d\u044b\u0445 \u043f\u043e\u0432\u0435\u0440\u0445\u043d\u043e\u0441\u0442\u044f\u0445.<br \/>\n<strong>\u041f\u0420\u0415\u0418\u041c\u0423\u0429\u0415\u0421\u0422\u0412\u0410<\/strong><br \/>\n\u041b\u0435\u0433\u043a\u043e \u043f\u0440\u0438\u0433\u043e\u0442\u043e\u0432\u043b\u044f\u0435\u0442\u0441\u044f \u0438 \u043f\u0440\u0438\u043c\u0435\u043d\u044f\u0435\u0442\u0441\u044f. \u0413\u043e\u0442\u043e\u0432\u043e \u043a \u0438\u0441\u043f\u043e\u043b\u044c\u0437\u043e\u0432\u0430\u043d\u0438\u044e.\n\u041e\u0431\u0435\u0441\u043f\u0435\u0447\u0438\u0432\u0430\u0435\u0442 \u043e\u0442\u043b\u0438\u0447\u043d\u0443\u044e \u0430\u0434\u0433\u0435\u0437\u0438\u044e \u043a \u0431\u0435\u0442\u043e\u043d\u043d\u044b\u043c \u0438 \u043e\u0448\u0442\u0443\u043a\u0430\u0442\u0443\u0440\u0435\u043d\u043d\u044b\u043c\n\u043f\u043e\u0432\u0435\u0440\u0445\u043d\u043e\u0441\u0442\u044f\u043c. \u041d\u0435 \u0437\u0430\u0432\u0438\u0441\u0438\u0442 \u043e\u0442 \u043f\u0435\u0440\u0435\u043f\u0430\u0434\u0430 \u0442\u0435\u043c\u043f\u0435\u0440\u0430\u0442\u0443\u0440<br \/>\n<strong>\u041f\u041e\u0414\u0413\u041e\u0422\u041e\u0412\u041a\u0410 \u041f\u041e\u0412\u0415\u0420\u0425\u041d\u041e\u0421\u0422\u0418<\/strong><br \/>\n\u041f\u043e\u0432\u0435\u0440\u0445\u043d\u043e\u0441\u0442\u044c \u043d\u0430\u043d\u0435\u0441\u0435\u043d\u0438\u044f \u0434\u043e\u043b\u0436\u043d\u0430 \u0431\u044b\u0442\u044c \u0447\u0438\u0441\u0442\u043e\u0439, \u0441\u0443\u0445\u043e\u0439, \u0433\u043b\u0430\u0434\u043a\u043e\u0439 \u0438 \u043f\u0440\u043e\u0447\u043d\u043e\u0439. \u0428\u0442\u0443\u043a\u0430\u0442\u0443\u0440\u043a\u0438 \u043d\u0430 \u0446\u0435\u043c\u0435\u043d\u0442\u043d\u043e\u0439 \u043e\u0441\u043d\u043e\u0432\u0435, \u0433\u0438\u043f\u0441\u043e\u043a\u0430\u0440\u0442\u043e\u043d, \u0433\u0438\u043f\u0441\u043e\u043a\u0430\u0440\u0442\u043e\u043d\u043d\u044b\u0435 \u043f\u043e\u0432\u0435\u0440\u0445\u043d\u043e\u0441\u0442\u0438 \u043d\u0443\u0436\u043d\u043e \u0437\u0430\u0433\u0440\u0443\u043d\u0442\u043e\u0432\u0430\u0442\u044c \u043e\u0434\u043d\u0438\u043c \u0441\u043b\u043e\u0435\u043c \u0422\u041e\u041d\u042c\u041a\u041e\u0417\u0415\u0420\u041d\u0418\u0421\u0422\u041e\u0413\u041e \u0413\u0418\u041f\u0421\u0410 BEYFIX \u0438 \u043f\u043e\u0434\u043e\u0436\u0434\u0430\u0442\u044c \u043d\u0435 \u043c\u0435\u043d\u0435\u0435 6 \u0447\u0430\u0441\u043e\u0432 \u043f\u0435\u0440\u0435\u0434 \u043d\u0430\u043d\u0435\u0441\u0435\u043d\u0438\u0435\u043c \u0412\u041d\u0423\u0422\u0420\u0415\u041d\u041d\u041e\u0419 \u041f\u041e\u0422\u041e\u041b\u041e\u0427\u041d\u041e\u0419 \u041a\u0420\u0410\u0421\u041a\u0418 BEYFIX<br \/>\n<strong>\u0418\u041d\u0421\u0422\u0420\u0423\u041a\u0426\u0418\u0418 \u041f\u041e \u041f\u041e\u041b\u042c\u0417\u041e\u0412\u0410\u041d\u0418\u042e<\/strong><br \/>\n\u0412\u041d\u0423\u0422\u0420\u0415\u041d\u041d\u0423\u042e \u041f\u041e\u0422\u041e\u041b\u041e\u0427\u041d\u0423\u042e \u041a\u0420\u0410\u0421\u041a\u0423 BEYFIX \u0441\u043b\u0435\u0434\u0443\u0435\u0442 \u0440\u0430\u0437\u0431\u0430\u0432\u0438\u0442\u044c 20-25% \u0432\u043e\u0434\u044b \u0438 \u0442\u0449\u0430\u0442\u0435\u043b\u044c\u043d\u043e \u043f\u0435\u0440\u0435\u043c\u0435\u0448\u0430\u0442\u044c \u0434\u043e \u043f\u043e\u043b\u0443\u0447\u0435\u043d\u0438\u044f \u043e\u0434\u043d\u043e\u0440\u043e\u0434\u043d\u043e\u0439 \u043c\u0430\u0441\u0441\u044b. \u041d\u0430\u043d\u043e\u0441\u0438\u0442\u044c\u0441\u044f \u043a\u0438\u0441\u0442\u044c\u044e \u0438\u043b\u0438 \u0432\u0430\u043b\u0438\u043a\u043e\u043c \u0432 \u0434\u0432\u0443\u0445 \u0441\u043b\u043e\u044f\u0445, \u0432\u044b\u0434\u0435\u0440\u0436\u0438\u0432\u0430\u044f \u043c\u0435\u0436\u0434\u0443 \u0441\u043b\u043e\u044f\u043c\u0438 \u043d\u0435 \u043c\u0435\u043d\u0435\u0435 2 \u0447\u0430\u0441\u043e\u0432. \u0412\u043e \u0432\u0440\u0435\u043c\u044f \u043d\u0430\u043d\u0435\u0441\u0435\u043d\u0438\u044f \u0438 \u0432 \u0442\u0435\u0447\u0435\u043d\u0438\u0435 \u0441\u043b\u0435\u0434\u0443\u044e\u0449\u0438\u0445 24 \u0447\u0430\u0441\u043e\u0432 \u0442\u0435\u043c\u043f\u0435\u0440\u0430\u0442\u0443\u0440\u0430 \u043e\u043a\u0440\u0443\u0436\u0430\u044e\u0449\u0435\u0439 \u0441\u0440\u0435\u0434\u044b \u0438 \u043f\u043e\u0432\u0435\u0440\u0445\u043d\u043e\u0441\u0442\u0438 \u0434\u043e\u043b\u0436\u043d\u0430 \u0431\u044b\u0442\u044c \u043d\u0435 \u043c\u0435\u043d\u0435\u0435 5 \u00b0 C.<br \/>\n<strong>\u0423\u041f\u0410\u041a\u041e\u0412\u041a\u0410<\/strong><br \/>\n\u041f\u043b\u0430\u0441\u0442\u0438\u0447\u043d\u044b\u0435 \u0432\u0435\u0434\u0440\u0430 \u0451\u043c\u043a\u043e\u0441\u0442\u044c\u044e 3,5 - 10 \u2013 17,5 -20 kg.<br \/>\n<strong>\u0425\u0420\u0410\u041d\u0415\u041d\u0418\u0415 \u0418 \u0421\u0420\u041e\u041a \u0413\u041e\u0414\u041d\u041e\u0421\u0422\u0418<\/strong><br \/>\n\u0412 \u043f\u0440\u043e\u0445\u043b\u0430\u0434\u043d\u043e\u043c \u0438 \u0441\u0443\u0445\u043e\u043c \u043c\u0435\u0441\u0442\u0435 \u0432 \u043d\u0435\u043e\u0442\u043a\u0440\u044b\u0442\u043e\u0439 \u043e\u0440\u0438\u0433\u0438\u043d\u0430\u043b\u044c\u043d\u043e\u0439 \u0443\u043f\u0430\u043a\u043e\u0432\u043a\u0435.\n\u0421\u043b\u0435\u0434\u0443\u0435\u0442 \u0440\u0430\u0437\u043c\u0435\u0441\u0442\u0438\u0442\u044c \u043d\u0435 \u0431\u043e\u043b\u044c\u0448\u0435 4 \u0431\u043e\u043a\u043e\u0432 \u043e\u0434\u0438\u043d \u043d\u0430\u0434 \u0434\u0440\u0443\u0433\u0438\u043c. \u0421\u0440\u043e\u043a\n\u0433\u043e\u0434\u043d\u043e\u0441\u0442\u0438 \u0432 \u043f\u043e\u0434\u0445\u043e\u0434\u044f\u0449\u0438\u0445 \u0443\u0441\u043b\u043e\u0432\u0438\u044f\u0445 \u0445\u0440\u0430\u043d\u0435\u043d\u0438\u044f 12 \u043c\u0435\u0441\u044f\u0446\u0435\u0432 \u0441 \u0434\u0430\u0442\u044b\n\u043f\u0440\u043e\u0438\u0437\u0432\u043e\u0434\u0441\u0442\u0432\u0430.<br \/>\n<strong>\u041f\u0420\u0410\u0412\u0418\u041b\u0410 \u0422\u0415\u0425\u041d\u0418\u041a\u0418 \u0411\u0415\u0417\u041e\u041f\u0410\u0421\u041d\u041e\u0421\u0422\u0418<\/strong><br \/>\nP102: \u0425\u0440\u0430\u043d\u0438\u0442\u0435 \u0432 \u043c\u0435\u0441\u0442\u0435, \u043d\u0435\u0434\u043e\u0441\u0442\u0443\u043f\u043d\u043e\u043c \u0434\u043b\u044f \u0434\u0435\u0442\u0435\u0439<br \/>\nP262: \u041d\u0435 \u0434\u043e\u043f\u0443\u0441\u043a\u0430\u0442\u044c \u043f\u043e\u043f\u0430\u0441\u0442\u044c \u0432 \u0433\u043b\u0430\u0437\u0430, \u0432 \u043a\u043e\u0436\u0443 \u0438\u043b\u0438 \u0432 \u043e\u0434\u0435\u0436\u0434\u0443.<br \/>\nP391: \u0421\u043e\u0431\u0438\u0440\u0430\u0439\u0442\u0435 \u0440\u0430\u0437\u043b\u0438\u0432.<br \/>\nP301+P312: \u0412 \u0441\u043b\u0443\u0447\u0430\u0435, \u043a\u043e\u0433\u0434\u0430 \u0431\u0443\u0434\u0435\u0442 \u043f\u043e\u0433\u043b\u043e\u0449\u0435\u043d\u043e: \u0415\u0441\u043b\u0438 \u0441\u0435\u0431\u044f \u043f\u043b\u043e\u0445\u043e \u0447\u0443\u0432\u0441\u0442\u0432\u0443\u0435\u0442\u0435, \u0442\u043e\u0433\u0434\u0430 \u043f\u043e\u0437\u0432\u043e\u043d\u0438\u0442\u0435 \u043d\u043e\u043c\u0435\u0440\u0443 114 \u2013 \u043d\u043e\u043c\u0435\u0440 \u041d\u0410\u0426\u0418\u041e\u041d\u0410\u041b\u042c\u041d\u041e\u0413\u041e \u041a\u041e\u041d\u0421\u0423\u041b\u042c\u0422\u0410\u0422\u0418\u0412\u041d\u041e\u0413\u041e \u0426\u0415\u041d\u0422\u0420\u0410 \u041e\u0422\u0420\u0410\u0412\u041b\u0415\u041d\u0418\u042f \u0438\u043b\u0438 \u0432\u0440\u0430\u0447\u0443.<br \/>\n<strong>\u0421\u0422\u0410\u041d\u0414\u0410\u0420\u0422 \u041a\u0410\u0427\u0415\u0421\u0422\u0412\u0410<\/strong><br \/>\n\u0421\u043e\u043e\u0442\u0432\u0435\u0442\u0441\u0442\u0432\u0443\u0435\u0442 \u0441\u0442\u0430\u043d\u0434\u0430\u0440\u0442\u0443 TS 5808 \/ \u0438\u044e\u043d\u044f 2012 \u0433\u043e\u0434\u0430.<\/p>\n<p>\u0421\u043e\u043e\u0442\u0432\u0435\u0442\u0441\u0442\u0432\u0443\u0435\u0442 \u0443\u0432\u0435\u0434\u043e\u043c\u043b\u0435\u043d\u0438\u044e G.<\/p>\n\n<table id=\"tablepress-31\" class=\"tablepress tablepress-id-31\">\n<tbody>\n<tr class=\"row-1\">\n\t<td class=\"column-1\">\u0412\u043d\u0435\u0448\u043d\u0438\u0439 \u0432\u0438\u0434<\/td><td class=\"column-2\">\u0411\u0435\u043b\u044b\u0439<\/td>\n<\/tr>\n<tr class=\"row-2\">\n\t<td class=\"column-1\">\u0420\u0430\u0441\u0445\u043e\u0434 \u043c\u0430\u0442\u0435\u0440\u0438\u0430\u043b\u043e\u0432<\/td><td class=\"column-2\">0.150-0,200 kg\/m2 (\u043e\u0434\u043d\u043e\u0433\u043e \u0441\u043b\u043e\u044f)\n\u0412 \u0437\u0430\u0432\u0438\u0441\u0438\u043c\u043e\u0441\u0442\u0438 \u043e\u0442 \u0448\u0435\u0440\u043e\u0445\u043e\u0432\u0430\u0442\u043e\u0441\u0442\u0438 \u0438 \u0432\u043f\u0438\u0442\u044b\u0432\u0430\u0435\u043c\u043e\u0441\u0442\u0438 \u043f\u043e\u0432\u0435\u0440\u0445\u043d\u043e\u0441\u0442\u0438.<\/td>\n<\/tr>\n<tr class=\"row-3\">\n\t<td class=\"column-1\">\u0412\u0440\u0435\u043c\u044f \u0441\u0443\u0448\u043a\u0438<\/td><td class=\"column-2\">2 \u0447\u0430\u0441\u0430 \u0434\u043b\u044f \u043f\u0440\u0438\u043c\u0435\u043d\u0435\u043d\u0438\u044f 2\u043e\u0433\u043e \u0441\u043b\u043e\u044f<br \/>\n24 \u0447\u0430\u0441\u0430 \u0434\u043b\u044f \u0441\u0443\u0448\u043a\u0438 \u043f\u043e\u043b\u043d\u043e\u0441\u0442\u044c\u044e (23 \u00b0C)<br \/>\n8-9<\/td>\n<\/tr>\n<tr class=\"row-4\">\n\t<td class=\"column-1\">\u0422\u0435\u043c\u043f\u0435\u0440\u0430\u0442\u0443\u0440\u0430 \u043f\u0440\u0438\u043c\u0435\u043d\u0435\u043d\u0438\u044f<\/td><td class=\"column-2\">\u041c\u0435\u0436\u0434\u0443 +5\u00b0C \u0438 +35\u00b0C<\/td>\n<\/tr>\n<tr class=\"row-5\">\n\t<td class=\"column-1\">\u041f\u0440\u043e\u043f\u043e\u0440\u0446\u0438\u044f \u0438\u0441\u0442\u043e\u043d\u0447\u0435\u043d\u0438\u044f<\/td><td class=\"column-2\">% 25 (\u0441 \u0432\u043e\u0434\u043e\u0439 \u0432 \u0437\u0430\u0432\u0438\u0441\u0438\u043c\u043e\u0441\u0442\u0438 \u043e\u0431\u044a\u0451\u043c\u0430)<\/td>\n<\/tr>\n<tr class=\"row-6\">\n\t<td class=\"column-1\">\u0420\u0430\u0437\u043c\u0435\u0440 \u0435\u0434\u0438\u043d\u0438\u0446\u044b<\/td><td class=\"column-2\">S1 (\u2264100 \u03bcm)<\/td>\n<\/tr>\n<tr class=\"row-7\">\n\t<td class=\"column-1\">\u042f\u0440\u043a\u043e\u0441\u0442\u044c<\/td><td class=\"column-2\">G3 (85\u00b0 5\u2264G\u226410)<\/td>\n<\/tr>\n<tr class=\"row-8\">\n\t<td class=\"column-1\">\u0423\u0441\u0442\u043e\u0439\u0447\u0438\u0432\u043e\u0441\u0442\u044c \u043a \u0432\u043b\u0430\u0436\u043d\u043e\u043c\u0443 \u0438\u0441\u0442\u0438\u0440\u0430\u043d\u0438\u044e<\/td><td class=\"column-2\">\u041a\u043b\u0430\u0441\u0441 4 YOD &lt; 70 < 70<\/td>\n<\/tr>\n<tr class=\"row-9\">\n\t<td class=\"column-1\">\u0421\u0438\u043b\u0430 \u043f\u043e\u043a\u0440\u044b\u0442\u0438\u044f<\/td><td class=\"column-2\">\u041a\u043b\u0430\u0441\u0441 2 --,5 -10m2\/lt<\/td>\n<\/tr>\n<tr class=\"row-10\">\n\t<td class=\"column-1\">\u0423\u0441\u0442\u043e\u0439\u0447\u0438\u0432\u043e\u0441\u0442\u044c \u043a \u043a\u043e\u0440\u0440\u043e\u0437\u0438\u0438<\/td><td class=\"column-2\">K2<\/td>\n<\/tr>\n<\/tbody>\n<\/table>\n<!-- #tablepress-31 from cache -->\n<p>\u0412\u044b\u0448\u0435\u0443\u043a\u0430\u0437\u0430\u043d\u043d\u044b\u0435 \u0437\u043d\u0430\u0447\u0435\u043d\u0438\u044f \u0434\u043b\u044f +23\u00b0C \u0438 50% \u043e\u0442\u043d\u043e\u0441\u0438\u0442\u0435\u043b\u044c\u043d\u043e\u0439\n\u0432\u043b\u0430\u0436\u043d\u043e\u0441\u0442\u0438.<\/p>","protected":false},"excerpt":{"rendered":"<p>TANIM Akrilik em\u00fclsiyon esasl\u0131, beyaz i\u00e7 cephe boyas\u0131d\u0131r. KULLANIM ALANLARI \u00dcr\u00fcn, t\u00fcm binalar\u0131n i\u00e7 y\u00fczeylerinde tesviyeli \u00e7imento esasl\u0131 s\u0131va ve br\u00fct beton \u00fczerine, ayr\u0131ca \u00e7imento levha, al\u00e7\u0131 s\u0131va, al\u00e7\u0131 blok, al\u00e7\u0131pan y\u00fczeyler, cam tekstili ve eski boyal\u0131 y\u00fczeylere uygulanmak \u00fczere tasarlanm\u0131\u015ft\u0131r. AVANTAJLAR Haz\u0131rlanmas\u0131 ve uygulanmas\u0131 kolayd\u0131r. Kullan\u0131ma haz\u0131rd\u0131r. Beton ve s\u0131val\u0131 y\u00fczeylerde y\u00fcksek aderans sa\u011flar. [&hellip;]<\/p>","protected":false},"featured_media":824,"comment_status":"open","ping_status":"closed","template":"","meta":[],"product_cat":[78,77],"product_tag":[],"_links":{"self":[{"href":"http:\/\/www.beyfix.com\/ru\/wp-json\/wp\/v2\/product\/462"}],"collection":[{"href":"http:\/\/www.beyfix.com\/ru\/wp-json\/wp\/v2\/product"}],"about":[{"href":"http:\/\/www.beyfix.com\/ru\/wp-json\/wp\/v2\/types\/product"}],"replies":[{"embeddable":true,"href":"http:\/\/www.beyfix.com\/ru\/wp-json\/wp\/v2\/comments?post=462"}],"wp:featuredmedia":[{"embeddable":true,"href":"http:\/\/www.beyfix.com\/ru\/wp-json\/wp\/v2\/media\/824"}],"wp:attachment":[{"href":"http:\/\/www.beyfix.com\/ru\/wp-json\/wp\/v2\/media?parent=462"}],"wp:term":[{"taxonomy":"product_cat","embeddable":true,"href":"http:\/\/www.beyfix.com\/ru\/wp-json\/wp\/v2\/product_cat?post=462"},{"taxonomy":"product_tag","embeddable":true,"href":"http:\/\/www.beyfix.com\/ru\/wp-json\/wp\/v2\/product_tag?post=462"}],"curies":[{"name":"wp","href":"https:\/\/api.w.org\/{rel}","templated":true}]}}