{"id":2608,"date":"2022-04-04T13:06:01","date_gmt":"2022-04-04T10:06:01","guid":{"rendered":"https:\/\/www.beyfix.com\/?post_type=product&#038;p=2608"},"modified":"2022-04-04T13:06:01","modified_gmt":"2022-04-04T10:06:01","slug":"beyfix-mahya-yapistirma-harci-2","status":"publish","type":"product","link":"https:\/\/www.beyfix.com\/en\/magaza\/yapi-kimyasallari\/cimento-esasli-tamir-harclari-ve-sivalari\/beyfix-mahya-yapistirma-harci-2\/","title":{"rendered":"RIDGE ADHESION MORTAR"},"content":{"rendered":"<p><strong>DEFINITION<\/strong><\/p>\n<p>It is a cement-based, high-strength, non-shrinking, self-compacting ready-to-use casting mortar.<\/p>\n<p><strong> AREAS OF USE<\/strong><\/p>\n<p>It is used indoors and outdoors in machine and crane bases, fixing of steel columns to the foundation, rail beds, curtain and column heads, column assembly and fixing of prefabricated structures and concrete repairs.<\/p>\n<p><strong>ADVANTAGES<\/strong><\/p>\n<p>It is easy to prepare. It has high compression and adhesion strength. It fills the volume by hardening without shrinking. It is waterproof.: After it is set, it is resistant to frost, and extreme water and weather conditions. It can be applied up to a thickness of 10-40 mm.<\/p>\n<p><strong> SURFACE PREPARATION<\/strong><\/p>\n<p>Application surface should be clean and free of loosen surfaces and dust, which prevent adhesion. Before application, the broken parts of old concrete surfaces should be cut vertically, the surfaces should be roughened and moistened. Water accumulation should not be allowed. Reinforcement pastes should be removed. Molds must be well fixed and sealed.<\/p>\n<p><strong> INSTRUCTIONS OF USE<\/strong><\/p>\n<p>25 kg of BEYFIX GROUT is slightly poured into 4-4,5 l of water at ambient temperature between + 5 \u00b0C and +35\u00b0C by a mixer with low revolution (400-600 rpm) by 3-4 minutes to obtain a homogeneous mixture. Water should not be added to the hardening mortar. The prepared mortar should be poured into the application area without waiting. Casting should be continuous and should be made from one side to prevent air bubbles. During the casting of the bottom of foundation plates, sufficient pressure should be provided to ensure fluidity of mortar, and attention should be paid to the filling between plate and foundation completely.<\/p>\n<p><strong>PACKAGE <\/strong><\/p>\n<p>It is 25 kg craft bag. (PE reinforced)<\/p>\n<p>64 bags of shilling in one pallet (106 x 106 cm)<\/p>\n<p><strong>STORAGE AND SHELF LIFE<\/strong><\/p>\n<p>Maximum 2 palettes could be superimposed in closed original packaging\nand under cool and dry ambient. Shelf life is 12 months under proper\nstorage conditions after manufacturing date.<\/p>\n<p><strong>SAFETY PRECAUTIONS<\/strong><\/p>\n<p>Gloves should be used during application. Areas contacted to product\nshould be washed with plenty of water. If swallowed, call for medical,\nimmediately.<\/p>\n\n<table id=\"tablepress-34\" class=\"tablepress tablepress-id-34\">\n<tbody>\n<tr class=\"row-1\">\n\t<td class=\"column-1\">Appearance<\/td><td class=\"column-2\">Gray colored powder<\/td>\n<\/tr>\n<tr class=\"row-2\">\n\t<td class=\"column-1\">Density in powder\nform<\/td><td class=\"column-2\">~ 1,55 kg\/lt<\/td>\n<\/tr>\n<tr class=\"row-3\">\n\t<td class=\"column-1\">Mixing Ratio<\/td><td class=\"column-2\">4-4.5 l of water \/ 25 kg of powder<\/td>\n<\/tr>\n<tr class=\"row-4\">\n\t<td class=\"column-1\">Rest Time<\/td><td class=\"column-2\">40 - 50 dakika<\/td>\n<\/tr>\n<tr class=\"row-5\">\n\t<td class=\"column-1\">Open Dwell time in\ncontainer<\/td><td class=\"column-2\">2.5 - 3 hours<\/td>\n<\/tr>\n<tr class=\"row-6\">\n\t<td class=\"column-1\">Application Temperature<\/td><td class=\"column-2\">+5\u00b0C to +35\u00b0C<\/td>\n<\/tr>\n<tr class=\"row-7\">\n\t<td class=\"column-1\">Bonding strength<\/td><td class=\"column-2\">0,3 N\/mm2<\/td>\n<\/tr>\n<tr class=\"row-8\">\n\t<td class=\"column-1\">Deadline for walking on the surface<\/td><td class=\"column-2\">24 hours<\/td>\n<\/tr>\n<tr class=\"row-9\">\n\t<td class=\"column-1\">Service temperature<\/td><td class=\"column-2\">-30\u00b0C \/ +80\u00b0C<\/td>\n<\/tr>\n<\/tbody>\n<\/table>\n<!-- #tablepress-34 from cache -->\n<p>* Above given values are valid for ambient temperature of +23 \u00b0C and relative humidity of 50%. Time gets shorter at high temperatures and longer at low temperatures.<\/p>\n<p>&nbsp;<\/p>","protected":false},"excerpt":{"rendered":"<p>TANIMI \u00c7imento esasl\u0131, tek bile\u015fenli, kimyasal katk\u0131l\u0131, \u00e7at\u0131 mahya kiremitlerinin montaj\u0131nda kullan\u0131lan, y\u00fcksek performans ve stabiliteye sahip bir yap\u0131\u015ft\u0131rma harc\u0131d\u0131r. KULLANIM ALANLARI D\u0131\u015f mek\u00e2nlarda, Yatay ve d\u00fc\u015fey y\u00fczeylerde, \u00c7at\u0131 mahya kiremitlerinin montaj\u0131 ve yap\u0131\u015ft\u0131r\u0131lmas\u0131nda, K\u0131rm\u0131z\u0131 renkli su oluklar\u0131n\u0131n binaya yap\u0131\u015ft\u0131r\u0131lmas\u0131nda kullan\u0131l\u0131r. AVANTAJLARI K\u0131rm\u0131z\u0131 rengi ile dekoratiftir. Elyaf i\u00e7erdi\u011finden \u00e7atlama yapmaz. G\u00fc\u00e7l\u00fc yap\u0131\u015fma sa\u011flar. Suya ve [&hellip;]<\/p>","protected":false},"featured_media":1975,"comment_status":"open","ping_status":"closed","template":"","meta":[],"product_cat":[81,69],"product_tag":[],"_links":{"self":[{"href":"https:\/\/www.beyfix.com\/en\/wp-json\/wp\/v2\/product\/2608"}],"collection":[{"href":"https:\/\/www.beyfix.com\/en\/wp-json\/wp\/v2\/product"}],"about":[{"href":"https:\/\/www.beyfix.com\/en\/wp-json\/wp\/v2\/types\/product"}],"replies":[{"embeddable":true,"href":"https:\/\/www.beyfix.com\/en\/wp-json\/wp\/v2\/comments?post=2608"}],"wp:featuredmedia":[{"embeddable":true,"href":"https:\/\/www.beyfix.com\/en\/wp-json\/wp\/v2\/media\/1975"}],"wp:attachment":[{"href":"https:\/\/www.beyfix.com\/en\/wp-json\/wp\/v2\/media?parent=2608"}],"wp:term":[{"taxonomy":"product_cat","embeddable":true,"href":"https:\/\/www.beyfix.com\/en\/wp-json\/wp\/v2\/product_cat?post=2608"},{"taxonomy":"product_tag","embeddable":true,"href":"https:\/\/www.beyfix.com\/en\/wp-json\/wp\/v2\/product_tag?post=2608"}],"curies":[{"name":"wp","href":"https:\/\/api.w.org\/{rel}","templated":true}]}}