{"id":2609,"date":"2022-04-04T13:07:51","date_gmt":"2022-04-04T10:07:51","guid":{"rendered":"https:\/\/www.beyfix.com\/?post_type=product&#038;p=2609"},"modified":"2022-04-04T13:07:51","modified_gmt":"2022-04-04T10:07:51","slug":"beyfix-gaz-beton-ve-bims-orgu-harci-2","status":"publish","type":"product","link":"https:\/\/www.beyfix.com\/en\/magaza\/yapi-kimyasallari\/cimento-esasli-tamir-harclari-ve-sivalari\/beyfix-gaz-beton-ve-bims-orgu-harci-2\/","title":{"rendered":"GAS CONCRETE\nAND PUMICE\nADHESION\nMORTAR"},"content":{"rendered":"<p><strong>DEFINITION<\/strong><br \/>\nIt is cement-based, polymer-added gas concrete mortar.<br \/>\n<strong>AREAS OF USE<\/strong><br \/>\nIt is used as plaster mortar on the surface of aerated concrete and similar\nbuilding elements with high water absorption at interior and exterior\nfacades.<br \/>\n<strong>ADVANTAGES<\/strong><br \/>\nIts adhesion strength is high. It does not require priming before application. After it is set, it is resistant to frost, and extreme water and weather conditions.<br \/>\n<strong>SURFACE PREPARATION<\/strong><br \/>\nApplication surface should be clean and free of loosen surfaces and dust, which prevent adhesion. Surface should be moistened before application. It should be saturated to water at very hot or windy weather conditions.<br \/>\n<strong>INSTRUCTIONS OF USE<\/strong><br \/>\n25 kg of BEYFIX GAS CONCRETE MORTAR is slightly poured into 5.5-6 l of water at ambient temperature between + +5 \u00b0C and +35\u00b0C and mixed by a mixer with low revolution (400-600 rpm) to obtain a homogeneous mixture. The mortar is left to mature by 5-10 minutes, after which it is further mixed by 1-2 minutes before starting application. Prepared mortar is applied to surface with a steel trowel at thickness of min. 0.5 cm and max. 1 cm at the first layer. The second layer is applied at a thickness not exceeding 2 cm after the first layer is set. Expired and sloughed mortars should not be used. The surface should be leveled in order to achieve a smooth surface. The surface should be regularly moistened for 2-3 days after application.<br \/>\n<strong>PACKAGE<\/strong><br \/>\nIt is 25 kg craft bag. (PE reinforced)<br \/>\n64 bags of shilling in one pallet (106 x 106 cm)<br \/>\n<strong>STORAGE AND SHELF LIFE<\/strong><br \/>\nMaximum 2 palettes could be superimposed in closed original packaging and under cool and dry ambient. Shelf life is 12 months under proper storage conditions after manufacturing date.<br \/>\n<strong>SAFETY PRECAUTIONS<\/strong><br \/>\nGloves should be used during application. Areas contacted to product should be washed with plenty of water. If swallowed, call for a physician, immediately.<br \/>\n<strong>QUALITY STANDARD<\/strong><br \/>\nIt complies with TS EN 998-2 JULY 2011.<\/p>\n\n<table id=\"tablepress-19\" class=\"tablepress tablepress-id-19\">\n<tbody class=\"row-hover\">\n<tr class=\"row-1 odd\">\n\t<td class=\"column-1\">Appearance<\/td><td class=\"column-2\">White or gray colored powder.<\/td>\n<\/tr>\n<tr class=\"row-2 even\">\n\t<td class=\"column-1\">Mixing Ratio<\/td><td class=\"column-2\">5.5-6 l of water \/ 25 kg of powder<\/td>\n<\/tr>\n<tr class=\"row-3 odd\">\n\t<td class=\"column-1\">Consumption<\/td><td class=\"column-2\">1.5-2 kg\/m2 (for a thickness of 1 cm)<\/td>\n<\/tr>\n<tr class=\"row-4 even\">\n\t<td class=\"column-1\">Application Temperature<\/td><td class=\"column-2\">+5\u00b0C to +35\u00b0C<\/td>\n<\/tr>\n<tr class=\"row-5 odd\">\n\t<td class=\"column-1\">Dwell Time in container<\/td><td class=\"column-2\">2 hours<\/td>\n<\/tr>\n<tr class=\"row-6 even\">\n\t<td class=\"column-1\">Pressure strength<\/td><td class=\"column-2\">\u2265 6 N\/mm2<\/td>\n<\/tr>\n<tr class=\"row-7 odd\">\n\t<td class=\"column-1\">Adhesion Resistance<\/td><td class=\"column-2\">0,5 N\/mm2<\/td>\n<\/tr>\n<tr class=\"row-8 even\">\n\t<td class=\"column-1\">Unit Volume Mass of Hollow Unset Mortar<\/td><td class=\"column-2\">1500\u00b1 350 kg\/m3<\/td>\n<\/tr>\n<tr class=\"row-9 odd\">\n\t<td class=\"column-1\">Water Absorption<\/td><td class=\"column-2\">\u2264 0,5 (kg\/m2.minute0,5)<\/td>\n<\/tr>\n<tr class=\"row-10 even\">\n\t<td class=\"column-1\">Reaction to fire<\/td><td class=\"column-2\">A1<\/td>\n<\/tr>\n<tr class=\"row-11 odd\">\n\t<td class=\"column-1\">Application thickness (at doub- le layer)<\/td><td class=\"column-2\">2 cm<\/td>\n<\/tr>\n<\/tbody>\n<\/table>\n<!-- #tablepress-19 from cache -->","protected":false},"excerpt":{"rendered":"<p>TANIM \u00c7imento esasl\u0131, polimer katk\u0131l\u0131 gaz beton harc\u0131d\u0131r. KULLANIM ALANLARI \u0130\u00e7 ve d\u0131\u015f cephelerde su emmesi y\u00fcksek gazbeton ve benzeri yap\u0131 elemanlar\u0131n\u0131n y\u00fczeyinde s\u0131va harc\u0131 olarak kullan\u0131l\u0131r. AVANTAJLAR Yap\u0131\u015fma g\u00fcc\u00fc y\u00fcksektir. Uygulama \u00f6ncesi astarlama gerektirmez. Sertle\u015ftikten sonra dona, a\u015f\u0131r\u0131 su ve hava ko\u015fullar\u0131na dayan\u0131kl\u0131d\u0131r. Y\u00dcZEY HAZIRLI\u011eI Uygulama y\u00fczeyi temiz, gev\u015fek y\u00fczeyler ve yap\u0131\u015fmay\u0131 \u00f6nleyecek tozdan [&hellip;]<\/p>","protected":false},"featured_media":789,"comment_status":"open","ping_status":"closed","template":"","meta":[],"product_cat":[81,69],"product_tag":[],"_links":{"self":[{"href":"https:\/\/www.beyfix.com\/en\/wp-json\/wp\/v2\/product\/2609"}],"collection":[{"href":"https:\/\/www.beyfix.com\/en\/wp-json\/wp\/v2\/product"}],"about":[{"href":"https:\/\/www.beyfix.com\/en\/wp-json\/wp\/v2\/types\/product"}],"replies":[{"embeddable":true,"href":"https:\/\/www.beyfix.com\/en\/wp-json\/wp\/v2\/comments?post=2609"}],"wp:featuredmedia":[{"embeddable":true,"href":"https:\/\/www.beyfix.com\/en\/wp-json\/wp\/v2\/media\/789"}],"wp:attachment":[{"href":"https:\/\/www.beyfix.com\/en\/wp-json\/wp\/v2\/media?parent=2609"}],"wp:term":[{"taxonomy":"product_cat","embeddable":true,"href":"https:\/\/www.beyfix.com\/en\/wp-json\/wp\/v2\/product_cat?post=2609"},{"taxonomy":"product_tag","embeddable":true,"href":"https:\/\/www.beyfix.com\/en\/wp-json\/wp\/v2\/product_tag?post=2609"}],"curies":[{"name":"wp","href":"https:\/\/api.w.org\/{rel}","templated":true}]}}