{"id":2610,"date":"2022-04-04T13:09:40","date_gmt":"2022-04-04T10:09:40","guid":{"rendered":"https:\/\/www.beyfix.com\/?post_type=product&#038;p=2610"},"modified":"2022-04-04T13:09:41","modified_gmt":"2022-04-04T10:09:41","slug":"beyfix-ince-tamir-ve-tesviye-harci","status":"publish","type":"product","link":"https:\/\/www.beyfix.com\/en\/magaza\/yapi-kimyasallari\/cimento-esasli-tamir-harclari-ve-sivalari\/beyfix-ince-tamir-ve-tesviye-harci\/","title":{"rendered":"FINE REPAIR\nAND LEVELING\nMORTAR"},"content":{"rendered":"<p><strong>DEFINITION<\/strong><br \/>\nIt is a cement-based, high-strength, non-shrinking, self-compacting ready-to-use casting mortar.<br \/>\n<strong>AREAS OF USE<\/strong><br \/>\nIt is used indoors and outdoors in machine and crane bases, fixing of steel columns to the foundation, rail beds, curtain and column heads, column assembly and fixing of prefabricated structures and concrete repairs.<br \/>\n<strong>ADVANTAGES<\/strong><br \/>\nIt is easy to prepare. It has high compression and adhesion strength. It fills the volume by hardening without shrinking. It is waterproof.: After it is set, it is resistant to frost, and extreme water and weather conditions. It can be applied up to a thickness of 10-40 mm.<br \/>\n<strong>SURFACE PREPARATION<\/strong><br \/>\nApplication surface should be clean and free of loosen surfaces and dust, which prevent adhesion. Before application, the broken parts of old concrete surfaces should be cut vertically, the surfaces should be roughened and moistened. Water accumulation should not be allowed. Reinforcement pastes should be removed. Molds must be well fixed and sealed.<br \/>\n<strong>INSTRUCTIONS OF USE<\/strong><br \/>\n25 kg of BEYFIX GROUT is slightly poured into 4-4,5 l of water at ambient temperature between + 5 \u00b0C and +35\u00b0C by a mixer with low revolution (400-600 rpm) by 3-4 minutes to obtain a homogeneous mixture. Water should not be added to the hardening mortar. The prepared mortar should be poured into the application area without waiting. Casting should be continuous and should be made from one side to prevent air bubbles. During the casting of the bottom of foundation plates, sufficient pressure should be provided to ensure fluidity of mortar, and attention should be paid to the filling between plate and foundation completely<br \/>\n<strong>PACKAGE<\/strong><br \/>\nIt is 25 kg craft bag. (PE reinforced)<br \/>\n64 bags of shilling in one pallet (106 x 106 cm)<br \/>\n<strong>STORAGE AND SHELF LIFE<\/strong><br \/>\nMaximum 2 palettes could be superimposed in closed original packaging and under cool and dry ambient. Shelf life is 12 months under proper storage conditions after manufacturing date.<br \/>\n<strong>SAFETY PRECAUTIONS<\/strong><br \/>\nGloves should be used during application. Areas contacted to product should be washed with plenty of water. If swallowed, call for a physician, immediately.<br \/>\n<strong>QUALITY STANDARD<\/strong><br \/>\nIt complies with TS EN 1504-3 April 2008. R2 - Non-structural repair mortar class.<\/p>\n<p>It complies with CE Communique..<\/p>\n\n<table id=\"tablepress-17\" class=\"tablepress tablepress-id-17\">\n<tbody class=\"row-hover\">\n<tr class=\"row-1 odd\">\n\t<td class=\"column-1\">Appearance<\/td><td class=\"column-2\">Gray colored powder<\/td>\n<\/tr>\n<tr class=\"row-2 even\">\n\t<td class=\"column-1\">Mixing Ratio<\/td><td class=\"column-2\">6-6.5 l of water \/ 25 kg of powder<\/td>\n<\/tr>\n<tr class=\"row-3 odd\">\n\t<td class=\"column-1\">Consumption<\/td><td class=\"column-2\">1.4 kg\/m2 (for 1 mm of thickness)<\/td>\n<\/tr>\n<tr class=\"row-4 even\">\n\t<td class=\"column-1\">Application Temperature<\/td><td class=\"column-2\">+5\u00b0C to +35\u00b0C<\/td>\n<\/tr>\n<tr class=\"row-5 odd\">\n\t<td class=\"column-1\">Dwell Time in container<\/td><td class=\"column-2\">45 minutes<\/td>\n<\/tr>\n<tr class=\"row-6 even\">\n\t<td class=\"column-1\">Pressure strength: TS EN 12190<\/td><td class=\"column-2\">\u2265 10 MPa<\/td>\n<\/tr>\n<tr class=\"row-7 odd\">\n\t<td class=\"column-1\">Bond formed by adhesion TS EN 1542<\/td><td class=\"column-2\">\u2265 0,8 MPa<\/td>\n<\/tr>\n<tr class=\"row-8 even\">\n\t<td class=\"column-1\">Capillary water absorption TS EN 13057<\/td><td class=\"column-2\">\u22640,5 kg\/ m2.h0,5<\/td>\n<\/tr>\n<tr class=\"row-9 odd\">\n\t<td class=\"column-1\">Application thickness<\/td><td class=\"column-2\">1-5 mm (in one layer)<\/td>\n<\/tr>\n<\/tbody>\n<\/table>\n<!-- #tablepress-17 from cache -->\n<div class=\"page\" title=\"Page 25\">\n<div class=\"section\">\n<div class=\"layoutArea\">\n<div class=\"column\">\n<p>* Above given values are valid for ambient temperature of +23 \u00b0C and relative humidity of 50%. Time gets shorter at high temperatures and longer at low temperatures.<\/p>\n<\/div>\n<\/div>\n<\/div>\n<\/div>","protected":false},"excerpt":{"rendered":"<p>TANIM \u00c7imento esasl\u0131 ince tamir harc\u0131d\u0131r. KULLANIM ALANLARI Br\u00fct beton ve prefabrik beton gibi i\u00e7 ve d\u0131\u015f y\u00fczeylerin tamir ve s\u0131valar\u0131nda tamir harc\u0131 olarak kullan\u0131l\u0131r. AVANTAJLAR P\u00fcr\u00fczs\u00fcz ve sa\u011flam bir y\u00fczey olu\u015fturur. Sertle\u015ftikten sonra dona, a\u015f\u0131r\u0131 su ve hava ko\u015fullar\u0131na dayan\u0131kl\u0131d\u0131r. 1-5 mm kal\u0131nl\u0131\u011fa kadar uygulanabilir. Y\u00dcZEY HAZIRLI\u011eI Uygulama y\u00fczeyi temiz, gev\u015fek y\u00fczeyler ve yap\u0131\u015fmay\u0131 [&hellip;]<\/p>","protected":false},"featured_media":787,"comment_status":"open","ping_status":"closed","template":"","meta":[],"product_cat":[81,69],"product_tag":[],"_links":{"self":[{"href":"https:\/\/www.beyfix.com\/en\/wp-json\/wp\/v2\/product\/2610"}],"collection":[{"href":"https:\/\/www.beyfix.com\/en\/wp-json\/wp\/v2\/product"}],"about":[{"href":"https:\/\/www.beyfix.com\/en\/wp-json\/wp\/v2\/types\/product"}],"replies":[{"embeddable":true,"href":"https:\/\/www.beyfix.com\/en\/wp-json\/wp\/v2\/comments?post=2610"}],"wp:featuredmedia":[{"embeddable":true,"href":"https:\/\/www.beyfix.com\/en\/wp-json\/wp\/v2\/media\/787"}],"wp:attachment":[{"href":"https:\/\/www.beyfix.com\/en\/wp-json\/wp\/v2\/media?parent=2610"}],"wp:term":[{"taxonomy":"product_cat","embeddable":true,"href":"https:\/\/www.beyfix.com\/en\/wp-json\/wp\/v2\/product_cat?post=2610"},{"taxonomy":"product_tag","embeddable":true,"href":"https:\/\/www.beyfix.com\/en\/wp-json\/wp\/v2\/product_tag?post=2610"}],"curies":[{"name":"wp","href":"https:\/\/api.w.org\/{rel}","templated":true}]}}