{"id":2626,"date":"2022-04-05T16:19:34","date_gmt":"2022-04-05T13:19:34","guid":{"rendered":"https:\/\/www.beyfix.com\/?post_type=product&#038;p=2626"},"modified":"2022-04-05T16:19:34","modified_gmt":"2022-04-05T13:19:34","slug":"beyfix-slikon-katkili-derz-dolgu-harci","status":"publish","type":"product","link":"https:\/\/www.beyfix.com\/en\/magaza\/yapi-kimyasallari\/yapistirma-ve-derz-dolgu-urunler\/beyfix-slikon-katkili-derz-dolgu-harci\/","title":{"rendered":"JOINT SEALANT WITH SILICON ADDITIVE"},"content":{"rendered":"<p><strong>DEFINITION<\/strong><br \/>\nCement-based, polymer-added, highly adhesive tile and ceramic adhesive with with reduced slippage.<br \/>\n<strong>AREAS OF USE<\/strong><br \/>\nFor horizontal and perpendicular joints of coating materials such as ceramic, tile, natural stone, glass mosaic, granite, etc at inner spaces and for horizontal joints at outdoor spaces. It can be used safely for the joints within range of 1-6 mm.<br \/>\n<strong>ADVANTAGES<\/strong><br \/>\nIt causes no crack after curing in joints up to 6 mm.. It is easy to prepare and apply. It provides a smooth surface. Wear resistant. Time to process and work with is long.<br \/>\n<strong>SURFACE PREPARATION<\/strong><br \/>\nJoint areas should be cleaned from dust, cement, and other residuals before application. To this end, joints should be scraped by means of thin stick and brushed. Joint gaps should be moistened under dry and hot ambient conditions, especially in perpendicular plane.<br \/>\n<strong>INSTRUCTIONS OF USE<\/strong><br \/>\n20 kg of BEYFIX JOINT FILLING MORTAR is slightly poured into 6-6,5 l of . water at ambient temperature between + + +5 \u00b0C and +35\u00b0C and mixed by a mixer with low revolution (400-600 rpm) to obtain a homogeneous mixture. The mortar prepared is left to mature by 5-10 minutes, after which it is further mixed by 1-2 minutes before starting application. It must be given special attention to that adhesive must have cured before application. Mortar is to be filled into surface by means of rubber spatula in parallel and then cross movements, after which the residuals are scraped from surface. Depending on ambient temperature, the surface is to be wiped by means of moist sponge before material losses water and gets dry (20-30 minutes later than application). Residuals on the surface should be wiped out by dry cloth when BEYFIX JOINT FILLING MORTAR is still wet. Cleaning agents such as bleacher, muriatic acid, lime remover, etc should not be applied to joint gaps in order to revent being damaged of colored joint sealant.<br \/>\n<strong>PACKAGE<\/strong><br \/>\nIt is 20 kg craft bag. (PE reinforced)<br \/>\n80 bags of shilling in one pallet (106 x 106 cm)<br \/>\n<strong>STORAGE AND SHELF LIFE<\/strong><br \/>\nMaximum 2 palettes could be superimposed in closed original packaging and under cool and dry ambient. Shelf life is 12 months under proper storage conditions after manufacturing date.<br \/>\n<strong>SAFETY PRECAUTIONS<\/strong><br \/>\nGloves should be used during application. Areas contacted to product should be washed with plenty of water. If swallowed, call for a physician, immediately.<\/p>\n<p>QUALITY STANDARD<br \/>\nIt complies with TS EN 13888 standard CGI class.<br \/>\nC: Cement-based<br \/>\nG: Joint sealant<br \/>\n1: Standard performance<br \/>\nCE Communique..<\/p>\n\n<table id=\"tablepress-5\" class=\"tablepress tablepress-id-5\">\n<tbody class=\"row-hover\">\n<tr class=\"row-1 odd\">\n\t<td class=\"column-1\">Appearance<\/td><td class=\"column-2\">White or gray colored powder.<\/td>\n<\/tr>\n<tr class=\"row-2 even\">\n\t<td class=\"column-1\">Mixing Ratio<\/td><td class=\"column-2\">6-6.5 l of water \/ 20 kg of powder<\/td>\n<\/tr>\n<tr class=\"row-3 odd\">\n\t<td class=\"column-1\">Consumption<\/td><td class=\"column-2\">Variable\n(see Catalogue, Joint Filler Consumption Table)<\/td>\n<\/tr>\n<tr class=\"row-4 even\">\n\t<td class=\"column-1\">Application Temperature<\/td><td class=\"column-2\">+5\u00b0C to +35\u00b0C<\/td>\n<\/tr>\n<tr class=\"row-5 odd\">\n\t<td class=\"column-1\">Time to process<\/td><td class=\"column-2\">35-40 minutes<\/td>\n<\/tr>\n<tr class=\"row-6 even\">\n\t<td class=\"column-1\">Dwell Time in container<\/td><td class=\"column-2\">1 hours<\/td>\n<\/tr>\n<tr class=\"row-7 odd\">\n\t<td class=\"column-1\">Time for suitability to pe- destrian traffc<\/td><td class=\"column-2\">24 hours<\/td>\n<\/tr>\n<tr class=\"row-8 even\">\n\t<td class=\"column-1\">Temperature Endurance<\/td><td class=\"column-2\">-30\u00b0C to +80\u00b0C<\/td>\n<\/tr>\n<tr class=\"row-9 odd\">\n\t<td class=\"column-1\">Bending strength<\/td><td class=\"column-2\">\u22652,5 N\/mm2<\/td>\n<\/tr>\n<tr class=\"row-10 even\">\n\t<td class=\"column-1\">Compression strength<\/td><td class=\"column-2\">\u2265 15 N\/mm2<\/td>\n<\/tr>\n<tr class=\"row-11 odd\">\n\t<td class=\"column-1\">Abrasive resistance<\/td><td class=\"column-2\">\u2264 2000 mm3<\/td>\n<\/tr>\n<tr class=\"row-12 even\">\n\t<td class=\"column-1\">Shrinkage<\/td><td class=\"column-2\">\u2264 3 mm\/m2<\/td>\n<\/tr>\n<tr class=\"row-13 odd\">\n\t<td class=\"column-1\">Water Absorption<\/td><td class=\"column-2\">30 min. \u2264 5 g, 240 min. \u2264 10 g<\/td>\n<\/tr>\n<\/tbody>\n<\/table>\n<!-- #tablepress-5 from cache -->","protected":false},"excerpt":{"rendered":"<p>TANIM \u00c7imento esasl\u0131, polimer katk\u0131l\u0131, y\u00fcksek yap\u0131\u015fma \u00f6zellikli, kayma \u00f6zelli\u011fi azalt\u0131lm\u0131\u015f karo ve seramik yap\u0131\u015ft\u0131r\u0131c\u0131s\u0131. KULLANIM ALANLARI Seramik, karo, do\u011fal ta\u015f, cam mozaik, granit vb. kaplama malzemelerinin i\u00e7 mekanlarda yatay ve d\u00fc\u015fey, d\u0131\u015f mekanlarda ise yatay derzlerinde. 1-6 mm aral\u0131\u011f\u0131ndaki derzlerde g\u00fcvenle kullan\u0131labilir. AVANTAJLAR 6 mm&#8217;ye kadar olan derzlerde k\u00fcrlendikten sonra \u00e7atlama yapmaz. Haz\u0131rlanmas\u0131 ve [&hellip;]<\/p>","protected":false},"featured_media":1569,"comment_status":"open","ping_status":"closed","template":"","meta":[],"product_cat":[69,70],"product_tag":[],"_links":{"self":[{"href":"https:\/\/www.beyfix.com\/en\/wp-json\/wp\/v2\/product\/2626"}],"collection":[{"href":"https:\/\/www.beyfix.com\/en\/wp-json\/wp\/v2\/product"}],"about":[{"href":"https:\/\/www.beyfix.com\/en\/wp-json\/wp\/v2\/types\/product"}],"replies":[{"embeddable":true,"href":"https:\/\/www.beyfix.com\/en\/wp-json\/wp\/v2\/comments?post=2626"}],"wp:featuredmedia":[{"embeddable":true,"href":"https:\/\/www.beyfix.com\/en\/wp-json\/wp\/v2\/media\/1569"}],"wp:attachment":[{"href":"https:\/\/www.beyfix.com\/en\/wp-json\/wp\/v2\/media?parent=2626"}],"wp:term":[{"taxonomy":"product_cat","embeddable":true,"href":"https:\/\/www.beyfix.com\/en\/wp-json\/wp\/v2\/product_cat?post=2626"},{"taxonomy":"product_tag","embeddable":true,"href":"https:\/\/www.beyfix.com\/en\/wp-json\/wp\/v2\/product_tag?post=2626"}],"curies":[{"name":"wp","href":"https:\/\/api.w.org\/{rel}","templated":true}]}}