{"id":2627,"date":"2022-04-05T16:21:01","date_gmt":"2022-04-05T13:21:01","guid":{"rendered":"https:\/\/www.beyfix.com\/?post_type=product&#038;p=2627"},"modified":"2022-04-05T16:29:05","modified_gmt":"2022-04-05T13:29:05","slug":"beyfix-derz-dolgu-harci-2","status":"publish","type":"product","link":"https:\/\/www.beyfix.com\/en\/magaza\/yapi-kimyasallari\/yapistirma-ve-derz-dolgu-urunler\/beyfix-derz-dolgu-harci-2\/","title":{"rendered":"Beyfix Joint Filler Mortar"},"content":{"rendered":"<p><strong>DEFINITION <\/strong><\/p>\n<p>Cement-based joint filling mortar for tiles and ceramics.<\/p>\n<p><strong>AREAS OF USE<\/strong><\/p>\n<p>For horizontal and perpendicular joints of coating materials such as\nceramic, tile, natural stone, glass mosaic, granite, etc at inner spaces and\nfor horizontal joints at outdoor spaces. It can be used safely for the joints\nwithin range of 1-6 mm.<\/p>\n<p><strong>ADVANTAGES<\/strong><\/p>\n<p>It causes no crack after curing in joints up to 6 mm.. It is easy to prepare\nand apply. It provides a smooth surface. Wear resistant. Time to process\nand work with is long.\nSURFACE PREPARATION<\/p>\n<p><strong>SURFACE PREPARATION<\/strong><\/p>\n<p>Joint areas should be cleaned from dust, cement, and other residuals\nbefore application. To this end, joints should be scraped by means of thin\nstick and brushed. Joint gaps should be moistened under dry and hot\nambient conditions, especially in perpendicular plane.<\/p>\n<p><strong>INSTRUCTIONS OF USE <\/strong><\/p>\n<p>20 kg of BEYFIX JOINT FILLING MORTAR is slightly poured into 6-6,5 l of . water at ambient temperature between + + +5 \u00b0C and +35\u00b0C and mixed by a mixer with low revolution (400-600 rpm) to obtain a homogeneous mixture. The mortar prepared is left to mature by 5-10 minutes, after which it is further mixed by 1-2 minutes before starting application. It must be given special attention to that adhesive must have cured before application. Mortar is to be filled into surface by means of rubber spatula in parallel and then cross movements, after which the residuals are scraped from surface. Depending on ambient temperature, the surface is to be wiped by means of moist sponge before material losses water and gets dry (20-30 minutes later than application). Residuals on the surface should be wiped out by dry cloth when BEYFIX JOINT FILLING MORTAR is still wet. Cleaning agents such as bleacher, muriatic acid, lime remover, etc should not be applied to joint gaps in order to revent being damaged of colored joint sealant.<\/p>\n<p><strong>PACKAGE<\/strong><\/p>\n<p>It is 20 kg craft bag. (PE reinforced)\n80 bags of shilling in one pallet (106 x 106 cm)<\/p>\n<p><strong>STORAGE AND SHELF LIFE<\/strong><\/p>\n<p>Maximum 2 palettes could be superimposed in closed original packaging\nand under cool and dry ambient. Shelf life is 12 months under proper storage conditions after manufacturing date.<\/p>\n<p><strong>QUALITY STANDARD<\/strong><\/p>\n<p>It complies with TS EN 13888 standard CGI class.<\/p>\n<p>C: Cement-based<\/p>\n<p>G: Joint sealant<\/p>\n<p>1: Standard performance<\/p>\n<p>Conforms to CE Communiqu\u00e9<\/p>\n\n<table id=\"tablepress-5\" class=\"tablepress tablepress-id-5\">\n<tbody class=\"row-hover\">\n<tr class=\"row-1 odd\">\n\t<td class=\"column-1\">Appearance<\/td><td class=\"column-2\">White or gray colored powder.<\/td>\n<\/tr>\n<tr class=\"row-2 even\">\n\t<td class=\"column-1\">Mixing Ratio<\/td><td class=\"column-2\">6-6.5 l of water \/ 20 kg of powder<\/td>\n<\/tr>\n<tr class=\"row-3 odd\">\n\t<td class=\"column-1\">Consumption<\/td><td class=\"column-2\">Variable\n(see Catalogue, Joint Filler Consumption Table)<\/td>\n<\/tr>\n<tr class=\"row-4 even\">\n\t<td class=\"column-1\">Application Temperature<\/td><td class=\"column-2\">+5\u00b0C to +35\u00b0C<\/td>\n<\/tr>\n<tr class=\"row-5 odd\">\n\t<td class=\"column-1\">Time to process<\/td><td class=\"column-2\">35-40 minutes<\/td>\n<\/tr>\n<tr class=\"row-6 even\">\n\t<td class=\"column-1\">Dwell Time in container<\/td><td class=\"column-2\">1 hours<\/td>\n<\/tr>\n<tr class=\"row-7 odd\">\n\t<td class=\"column-1\">Time for suitability to pe- destrian traffc<\/td><td class=\"column-2\">24 hours<\/td>\n<\/tr>\n<tr class=\"row-8 even\">\n\t<td class=\"column-1\">Temperature Endurance<\/td><td class=\"column-2\">-30\u00b0C to +80\u00b0C<\/td>\n<\/tr>\n<tr class=\"row-9 odd\">\n\t<td class=\"column-1\">Bending strength<\/td><td class=\"column-2\">\u22652,5 N\/mm2<\/td>\n<\/tr>\n<tr class=\"row-10 even\">\n\t<td class=\"column-1\">Compression strength<\/td><td class=\"column-2\">\u2265 15 N\/mm2<\/td>\n<\/tr>\n<tr class=\"row-11 odd\">\n\t<td class=\"column-1\">Abrasive resistance<\/td><td class=\"column-2\">\u2264 2000 mm3<\/td>\n<\/tr>\n<tr class=\"row-12 even\">\n\t<td class=\"column-1\">Shrinkage<\/td><td class=\"column-2\">\u2264 3 mm\/m2<\/td>\n<\/tr>\n<tr class=\"row-13 odd\">\n\t<td class=\"column-1\">Water Absorption<\/td><td class=\"column-2\">30 min. \u2264 5 g, 240 min. \u2264 10 g<\/td>\n<\/tr>\n<\/tbody>\n<\/table>\n<!-- #tablepress-5 from cache -->","protected":false},"excerpt":{"rendered":"<p>TANIMI \u00c7imento esasl\u0131,seramik ve fayanslar i\u00e7in derz dolgu harc\u0131d\u0131r. KULLANIM ALANLARI \u0130\u00e7 mekanlarda, seramik, fayans,do\u011fal ta\u015f,pres tu\u011fla,cam mozaik,granit gibi kaplama malzemelerinin yatay ve d\u00fc\u015fey derzlerinde, d\u0131\u015f mekanlarda yatay derzlerinde kullan\u0131l\u0131r. 1-6mm geni\u015flik aral\u0131\u011f\u0131ndaki derzler i\u00e7in g\u00fcvenle kullan\u0131l\u0131r. AVANTAJLARI 6mm\u2019ye kadar olan derzlerde donduktan sonra \u00e7atlama yapmaz. Kolay haz\u0131rlan\u0131r ve uygulan\u0131r. P\u00fcr\u00fczs\u00fcz y\u00fczey sa\u011flar. A\u015f\u0131nmaya dayan\u0131kl\u0131d\u0131r. [&hellip;]<\/p>","protected":false},"featured_media":1544,"comment_status":"open","ping_status":"closed","template":"","meta":[],"product_cat":[69,70],"product_tag":[],"_links":{"self":[{"href":"https:\/\/www.beyfix.com\/en\/wp-json\/wp\/v2\/product\/2627"}],"collection":[{"href":"https:\/\/www.beyfix.com\/en\/wp-json\/wp\/v2\/product"}],"about":[{"href":"https:\/\/www.beyfix.com\/en\/wp-json\/wp\/v2\/types\/product"}],"replies":[{"embeddable":true,"href":"https:\/\/www.beyfix.com\/en\/wp-json\/wp\/v2\/comments?post=2627"}],"wp:featuredmedia":[{"embeddable":true,"href":"https:\/\/www.beyfix.com\/en\/wp-json\/wp\/v2\/media\/1544"}],"wp:attachment":[{"href":"https:\/\/www.beyfix.com\/en\/wp-json\/wp\/v2\/media?parent=2627"}],"wp:term":[{"taxonomy":"product_cat","embeddable":true,"href":"https:\/\/www.beyfix.com\/en\/wp-json\/wp\/v2\/product_cat?post=2627"},{"taxonomy":"product_tag","embeddable":true,"href":"https:\/\/www.beyfix.com\/en\/wp-json\/wp\/v2\/product_tag?post=2627"}],"curies":[{"name":"wp","href":"https:\/\/api.w.org\/{rel}","templated":true}]}}