{"id":2629,"date":"2022-04-05T16:23:15","date_gmt":"2022-04-05T13:23:15","guid":{"rendered":"https:\/\/www.beyfix.com\/?post_type=product&#038;p=2629"},"modified":"2022-04-05T16:23:15","modified_gmt":"2022-04-05T13:23:15","slug":"beyfix-yuksek-performansli-elastik-seramik-yapistirma-harci-2","status":"publish","type":"product","link":"https:\/\/www.beyfix.com\/en\/magaza\/yapi-kimyasallari\/yapistirma-ve-derz-dolgu-urunler\/beyfix-yuksek-performansli-elastik-seramik-yapistirma-harci-2\/","title":{"rendered":"Beyfix High Performance Elastic Ceramic Adhesive Mortar"},"content":{"rendered":"<p><strong>DEFINITION<\/strong><br \/>\nCement-based, polymer-added, highly adhesive tile and ceramic adhesive with with reduced slippage.<br \/>\n<strong>AREAS OF USE<\/strong><br \/>\nIt is used for horizontal and vertical bonding of ceramics and tiles to cement-based grout and alum surfaces at interior spaces.<br \/>\n<strong>ADVANTAGES<\/strong><br \/>\nIt is easy to prepare and apply. Provides sufficient working time. It does not slip in vertical applications. Provides high adhesion properties.<br \/>\n<strong>SURFACE PREPARATION<\/strong><br \/>\nApplication surface should be clean and free of loosen surfaces and dust, which prevent adhesion. Corrupt surfaces, cracks, and fractures should be repaired with fine repair mortar and coarse repair mortar 24 hours before application. Surface should be moistened before applying adhesive mortar. Before applying onto surfaces with high liquid absorption capacity such as gypsum or gypsum board and onto old ceramic-coated surfaces an appropriate BEYF\u0130X surface primer should be applied.<br \/>\n<strong>INSTRUCTIONS OF USE<\/strong><br \/>\n25 kg of HIGH PERFORMANCE ELASTIC CERAMIC ADHESION MORTAR is slightly poured into 6-7 l of water at ambient temperature between + + 5 \u00b0C and + 35\u00b0C and mixed by a mixer with low revolution (400-600 rpm) to obtain a homogeneous mixture. The mortar prepared is left to mature by 5-10 minutes, after which it is further mixed by 1-2 minutes before starting application. The mortar spread by flat side of trowel is then combed with toothed trowel suitable for dimensions of the tile. Ceramics should be adhered onto combed mortar in 20 minutes. Expired and sloughed mortars should not be used. Air behind the ceramic should be discharged by means of rubber hammer for good adhesion. Joint gaps may be filled with BEYF\u0130X Joint Sealant Mortar 24 hours has passed over adhesion.<br \/>\n<strong>PACKAGE<\/strong><br \/>\nIt is 25 kg craft bag. (PE reinforced)<br \/>\n64 bags of shilling in one pallet (106 x 106 cm)<br \/>\n<strong>STORAGE AND SHELF LIFE<\/strong><br \/>\nMaximum 2 palettes could be superimposed in closed original packaging and under cool and dry ambient. Shelf life is 12 months under proper storage conditions after manufacturing date.<br \/>\n<strong>SAFETY PRECAUTIONS<\/strong><br \/>\nGloves should be used during application. Areas contacted to product should be washed with plenty of water. If swallowed, call for a physician, immediately.<\/p>\n<p>QUALITY STANDARD<br \/>\nComplies with TS EN 12004-1:2017 \/ C1T quality standard.<br \/>\n1: Standard performance<br \/>\nT: Reduced slippage<br \/>\nConforms to CE Communiqu\u00e9<\/p>\n\n<table id=\"tablepress-4\" class=\"tablepress tablepress-id-4\">\n<tbody class=\"row-hover\">\n<tr class=\"row-1 odd\">\n\t<td class=\"column-1\">Appearance<\/td><td class=\"column-2\">White or gray colored powder.<\/td>\n<\/tr>\n<tr class=\"row-2 even\">\n\t<td class=\"column-1\">Mixing Ratio<\/td><td class=\"column-2\">6-7 l of water \/ 25 kg of powder<\/td>\n<\/tr>\n<tr class=\"row-3 odd\">\n\t<td class=\"column-1\">Consumption<\/td><td class=\"column-2\">3-5 kg\/m2<\/td>\n<\/tr>\n<tr class=\"row-4 even\">\n\t<td class=\"column-1\">Application Temperature<\/td><td class=\"column-2\">+5\u00b0C to +35\u00b0C<\/td>\n<\/tr>\n<tr class=\"row-5 odd\">\n\t<td class=\"column-1\">Open dwell time<\/td><td class=\"column-2\">20 minutes<\/td>\n<\/tr>\n<tr class=\"row-6 even\">\n\t<td class=\"column-1\">Dwell Time in container<\/td><td class=\"column-2\">4 hours<\/td>\n<\/tr>\n<tr class=\"row-7 odd\">\n\t<td class=\"column-1\">Time for suitability to pe- destrian traffc<\/td><td class=\"column-2\">24 hours<\/td>\n<\/tr>\n<tr class=\"row-8 even\">\n\t<td class=\"column-1\">Time for applying joint<\/td><td class=\"column-2\">24 hours<\/td>\n<\/tr>\n<tr class=\"row-9 odd\">\n\t<td class=\"column-1\">Adhesion Resistance <\/td><td class=\"column-2\">Initial \u2265 1 N\/mm2<br \/>\nAfter Temp. Aging \u2265 1 N\/mm <br \/>\nAfter submerging \u2265 1 N\/mm <br \/>\nAfter freeze-thaw cycle \u2265 1 N\/mm<\/td>\n<\/tr>\n<tr class=\"row-10 even\">\n\t<td class=\"column-1\">Slippage<\/td><td class=\"column-2\">\u2264 0,5 mm<\/td>\n<\/tr>\n<tr class=\"row-11 odd\">\n\t<td class=\"column-1\">Elasticity<\/td><td class=\"column-2\">\u2265 2,5 and \u2264 5,0 mm \u2013 S1 (Flexible)<\/td>\n<\/tr>\n<tr class=\"row-12 even\">\n\t<td class=\"column-1\">Temperature Endurance<\/td><td class=\"column-2\">-30\u00b0C to +60\u00b0C<\/td>\n<\/tr>\n<\/tbody>\n<\/table>\n<!-- #tablepress-4 from cache -->","protected":false},"excerpt":{"rendered":"<p>TANIM \u00c7imento esasl\u0131, polimer katk\u0131l\u0131, y\u00fcksek yap\u0131\u015fma \u00f6zellikli, kayma \u00f6zelli\u011fi azalt\u0131lm\u0131\u015f karo ve seramik yap\u0131\u015ft\u0131r\u0131c\u0131s\u0131. KULLANIM ALANLARI \u0130\u00e7 mekanlarda seramik ve fayanslar\u0131n \u00e7imento esasl\u0131 derz ve \u015fap y\u00fczeylere yatay ve d\u00fc\u015fey olarak yap\u0131\u015ft\u0131r\u0131lmas\u0131nda kullan\u0131l\u0131r. AVANTAJLAR Haz\u0131rlanmas\u0131 ve uygulanmas\u0131 kolayd\u0131r. Yeterli \u00e7al\u0131\u015fma s\u00fcresi sa\u011flar. Dikey uygulamalarda kayma yapmaz. Y\u00fcksek yap\u0131\u015fma \u00f6zellikleri sa\u011flar. Y\u00dcZEY HAZIRLI\u011eI Uygulama y\u00fczeyi [&hellip;]<\/p>","protected":false},"featured_media":1552,"comment_status":"open","ping_status":"closed","template":"","meta":[],"product_cat":[69,70],"product_tag":[],"_links":{"self":[{"href":"https:\/\/www.beyfix.com\/en\/wp-json\/wp\/v2\/product\/2629"}],"collection":[{"href":"https:\/\/www.beyfix.com\/en\/wp-json\/wp\/v2\/product"}],"about":[{"href":"https:\/\/www.beyfix.com\/en\/wp-json\/wp\/v2\/types\/product"}],"replies":[{"embeddable":true,"href":"https:\/\/www.beyfix.com\/en\/wp-json\/wp\/v2\/comments?post=2629"}],"wp:featuredmedia":[{"embeddable":true,"href":"https:\/\/www.beyfix.com\/en\/wp-json\/wp\/v2\/media\/1552"}],"wp:attachment":[{"href":"https:\/\/www.beyfix.com\/en\/wp-json\/wp\/v2\/media?parent=2629"}],"wp:term":[{"taxonomy":"product_cat","embeddable":true,"href":"https:\/\/www.beyfix.com\/en\/wp-json\/wp\/v2\/product_cat?post=2629"},{"taxonomy":"product_tag","embeddable":true,"href":"https:\/\/www.beyfix.com\/en\/wp-json\/wp\/v2\/product_tag?post=2629"}],"curies":[{"name":"wp","href":"https:\/\/api.w.org\/{rel}","templated":true}]}}