{"id":2630,"date":"2022-04-05T16:26:47","date_gmt":"2022-04-05T13:26:47","guid":{"rendered":"https:\/\/www.beyfix.com\/?post_type=product&#038;p=2630"},"modified":"2022-04-05T17:28:52","modified_gmt":"2022-04-05T14:28:52","slug":"beyfix-extra-fayans-ve-seramik-yapistiricisi-2","status":"publish","type":"product","link":"https:\/\/www.beyfix.com\/en\/magaza\/yapi-kimyasallari\/yapistirma-ve-derz-dolgu-urunler\/beyfix-extra-fayans-ve-seramik-yapistiricisi-2\/","title":{"rendered":"Beyfix Extra Tile and Ceramic Adhesive"},"content":{"rendered":"<p><strong>DEFINITION<\/strong><br \/>\nCement-based, polymer-added, highly adhesive tile and ceramic adhesive with with reduced slippage.<br \/>\n<strong>AREAS OF USE<\/strong><br \/>\nIt is used for horizontal and vertical bonding of ceramics and tiles to cement-based grout and alum surfaces at interior spaces.<br \/>\n<strong>ADVANTAGES<\/strong><br \/>\nIt is easy to prepare and apply. Provides sufficient working time. It does not slip in vertical applications. Provides high adhesion properties.<br \/>\n<strong>SURFACE PREPARATION<\/strong><br \/>\nApplication surface should be clean and free of loosen surfaces and dust, which prevent adhesion. Corrupt surfaces, cracks, and fractures should be repaired with BEYFIX fine repair mortar and BEYFIX coarse repair mortar 24 hours before application. Surface should be moistened before applying adhesive mortar.<br \/>\n<strong>INSTRUCTIONS OF USE<\/strong><br \/>\n25 kg of BEYFIX EXTRA TILE AND CERAMIC ADHESIVE is slightly poured into 6-7 l of water at ambient temperature between + 5 \u00b0C and +35\u00b0C and mixed by a mixer with low revolution (400-600 rpm) to obtain a homogeneous mixture. The mortar prepared is left to mature by 5-10 minutes, after which it is further mixed by 1-2 minutes before starting application. The mortar spread by flat side of trowel is then combed with toothed trowel suitable for dimensions of the tile. Ceramics should be adhered onto combed mortar in 20 minutes. Expired and sloughed mortars should not be used. Air behind the ceramic should be discharged by means of rubber hammer for good adhesion. Joint gaps can be filled with a suitable BEYFIX SEALING MORTAR 24 hours after the bonding process.<br \/>\n<strong>PACKAGE<\/strong><br \/>\nIt is 25 kg craft bag. (PE reinforced)<br \/>\n64 bags of shilling in one pallet (106 x 106 cm)<br \/>\n<strong>STORAGE AND SHELF LIFE<\/strong><br \/>\nMaximum 2 palettes could be superimposed in closed original packaging and under cool and dry ambient. Shelf life is 12 months under proper storage conditions after manufacturing date.<br \/>\n<strong>SAFETY PRECAUTIONS<\/strong><br \/>\nGloves should be used during application. Areas contacted to product should be washed with plenty of water. If swallowed, call for a physician, immediately.<\/p>\n<p>QUALITY STANDARD<br \/>\nComplies with TS EN 12004-1:2017 \/ C1T quality standard.<br \/>\n1: Standard performance<br \/>\nT: Reduced slippage<br \/>\nConforms to CE Communiqu\u00e9<\/p>\n\n<table id=\"tablepress-2\" class=\"tablepress tablepress-id-2\">\n<tbody class=\"row-hover\">\n<tr class=\"row-1 odd\">\n\t<td class=\"column-1\">Appearance<\/td><td class=\"column-2\">White or gray colored powder.<\/td>\n<\/tr>\n<tr class=\"row-2 even\">\n\t<td class=\"column-1\">Mixing Ratio<\/td><td class=\"column-2\">6-7 l of water \/ 25 kg of powder<\/td>\n<\/tr>\n<tr class=\"row-3 odd\">\n\t<td class=\"column-1\">Consumption<\/td><td class=\"column-2\">3-5 kg\/m2<\/td>\n<\/tr>\n<tr class=\"row-4 even\">\n\t<td class=\"column-1\">Application Temperature<\/td><td class=\"column-2\">+5\u00b0C to +35\u00b0C<\/td>\n<\/tr>\n<tr class=\"row-5 odd\">\n\t<td class=\"column-1\">Open dwell time<\/td><td class=\"column-2\">20 minutes<\/td>\n<\/tr>\n<tr class=\"row-6 even\">\n\t<td class=\"column-1\">Dwell Time in container<\/td><td class=\"column-2\">4 hours<\/td>\n<\/tr>\n<tr class=\"row-7 odd\">\n\t<td class=\"column-1\">Time for suitability to pe- destrian traffc<\/td><td class=\"column-2\">24 hours<\/td>\n<\/tr>\n<tr class=\"row-8 even\">\n\t<td class=\"column-1\">Time to open to traffc<\/td><td class=\"column-2\">3 Days<\/td>\n<\/tr>\n<tr class=\"row-9 odd\">\n\t<td class=\"column-1\">Time for applying joint<\/td><td class=\"column-2\">24 hours<\/td>\n<\/tr>\n<tr class=\"row-10 even\">\n\t<td class=\"column-1\">Tensile Adhesive Strength<\/td><td class=\"column-2\">Initial \u2265 0,5 N\/mm2<br \/>\nAfter submerging \u2265 0,5 N\/mm2<br \/>\nAfter Temp. Aging \u2265 0,5 N\/mm2<br \/>\nAfter freeze-thaw cycle \u2265 0,5 N\/mm2<\/td>\n<\/tr>\n<tr class=\"row-11 odd\">\n\t<td class=\"column-1\">Adhesion Resistance<\/td><td class=\"column-2\">\u22650.5 N\/mm2<\/td>\n<\/tr>\n<tr class=\"row-12 even\">\n\t<td class=\"column-1\">Slippage<\/td><td class=\"column-2\">\u2264 0,5 mm<\/td>\n<\/tr>\n<tr class=\"row-13 odd\">\n\t<td class=\"column-1\">Dry unit weight by volume (kg\/l)<\/td><td class=\"column-2\">1.60 \u00b1 0,2<\/td>\n<\/tr>\n<tr class=\"row-14 even\">\n\t<td class=\"column-1\">Wet unit weight by volume (kg\/l)<\/td><td class=\"column-2\">1.70 \u00b1 0,2<\/td>\n<\/tr>\n<tr class=\"row-15 odd\">\n\t<td class=\"column-1\">Temperature Endurance<\/td><td class=\"column-2\">-30\u00b0C to +80\u00b0C<\/td>\n<\/tr>\n<\/tbody>\n<\/table>\n<!-- #tablepress-2 from cache -->\n<div id=\"dflip_post_meta_box_shortcode\" class=\"postbox\">\n<div class=\"inside\">\n<div class=\"dflip-tabs normal-tabs\">\n<div id=\"dflip-tab-content-normal\" class=\"dflip-tab-content dflip-active\"><\/div>\n<\/div>\n<\/div>\n<\/div>\n<p>&nbsp;<\/p>","protected":false},"excerpt":{"rendered":"<p>TANIM \u00c7imento esasl\u0131, polimer katk\u0131l\u0131, y\u00fcksek yap\u0131\u015fma \u00f6zellikli, kayma \u00f6zelli\u011fi azalt\u0131lm\u0131\u015f karo ve seramik yap\u0131\u015ft\u0131r\u0131c\u0131s\u0131. KULLANIM ALANLARI \u0130\u00e7 mekanlarda seramik ve fayanslar\u0131n \u00e7imento esasl\u0131 derz ve \u015fap y\u00fczeylere yatay ve d\u00fc\u015fey olarak yap\u0131\u015ft\u0131r\u0131lmas\u0131nda kullan\u0131l\u0131r. AVANTAJLAR Haz\u0131rlanmas\u0131 ve uygulanmas\u0131 kolayd\u0131r. Yeterli \u00e7al\u0131\u015fma s\u00fcresi sa\u011flar. Dikey uygulamalarda kayma yapmaz. Y\u00fcksek yap\u0131\u015fma \u00f6zellikleri sa\u011flar. Y\u00dcZEY HAZIRLI\u011eI Uygulama y\u00fczeyi [&hellip;]<\/p>","protected":false},"featured_media":1549,"comment_status":"open","ping_status":"closed","template":"","meta":[],"product_cat":[69,70],"product_tag":[],"_links":{"self":[{"href":"https:\/\/www.beyfix.com\/en\/wp-json\/wp\/v2\/product\/2630"}],"collection":[{"href":"https:\/\/www.beyfix.com\/en\/wp-json\/wp\/v2\/product"}],"about":[{"href":"https:\/\/www.beyfix.com\/en\/wp-json\/wp\/v2\/types\/product"}],"replies":[{"embeddable":true,"href":"https:\/\/www.beyfix.com\/en\/wp-json\/wp\/v2\/comments?post=2630"}],"wp:featuredmedia":[{"embeddable":true,"href":"https:\/\/www.beyfix.com\/en\/wp-json\/wp\/v2\/media\/1549"}],"wp:attachment":[{"href":"https:\/\/www.beyfix.com\/en\/wp-json\/wp\/v2\/media?parent=2630"}],"wp:term":[{"taxonomy":"product_cat","embeddable":true,"href":"https:\/\/www.beyfix.com\/en\/wp-json\/wp\/v2\/product_cat?post=2630"},{"taxonomy":"product_tag","embeddable":true,"href":"https:\/\/www.beyfix.com\/en\/wp-json\/wp\/v2\/product_tag?post=2630"}],"curies":[{"name":"wp","href":"https:\/\/api.w.org\/{rel}","templated":true}]}}