{"id":293,"date":"2019-01-06T22:00:46","date_gmt":"2019-01-06T19:00:46","guid":{"rendered":"http:\/\/www.nescoat.com\/?post_type=portfolio&#038;p=293"},"modified":"2022-04-05T17:26:47","modified_gmt":"2022-04-05T14:26:47","slug":"beyfix-eps-isi-yalitim-levhasi-50x100","status":"publish","type":"product","link":"https:\/\/www.beyfix.com\/en\/magaza\/isi-yalitim-sistemleri\/isi-yalitim-paket-sistemleri\/beyfix-eps-isi-yalitim-levhasi-50x100\/","title":{"rendered":"BEYFIX\nCarbon-based EPS Thermal Insulation Panel\n(50 x 100)"},"content":{"rendered":"<p><strong>DEFINITION<\/strong><br \/>\nBEYFIX 50x100 cm is an EPS insulation and filling material that is produced by cutting in the desired thickness from block production. Sized by wire cut, BEYFIX boards have high plaster adherence due to their surface smoothness. Its dimensions do not change over time, thanks to its flexible structure,,it prevents external plaster, paint and coating cracks caused by expansion and contraction. Thanks to its high water vapor permeability, it prevents moisture on interior facades. It does not get inflamed easily. It does not rot or smell. It is not harmful to health and the environment.<\/p>\n\n<table id=\"tablepress-20\" class=\"tablepress tablepress-id-20\">\n<tbody>\n<tr class=\"row-1\">\n\t<td class=\"column-1\">Structure<\/td><td class=\"column-2\">Expanded Polystyrene<\/td>\n<\/tr>\n<tr class=\"row-2\">\n\t<td class=\"column-1\">Thickness<\/td><td class=\"column-2\">l-10cm<\/td>\n<\/tr>\n<tr class=\"row-3\">\n\t<td class=\"column-1\">Width<\/td><td class=\"column-2\">50 cm<\/td>\n<\/tr>\n<tr class=\"row-4\">\n\t<td class=\"column-1\">Length<\/td><td class=\"column-2\">100 cm<\/td>\n<\/tr>\n<tr class=\"row-5\">\n\t<td class=\"column-1\">Density<\/td><td class=\"column-2\">16-32 kg\/m3<\/td>\n<\/tr>\n<tr class=\"row-6\">\n\t<td class=\"column-1\">Fire class<\/td><td class=\"column-2\">E<\/td>\n<\/tr>\n<tr class=\"row-7\">\n\t<td class=\"column-1\">Tolerance of width<\/td><td class=\"column-2\">L1<\/td>\n<\/tr>\n<tr class=\"row-8\">\n\t<td class=\"column-1\">Tolerance of thickness<\/td><td class=\"column-2\">W1<\/td>\n<\/tr>\n<tr class=\"row-9\">\n\t<td class=\"column-1\">Tolerance of deviation from squareness<\/td><td class=\"column-2\">T1<\/td>\n<\/tr>\n<tr class=\"row-10\">\n\t<td class=\"column-1\">Tolerance of deviation from squareness<\/td><td class=\"column-2\">S1<\/td>\n<\/tr>\n<tr class=\"row-11\">\n\t<td class=\"column-1\">Tolerance of levelness<\/td><td class=\"column-2\">P1<\/td>\n<\/tr>\n<tr class=\"row-12\">\n\t<td class=\"column-1\">Dimensional stability under laboratory conditions<\/td><td class=\"column-2\">DS(N)5<\/td>\n<\/tr>\n<tr class=\"row-13\">\n\t<td class=\"column-1\">Dimensional stability under certain tem- perature and humidity conditions<\/td><td class=\"column-2\">DS(70.-)2<\/td>\n<\/tr>\n<tr class=\"row-14\">\n\t<td class=\"column-1\">Long-time water absorption<\/td><td class=\"column-2\">WL(T)5<\/td>\n<\/tr>\n<tr class=\"row-15\">\n\t<td class=\"column-1\">Compression friction<\/td><td class=\"column-2\">CC(4\/3\/10)10<\/td>\n<\/tr>\n<\/tbody>\n<\/table>\n<!-- #tablepress-20 from cache -->\n<p><strong>ADVANTAGES<\/strong><br \/>\n\u2022 It has high thermal insulation properties.<br \/>\n\u2022 It has high resistance to thermal shocks.<br \/>\n\u2022 It has optimum water vapor permeability.<br \/>\n\u2022 Its water absorption is low.<br \/>\n\u2022 It is lightweight.<br \/>\n\u2022 It does not rot.<br \/>\n\u2022 It has high compression and bending strength.<br \/>\n\u2022 It has dimensional stability.<br \/>\n\u2022 It is easy to apply.<br \/>\n<strong>QUALITY STANDARD<\/strong><br \/>\nIt is TS EN 13163 \/ June 2010. certified. It is CE Certified.<\/p>\n<div id=\"dflip_post_meta_box_shortcode\" class=\"postbox\">\n<div class=\"inside\">\n<div class=\"dflip-tabs normal-tabs\">\n<div id=\"dflip-tab-content-normal\" class=\"dflip-tab-content dflip-active\"><\/div>\n<\/div>\n<\/div>\n<\/div>\n<p>&nbsp;<\/p>","protected":false},"excerpt":{"rendered":"<p>TANIM BEYFIX 50&#215;100 cm blok \u00fcretiminden istenilen kal\u0131nl\u0131kta kesilerek \u00fcretilen EPS yal\u0131t\u0131m ve dolgu malzemesidir. Tel kesim ile boyutland\u0131r\u0131lan BEYFIX levhalar, y\u00fczey d\u00fczg\u00fcnl\u00fc\u011f\u00fc nedeniyle y\u00fcksek s\u0131va aderans\u0131na sahiptir. Esnek yap\u0131s\u0131 sayesinde zamanla boyutlar\u0131 de\u011fi\u015fmez, genle\u015fme ve b\u00fcz\u00fclmeden kaynaklanan d\u0131\u015f s\u0131va, boya ve kaplama \u00e7atlaklar\u0131n\u0131 \u00f6nler. Y\u00fcksek su buhar\u0131 ge\u00e7irgenli\u011fi sayesinde i\u00e7 cephelerde nemi engeller. Kolay [&hellip;]<\/p>","protected":false},"featured_media":294,"comment_status":"open","ping_status":"closed","template":"","meta":[],"product_cat":[75,74],"product_tag":[],"_links":{"self":[{"href":"https:\/\/www.beyfix.com\/en\/wp-json\/wp\/v2\/product\/293"}],"collection":[{"href":"https:\/\/www.beyfix.com\/en\/wp-json\/wp\/v2\/product"}],"about":[{"href":"https:\/\/www.beyfix.com\/en\/wp-json\/wp\/v2\/types\/product"}],"replies":[{"embeddable":true,"href":"https:\/\/www.beyfix.com\/en\/wp-json\/wp\/v2\/comments?post=293"}],"wp:featuredmedia":[{"embeddable":true,"href":"https:\/\/www.beyfix.com\/en\/wp-json\/wp\/v2\/media\/294"}],"wp:attachment":[{"href":"https:\/\/www.beyfix.com\/en\/wp-json\/wp\/v2\/media?parent=293"}],"wp:term":[{"taxonomy":"product_cat","embeddable":true,"href":"https:\/\/www.beyfix.com\/en\/wp-json\/wp\/v2\/product_cat?post=293"},{"taxonomy":"product_tag","embeddable":true,"href":"https:\/\/www.beyfix.com\/en\/wp-json\/wp\/v2\/product_tag?post=293"}],"curies":[{"name":"wp","href":"https:\/\/api.w.org\/{rel}","templated":true}]}}