{"id":381,"date":"2019-01-11T01:22:33","date_gmt":"2019-01-10T22:22:33","guid":{"rendered":"http:\/\/www.nescoat.com\/?post_type=portfolio&#038;p=381"},"modified":"2022-03-22T16:36:36","modified_gmt":"2022-03-22T13:36:36","slug":"beyfix-akrilik-esasli-su-yalitim-malzemesi","status":"publish","type":"product","link":"https:\/\/www.beyfix.com\/en\/magaza\/yapi-kimyasallari\/surme-esasli-su-yalitim-malzemeleri\/beyfix-akrilik-esasli-su-yalitim-malzemesi\/","title":{"rendered":"ACRYLICBASED SLIDING\nWATERPROOFING\nMATERIALS"},"content":{"rendered":"<p><strong>DEFINITION<\/strong><\/p>\n<p>Acrylic-based, ready to use, UV-resistant, very elastic water insulation material.<\/p>\n<p><strong> AREAS OF USE<\/strong><\/p>\n<p>It is used for waterproofing on cement-based surfaces and exposed\nconcretes, sloping roofs and terraces, creeks, chimneys and parapet\nedges.<\/p>\n<p><strong> ADVANTAGES<\/strong><\/p>\n<p>It is ready to use. Easy to apply. High resistant and very elastic. UV\nresistant.<\/p>\n<p><strong> SURFACE PREPARATION<\/strong><\/p>\n<p>Application surface should be clean and free of loosen surfaces and dust, which prevent adhesion. Corrupt surfaces, cracks, and fractures should be repaired with BEYFIX fine repair mortar and BEYFIX coarse repair mortar 24 hours before application. Inclinations on the roofs should be suitable to prevent ponding on surface. Before application, BEYFIX ELASTOMERIC WATERPROOFING MATERIAL diluted at ratio of 1\u20444 should be applied onto surface as priming.<\/p>\n<p><strong> INSTRUCTIONS OF USE<\/strong><\/p>\n<p>After priming layer dried BEYFIX ELASTOMERIC WATERPROOFING MATERIAL is applied by 3 layers at horizontal and 2 layers at perpendicular surfaces under ambient temperature within range of +5\u00b0C to +35\u00b0C by means of brush or roller without diluting with water. Depending on ambient temperature, 5-6 hours should be waited between layers and lower layer should be ensured to dry before passing to upper layer. Direction of brush should be in right angle with that of lower layer. It is recommended to use with bevel band or BEYFIX insulation mesh at corners and other joint areas on application area. Surfaces of application should be protected against direct sunlight, wind, and freeze by 3-7 days after application and coated by ceramic at the end of this period.<\/p>\n<p><strong> PACKAGE<\/strong><\/p>\n<p>In 20 kg of plastic container<\/p>\n<p><strong> STORAGE AND SHELF LIFE<\/strong><\/p>\n<p>Maximum 4 buckets could be superimposed in closed original packaging\nand under cool and dry ambient. Shelf life is 12 months under proper\nstorage conditions after manufacturing date. Ambient and surface\ntemperature should be at least 5\u00b0C during and 24 hours after application.<\/p>\n<p><strong> SAFETY PRECAUTIONS<\/strong><\/p>\n<p>Gloves should be used during application. Areas contacted to product\nshould be washed with plenty of water. If swallowed, call for medical,\nimmediately.<\/p>\n<p><strong>QUALITY STANDARD<\/strong><\/p>\n<p>It complies with TS EN 14891:2012 standard.<\/p>\n\n<table id=\"tablepress-11\" class=\"tablepress tablepress-id-11\">\n<tbody class=\"row-hover\">\n<tr class=\"row-1 odd\">\n\t<td class=\"column-1\">Appearance<\/td><td class=\"column-2\">White liquid<\/td>\n<\/tr>\n<tr class=\"row-2 even\">\n\t<td class=\"column-1\">Consumption<\/td><td class=\"column-2\">1,5 kg\/m \/1 mm.<\/td>\n<\/tr>\n<tr class=\"row-3 odd\">\n\t<td class=\"column-1\">Density<\/td><td class=\"column-2\">1.40 g\/ml<\/td>\n<\/tr>\n<tr class=\"row-4 even\">\n\t<td class=\"column-1\">Breaking elongation<\/td><td class=\"column-2\">%150<\/td>\n<\/tr>\n<tr class=\"row-5 odd\">\n\t<td class=\"column-1\">Application Temperature<\/td><td class=\"column-2\">+5\u00b0C to +35\u00b0C<\/td>\n<\/tr>\n<tr class=\"row-6 even\">\n\t<td class=\"column-1\">Dwell Time for each layer<\/td><td class=\"column-2\">5-6 hours<\/td>\n<\/tr>\n<tr class=\"row-7 odd\">\n\t<td class=\"column-1\">Impermeability<\/td><td class=\"column-2\">\u22657 bar<\/td>\n<\/tr>\n<tr class=\"row-8 even\">\n\t<td class=\"column-1\">Adhesion strength (at 28 days)<\/td><td class=\"column-2\">\u2265 0,8 N\/mm2<\/td>\n<\/tr>\n<tr class=\"row-9 odd\">\n\t<td class=\"column-1\">Crack bridging<\/td><td class=\"column-2\">\u22651,5 mm<\/td>\n<\/tr>\n<tr class=\"row-10 even\">\n\t<td class=\"column-1\">Capillary water absorption<\/td><td class=\"column-2\">\u2264 0,1 kg\/m2 h0,5<\/td>\n<\/tr>\n<tr class=\"row-11 odd\">\n\t<td class=\"column-1\">Coating period<\/td><td class=\"column-2\">3-7 days<\/td>\n<\/tr>\n<tr class=\"row-12 even\">\n\t<td class=\"column-1\">Time to become water-proof<\/td><td class=\"column-2\">7 Days<\/td>\n<\/tr>\n<\/tbody>\n<\/table>\n<!-- #tablepress-11 from cache -->\n<p>&nbsp;<\/p>\n<p>Above given values are valid for ambient temperature of +23 \u00b0C and\nrelative humidity of 50%.<\/p>","protected":false},"excerpt":{"rendered":"<p>TANIMI Akrilik esasl\u0131, kullan\u0131ma haz\u0131r, UV dayan\u0131ml\u0131, \u00e7ok elastik su yal\u0131t\u0131m malzemesidir. KULLANIM ALANLARI \u00c7imento esasl\u0131 y\u00fczeyler ve br\u00fct betonlarda, e\u011fimli \u00e7at\u0131 ve teraslarda, dere, baca ve parapet kenarlar\u0131nda su yal\u0131t\u0131m\u0131 amac\u0131yla kullan\u0131l\u0131r. AVANTAJLARI Kullan\u0131ma haz\u0131rd\u0131r. Uygulamas\u0131 kolayd\u0131r. Mukavemeti y\u00fcksek ve \u00e7ok elastiktir. UV dayan\u0131ml\u0131d\u0131r. Y\u00dcZEY HAZIRLI\u011eI Uygulama yap\u0131lacak y\u00fczey temiz ve kuru olmal\u0131, yap\u0131\u015fmay\u0131 [&hellip;]<\/p>","protected":false},"featured_media":761,"comment_status":"open","ping_status":"closed","template":"","meta":[],"product_cat":[71,69],"product_tag":[],"_links":{"self":[{"href":"https:\/\/www.beyfix.com\/en\/wp-json\/wp\/v2\/product\/381"}],"collection":[{"href":"https:\/\/www.beyfix.com\/en\/wp-json\/wp\/v2\/product"}],"about":[{"href":"https:\/\/www.beyfix.com\/en\/wp-json\/wp\/v2\/types\/product"}],"replies":[{"embeddable":true,"href":"https:\/\/www.beyfix.com\/en\/wp-json\/wp\/v2\/comments?post=381"}],"wp:featuredmedia":[{"embeddable":true,"href":"https:\/\/www.beyfix.com\/en\/wp-json\/wp\/v2\/media\/761"}],"wp:attachment":[{"href":"https:\/\/www.beyfix.com\/en\/wp-json\/wp\/v2\/media?parent=381"}],"wp:term":[{"taxonomy":"product_cat","embeddable":true,"href":"https:\/\/www.beyfix.com\/en\/wp-json\/wp\/v2\/product_cat?post=381"},{"taxonomy":"product_tag","embeddable":true,"href":"https:\/\/www.beyfix.com\/en\/wp-json\/wp\/v2\/product_tag?post=381"}],"curies":[{"name":"wp","href":"https:\/\/api.w.org\/{rel}","templated":true}]}}