{"id":383,"date":"2019-01-11T01:24:03","date_gmt":"2019-01-10T22:24:03","guid":{"rendered":"http:\/\/www.nescoat.com\/?post_type=portfolio&#038;p=383"},"modified":"2022-04-06T14:21:31","modified_gmt":"2022-04-06T11:21:31","slug":"beyfix-hizli-priz-alan-su-tikama-harci","status":"publish","type":"product","link":"https:\/\/www.beyfix.com\/en\/magaza\/yapi-kimyasallari\/surme-esasli-su-yalitim-malzemeleri\/beyfix-hizli-priz-alan-su-tikama-harci\/","title":{"rendered":"FAST SETTING\nWATER PLUG\nMORTAR"},"content":{"rendered":"<div class=\"page\" title=\"Page 11\">\n<div class=\"section\">\n<div class=\"layoutArea\">\n<div class=\"column\">\n<p><strong>DEFINITION<\/strong><\/p>\n<p>Cement-based, ready-to-use, fast-setting water plug applied both in powder form and by mixing with water.<\/p>\n<p><strong>AREAS OF USE<\/strong><\/p>\n<p>It is used to quickly stop leaks or pressurized water coming from holes and cracks in cement-based surfaces and exposed concretes, foundations, basements, elevator shafts, water tanks, pools and concrete pipes before insulation.<\/p>\n<p><strong>ADVANTAGES<\/strong><\/p>\n<p>Easy to apply. Its adhesion strength is high. It is a plug that takes instant setting without shrinkage. Its compressive strength is high. All kinds of waterproofing materials can be applied on it. It is resistant to corrosive water, sulphated water and sea water.<\/p>\n<p><strong>SURFACE PREPARATION<\/strong><\/p>\n<p>Application surface should be clean and free of loosen surfaces and dust, which prevent adhesion. Cracks and gaps should be scraped up to 2 cm width and depth and cleaned from loose parts. In holes with a large diameter, the circumference of the hole is covered first and the hole size is reduced.<\/p>\n<p><strong>INSTRUCTIONS OF USE<\/strong><\/p>\n<p>1 kg. BEYFIX FAST SETTING WATER PLUG MORTAR is mixed with 0.25 l of water in a clean container and kneaded quickly by hand to dough consistency. Rubber gloves should be worn before starting the application. The dough-like mortar should be applied to the area of water leakage by hand with pressure, and should be waited for at least 2 minutes. Then the surface is leveled with a trowel and prepared for insulation.<\/p>\n<p><strong>PACKAGE<\/strong><\/p>\n<p>1 and 5 kg of plastic container<\/p>\n<\/div>\n<div class=\"column\">\n<p><strong>STORAGE AND SHELF LIFE<\/strong><\/p>\n<p>Maximum 4 buckets could be superimposed in closed original packaging and under cool and dry ambient. Shelf life is 12 months under proper storage conditions after manufacturing date.<\/p>\n<p><strong>SAFETY PRECAUTIONS<\/strong><\/p>\n<p>Gloves should be used during application. Areas contacted to product should be washed with plenty of water. If swallowed, call for medical, immediately.<\/p>\n<div class=\"page\" title=\"Page 11\">\n<div class=\"section\">\n<div class=\"layoutArea\">\n<div class=\"column\">\n<p><strong>KALI\u0307TE STANDARTI<\/strong><\/p>\n<p>It complies with TS TS EN 1504-3 April 2006. It complies with CE Communique..<\/p>\n\n<table id=\"tablepress-37\" class=\"tablepress tablepress-id-37\">\n<tbody>\n<tr class=\"row-1\">\n\t<td class=\"column-1\">Appearance<\/td><td class=\"column-2\">Gray colored powder<\/td>\n<\/tr>\n<tr class=\"row-2\">\n\t<td class=\"column-1\">Mixing Ratio<\/td><td class=\"column-2\">Approx. 0,25 l of water \/ 1 kg of\npowder<\/td>\n<\/tr>\n<tr class=\"row-3\">\n\t<td class=\"column-1\">Consumption<\/td><td class=\"column-2\">Ort. 1,5 kg\/l<\/td>\n<\/tr>\n<tr class=\"row-4\">\n\t<td class=\"column-1\">Application Temperature<\/td><td class=\"column-2\">+5\u00b0C to +35\u00b0C<\/td>\n<\/tr>\n<tr class=\"row-5\">\n\t<td class=\"column-1\">Dwell Time in container<\/td><td class=\"column-2\">1 minute<\/td>\n<\/tr>\n<tr class=\"row-6\">\n\t<td class=\"column-1\">Setting time<\/td><td class=\"column-2\">1-2 minutes<\/td>\n<\/tr>\n<tr class=\"row-7\">\n\t<td class=\"column-1\">Adhesion Resistance<\/td><td class=\"column-2\">\u2265 0,5 N\/mm2<\/td>\n<\/tr>\n<\/tbody>\n<\/table>\n<!-- #tablepress-37 from cache -->\n<div class=\"page\" title=\"Page 11\">\n<div class=\"section\">\n<div class=\"layoutArea\">\n<div class=\"column\">\n<p>* Above given values are valid for ambient temperature of +23 \u00b0C and relative humidity of 50%. Time gets shorter at high temperatures and longer at low temperatures.<\/p>\n<\/div>\n<\/div>\n<\/div>\n<\/div>\n<\/div>\n<\/div>\n<\/div>\n<\/div>\n<\/div>\n<\/div>\n<\/div>\n<\/div>","protected":false},"excerpt":{"rendered":"<p>TANIMI C\u0327imento esasl\u0131, kullan\u0131ma haz\u0131r hem toz halinde hemde su ile kar\u0131s\u0327t\u0131rarak uygulanan h\u0131zl\u0131 priz alan su t\u0131kac\u0131. KULLANIM ALANLARI C\u0327imento esasl\u0131 yu\u0308zeyler ve bru\u0308t betonlarda, temellerde, bodrumlarda, asanso\u0308r bos\u0327luklar\u0131nda, su depolar\u0131nda havuzlarda ve beton borularda delik ve c\u0327atlaklardan gelen s\u0131z\u0131nt\u0131 veya bas\u0131nc\u0327l\u0131 sular\u0131n yal\u0131t\u0131m o\u0308ncesinde h\u0131zla durdurulmas\u0131 amac\u0131yla kullan\u0131l\u0131r. AVANTAJLARI Uygulamas\u0131 kolayd\u0131r. Yap\u0131s\u0327ma mukavemeti [&hellip;]<\/p>","protected":false},"featured_media":765,"comment_status":"open","ping_status":"closed","template":"","meta":[],"product_cat":[71,69],"product_tag":[],"_links":{"self":[{"href":"https:\/\/www.beyfix.com\/en\/wp-json\/wp\/v2\/product\/383"}],"collection":[{"href":"https:\/\/www.beyfix.com\/en\/wp-json\/wp\/v2\/product"}],"about":[{"href":"https:\/\/www.beyfix.com\/en\/wp-json\/wp\/v2\/types\/product"}],"replies":[{"embeddable":true,"href":"https:\/\/www.beyfix.com\/en\/wp-json\/wp\/v2\/comments?post=383"}],"wp:featuredmedia":[{"embeddable":true,"href":"https:\/\/www.beyfix.com\/en\/wp-json\/wp\/v2\/media\/765"}],"wp:attachment":[{"href":"https:\/\/www.beyfix.com\/en\/wp-json\/wp\/v2\/media?parent=383"}],"wp:term":[{"taxonomy":"product_cat","embeddable":true,"href":"https:\/\/www.beyfix.com\/en\/wp-json\/wp\/v2\/product_cat?post=383"},{"taxonomy":"product_tag","embeddable":true,"href":"https:\/\/www.beyfix.com\/en\/wp-json\/wp\/v2\/product_tag?post=383"}],"curies":[{"name":"wp","href":"https:\/\/api.w.org\/{rel}","templated":true}]}}