{"id":387,"date":"2019-01-11T01:27:04","date_gmt":"2019-01-10T22:27:04","guid":{"rendered":"http:\/\/www.nescoat.com\/?post_type=portfolio&#038;p=387"},"modified":"2022-03-19T13:58:32","modified_gmt":"2022-03-19T10:58:32","slug":"beyfix-korunt-esasli-yuzey-sertlestirme-harci","status":"publish","type":"product","link":"https:\/\/www.beyfix.com\/en\/magaza\/yapi-kimyasallari\/endustriyel-zemin-urunleri\/beyfix-korunt-esasli-yuzey-sertlestirme-harci\/","title":{"rendered":"CORUNDUM-BASED\nFLOOR HARDENING\nMORTAR"},"content":{"rendered":"<p><strong>DEFINITION<\/strong><br \/>\nIt is a surface hardener that creates high resistant and abrasion resistant\nsurfaces for industrial floors thanks to its cement, quartz, specially\nselected aggregate and chemical additives and pigment content.<br \/>\n<strong>AREAS OF USE<\/strong><br \/>\nIt is used indoors and outdoors in industrial and commercial areas\nsuch as warehouses, shopping malls, factories, workshops, parking lots,\nservice stations, aircraft hangars, helipads, shipyards, etc where high\nmechanical abrasion resistance and dust resistance are required.<br \/>\n<strong>ADVANTAGES<\/strong><br \/>\nIt provides smooth and non-dusting surfaces. It has high resistance to\nabrasion and impacts. Due to its high impermeability, it is highly resistant\nto grease and petroleum oils. It is easy to clean. There are plenty of color\noptions. It is economical and easy to apply. It is long-lasting.<br \/>\n<strong>SURFACE<\/strong> <strong>PREPARATION<\/strong><br \/>\nThe quality of the concrete on which BEYFIX CORUNDUM AGGREGATED SURFACE HARDENER will be applied is important. Compressive strength should be at least 25 N \/ mm2. For a good result, the concrete should contain sufficient amount of cement (300-350 kg \/ m3) and the thickness of the floor concrete should be at least 15 cm. The unset concrete surface on which the product will be applied should be smoothed with a steel trowel or a wooden trowel instead of a tray finishing. Surface hardener is ready for application if a a 5-10 mm deep mark is formed on the concrete surface when pressed with your thumb. Concretes with air-entraining admixtures are not suitable for surface hardeners.<br \/>\n<strong>INSTRUCTIONS OF USE<\/strong><br \/>\n2\/3 of BEYFIX CORUNDUM AGGREGATED SURFACE HARDENER is sprinkled on the surface manually or with suitable tools and homogeneously distributed. There should be no clump on application surface. In order not to decompose aggregates in the product, sprinkling should not be done over long distances. Wait until sprinkled material is moistened evenly by the water of concrete at every point. The material, whose color changes after absorbing the water, is rubbed into the surface with a low-speed trowel (helicopter) and thus, it is communed with concrete. Remaining 1\/3 of the material is sprinkled on the surface homogeneously and when it gets dark color, finishing is done by being fed into the floor. Finally, for the smoothing process, the blade finishing is done.<br \/>\nPreliminary betterment is made at low speed and with the lowest angle, after which final correction is made until desired brightness is achieved<br \/>\nat high speed . Upon completion of application BEYFIX ACRYLIC BASED CONCRETE CURE is applied to prevent premature drying and cracking. Depending on the ambient temperature, false joints are cut in a width of 4 mm within 1-7 days after the application is completed, and filled with appropriate joint filler after cleaning.<br \/>\n<strong>PACKAGE<\/strong><br \/>\nIt is 25 kg craft bag. (PE reinforced)<br \/>\n64 bags of shilling in one pallet (106 x 106 cm)<br \/>\n<strong>STORAGE AND SHELF LIFE<\/strong><br \/>\nMaximum 2 palettes could be superimposed in closed original packaging and under cool and dry ambient. Shelf life is 12 months under proper storage conditions after manufacturing date.<br \/>\n<strong>SAFETY PRECAUTIONS<\/strong><br \/>\nGloves should be used during application. Areas contacted to product should be washed with plenty of water. If swallowed, call for a physician, immediately.<br \/>\n<strong>QUALITY STANDARD<\/strong><br \/>\nIt complies with TS EN 1504-2 April 2008.<\/p>\n<p>It complies with CE Communique..<\/p>\n\n<table id=\"tablepress-13\" class=\"tablepress tablepress-id-13\">\n<tbody class=\"row-hover\">\n<tr class=\"row-1 odd\">\n\t<td class=\"column-1\">Appearance<\/td><td class=\"column-2\">Gray, red, green, yellow color powder.<\/td>\n<\/tr>\n<tr class=\"row-2 even\">\n\t<td class=\"column-1\">Consumption<\/td><td class=\"column-2\">4-6 kg \/m2(for a thickness of 2-3 mm )<\/td>\n<\/tr>\n<tr class=\"row-3 odd\">\n\t<td class=\"column-1\">Application Temperature<\/td><td class=\"column-2\">+5\u00b0C to +35\u00b0C<\/td>\n<\/tr>\n<tr class=\"row-4 even\">\n\t<td class=\"column-1\">Abrasive resistance<\/td><td class=\"column-2\">\u2264 3000 mg [ 1000 rpm, 1000 g load] <\/td>\n<\/tr>\n<tr class=\"row-5 odd\">\n\t<td class=\"column-1\">Capillary water absorption<\/td><td class=\"column-2\">\u2264 0,1 kg\/m2.h0,5<\/td>\n<\/tr>\n<tr class=\"row-6 even\">\n\t<td class=\"column-1\">Impact strength<\/td><td class=\"column-2\">\u2265 20 Nm<\/td>\n<\/tr>\n<tr class=\"row-7 odd\">\n\t<td class=\"column-1\">Tensile Adhesive Strength<\/td><td class=\"column-2\">\u2265 2 N\/ mm2<\/td>\n<\/tr>\n<\/tbody>\n<\/table>\n<!-- #tablepress-13 from cache -->","protected":false},"excerpt":{"rendered":"<p>TANIM \u00c7imento, kuvars, \u00f6zel se\u00e7ilmi\u015f agrega ve kimyasal katk\u0131lar ve pigment i\u00e7eri\u011fi sayesinde end\u00fcstriyel zeminler i\u00e7in y\u00fcksek dayan\u0131ml\u0131 ve a\u015f\u0131nmaya dayan\u0131kl\u0131 y\u00fczeyler olu\u015fturan y\u00fczey sertle\u015ftiricidir. KULLANIM ALANLARI Y\u00fcksek mekanik a\u015f\u0131nma direnci ve toz direnci istenen depolar, al\u0131\u015fveri\u015f merkezleri, fabrikalar, at\u00f6lyeler, otoparklar, servis istasyonlar\u0131 gibi end\u00fcstriyel ve ticari alanlarda i\u00e7 ve d\u0131\u015f mekanlarda kullan\u0131l\u0131r. AVANTAJLAR P\u00fcr\u00fczs\u00fcz [&hellip;]<\/p>","protected":false},"featured_media":769,"comment_status":"open","ping_status":"closed","template":"","meta":[],"product_cat":[72,69],"product_tag":[],"_links":{"self":[{"href":"https:\/\/www.beyfix.com\/en\/wp-json\/wp\/v2\/product\/387"}],"collection":[{"href":"https:\/\/www.beyfix.com\/en\/wp-json\/wp\/v2\/product"}],"about":[{"href":"https:\/\/www.beyfix.com\/en\/wp-json\/wp\/v2\/types\/product"}],"replies":[{"embeddable":true,"href":"https:\/\/www.beyfix.com\/en\/wp-json\/wp\/v2\/comments?post=387"}],"wp:featuredmedia":[{"embeddable":true,"href":"https:\/\/www.beyfix.com\/en\/wp-json\/wp\/v2\/media\/769"}],"wp:attachment":[{"href":"https:\/\/www.beyfix.com\/en\/wp-json\/wp\/v2\/media?parent=387"}],"wp:term":[{"taxonomy":"product_cat","embeddable":true,"href":"https:\/\/www.beyfix.com\/en\/wp-json\/wp\/v2\/product_cat?post=387"},{"taxonomy":"product_tag","embeddable":true,"href":"https:\/\/www.beyfix.com\/en\/wp-json\/wp\/v2\/product_tag?post=387"}],"curies":[{"name":"wp","href":"https:\/\/api.w.org\/{rel}","templated":true}]}}