{"id":391,"date":"2019-01-11T01:30:19","date_gmt":"2019-01-10T22:30:19","guid":{"rendered":"http:\/\/www.nescoat.com\/?post_type=portfolio&#038;p=391"},"modified":"2022-03-22T17:03:35","modified_gmt":"2022-03-22T14:03:35","slug":"beyfix-kendiliginden-yayilan-tesviye-sapi","status":"publish","type":"product","link":"https:\/\/www.beyfix.com\/en\/magaza\/yapi-kimyasallari\/endustriyel-zemin-urunleri\/beyfix-kendiliginden-yayilan-tesviye-sapi\/","title":{"rendered":"SELF-LEVELING\nSCREED"},"content":{"rendered":"<p><strong>DEFINITION<\/strong><br \/>\nCement-based, self-spreading leveling screed<br \/>\n<strong>AREAS OF USE<\/strong><br \/>\nLeveling screed before finishing layer coating onto concrete floor and cement-based alum on ground of indoor spaces (beneath ceramic, marble, natural stone, parquet, carpet, and PVC coating).<br \/>\n<strong>ADVANTAGES<\/strong><br \/>\nIt is easy to prepare and apply. It is a self leveling product and measurable. It can be pumped.<br \/>\n<strong>SURFACE PREPARATION<\/strong><br \/>\nApplication surface should be clean and free of loosen surfaces and dust, which prevent adhesion. Corrupt surfaces, cracks, and fractures should be repaired prior to application. Grounds with cement should be wet before application, after which they are primed by means of BEYFIX LATEX MULTI-PURPOSE PRIMING in order to increase use life and adherence and decrease air bubbles of material.<br \/>\n<strong>INSTRUCTIONS OF USE<\/strong><br \/>\n25 kg of BEYFIX SELF-LEVELING SCREED is slightly poured into 7-7,5 l of water at ambient temperature between + 5 \u00b0C and +35\u00b0C and mixed by a mixer with low revolution (400-600 rpm) to obtain a homogeneous mixture. The mortar prepared is left to mature by 5-10 minutes, after which it is further mixed by 1-2 minutes before starting application. Material is leveled onto surface by means of toothed trowel or rubber mop in 20 minutes. Continuous application is required to obtain a smooth and solid surface coating. Depending on the size of the application area, more than one mixture should be prepared and surface integrity should be ensured by pouring it on the application floor consecutively. No water should be added during setting time and air bubbles on the surface should be taken by means of spiked roller. BEYFIX SELF-LEVELING SCREED should be protected against fast air loss, depending on weather conditions. At least 3 days should be waited prior to moisture-sensitive coating (PVC ground coating, linoleum, parquet, carpet, etc) after application.<br \/>\n<strong>PACKAGE<\/strong><br \/>\nIt is 25 kg craft bag. (PE reinforced)<br \/>\n64 bags of shilling in one pallet (106 x 106 cm)<br \/>\n<strong>STORAGE AND SHELF LIFE<\/strong><br \/>\nMaximum 2 palettes could be superimposed in closed original packaging and under cool and dry ambient. Shelf life is 12 months under proper storage conditions after manufacturing date.<br \/>\n<strong>SAFETY PRECAUTIONS<\/strong><br \/>\nGloves should be used during application. Areas contacted to product should be washed with plenty of water. If swallowed, call for a physician, immediately.<br \/>\n<strong>QUALITY STANDARD<\/strong><br \/>\nIt complies with TS EN 13813 \/ December 2004. It complies with CE Communique..<\/p>\n\n<table id=\"tablepress-14\" class=\"tablepress tablepress-id-14\">\n<tbody class=\"row-hover\">\n<tr class=\"row-1 odd\">\n\t<td class=\"column-1\">Appearance<\/td><td class=\"column-2\">Gray colored powder<\/td>\n<\/tr>\n<tr class=\"row-2 even\">\n\t<td class=\"column-1\">Mixing Ratio<\/td><td class=\"column-2\">7-7.5 l of water \/ 25 kg of powder<\/td>\n<\/tr>\n<tr class=\"row-3 odd\">\n\t<td class=\"column-1\">Consumption<\/td><td class=\"column-2\">1,75 kg\/m2(for 1 mm of thickness)<\/td>\n<\/tr>\n<tr class=\"row-4 even\">\n\t<td class=\"column-1\">Dwell Time in container<\/td><td class=\"column-2\">20 minutes<\/td>\n<\/tr>\n<tr class=\"row-5 odd\">\n\t<td class=\"column-1\">Final Setting<\/td><td class=\"column-2\">15-30 minutes<\/td>\n<\/tr>\n<tr class=\"row-6 even\">\n\t<td class=\"column-1\">Final setting<\/td><td class=\"column-2\">60-90 minutes<\/td>\n<\/tr>\n<tr class=\"row-7 odd\">\n\t<td class=\"column-1\">Application Temperature<\/td><td class=\"column-2\">+5\u00b0C to +35\u00b0C<\/td>\n<\/tr>\n<tr class=\"row-8 even\">\n\t<td class=\"column-1\">Time to use<\/td><td class=\"column-2\">24 hours<\/td>\n<\/tr>\n<tr class=\"row-9 odd\">\n\t<td class=\"column-1\">Compression strength<\/td><td class=\"column-2\">\u2265 25 N\/mm2 (28 days)<\/td>\n<\/tr>\n<tr class=\"row-10 even\">\n\t<td class=\"column-1\">Bending strength<\/td><td class=\"column-2\">\u2265 6 N\/mm2 (28 days)<\/td>\n<\/tr>\n<tr class=\"row-11 odd\">\n\t<td class=\"column-1\">Application thickness<\/td><td class=\"column-2\">Between 3-10 mm<\/td>\n<\/tr>\n<tr class=\"row-12 even\">\n\t<td class=\"column-1\">Abrasive resistance<\/td><td class=\"column-2\">\u2264 15 cm3 \/ 50 cm2<\/td>\n<\/tr>\n<\/tbody>\n<\/table>\n<!-- #tablepress-14 from cache -->\n<p>Above given values are valid for ambient temperature of +23 \u00b0C and\nrelative humidity of 50%.<\/p>","protected":false},"excerpt":{"rendered":"<p>TANIM \u00c7imento esasl\u0131, kendili\u011finden yay\u0131lan tesviye \u015fap\u0131 KULLANIM ALANLARI \u0130\u00e7 mekan zeminlerinde (seramik, mermer, do\u011fal ta\u015f, parke, hal\u0131 ve PVC kaplama alt\u0131) beton zemin ve \u00e7imento esasl\u0131 \u015fap \u00fczerine son kat kaplama \u00f6ncesi tesviye \u015fap\u0131. AVANTAJLAR Haz\u0131rlanmas\u0131 ve uygulanmas\u0131 kolayd\u0131r. Kendinden yay\u0131lan bir \u00fcr\u00fcnd\u00fcr ve \u00f6l\u00e7\u00fclebilir. Pompalanabilir. Y\u00dcZEY HAZIRLI\u011eI Uygulama y\u00fczeyi temiz, gev\u015fek y\u00fczeyler ve [&hellip;]<\/p>","protected":false},"featured_media":773,"comment_status":"open","ping_status":"closed","template":"","meta":[],"product_cat":[72,69],"product_tag":[],"_links":{"self":[{"href":"https:\/\/www.beyfix.com\/en\/wp-json\/wp\/v2\/product\/391"}],"collection":[{"href":"https:\/\/www.beyfix.com\/en\/wp-json\/wp\/v2\/product"}],"about":[{"href":"https:\/\/www.beyfix.com\/en\/wp-json\/wp\/v2\/types\/product"}],"replies":[{"embeddable":true,"href":"https:\/\/www.beyfix.com\/en\/wp-json\/wp\/v2\/comments?post=391"}],"wp:featuredmedia":[{"embeddable":true,"href":"https:\/\/www.beyfix.com\/en\/wp-json\/wp\/v2\/media\/773"}],"wp:attachment":[{"href":"https:\/\/www.beyfix.com\/en\/wp-json\/wp\/v2\/media?parent=391"}],"wp:term":[{"taxonomy":"product_cat","embeddable":true,"href":"https:\/\/www.beyfix.com\/en\/wp-json\/wp\/v2\/product_cat?post=391"},{"taxonomy":"product_tag","embeddable":true,"href":"https:\/\/www.beyfix.com\/en\/wp-json\/wp\/v2\/product_tag?post=391"}],"curies":[{"name":"wp","href":"https:\/\/api.w.org\/{rel}","templated":true}]}}