{"id":440,"date":"2019-01-11T02:20:40","date_gmt":"2019-01-10T23:20:40","guid":{"rendered":"http:\/\/www.nescoat.com\/?post_type=portfolio&#038;p=440"},"modified":"2022-04-05T17:22:51","modified_gmt":"2022-04-05T14:22:51","slug":"beyfix-isi-yalitim-levha-siva-harci","status":"publish","type":"product","link":"https:\/\/www.beyfix.com\/en\/magaza\/isi-yalitim-sistemleri\/isi-yalitim-urunleri\/beyfix-isi-yalitim-levha-siva-harci\/","title":{"rendered":"THERMAL\nINSULATION\nBOARD PLASTER\nMORTAR"},"content":{"rendered":"<p><strong>DEFINITION<\/strong><br \/>\nIt is a cement-based, fiber-reinforced special plaster that is used to plaster\non thermal and sound insulation materials such as polystyrene-based\nand rock wool boards indoors and outdoors, increasing the strength of\nthe surface with the application of mesh.<br \/>\n<strong>AREAS OF USE<\/strong><br \/>\nIt is used for plastering on concrete, aerated concrete, filler foam in\nthe exterior heat insulation system, in the plastering of the thermal\ninsulation plate, indoors and outdoors. Residences, shopping malls and\nhospitals. In horizontal, vertical and overhead applications. In all types of\nreinforced concrete engineering structures.<br \/>\n<strong>ADVANTAGES<\/strong><br \/>\nIt is easy to apply and form. It shows high resistance to all kinds of climatic\nconditions. Its long-term resistance to weather conditions has been\nproven by hygrothermic wall tests. Thanks to the polymer additives\nit contains, it has a flexible feature. It has vapor permeability. It is not\nflammable. Paint can be applied directly on it. Thanks to the fibers in\nits structure, it absorbs stresses and vibrations arising from temperature\ndifferences, minimizing the risk of cracking.<br \/>\n<strong>SURFACE PREPARATION<\/strong><br \/>\nSurfaces should be clean, smooth, solid, free from all kinds of dust, oil, dirt, rust, mold oil, detergent and similar adhesion preventing substances and wastes. Surfaces should be smooth, loose parts should be removed. If there are cracks and cavities on the floor or wall to be applied, it should be repaired with appropriate BEYFIX repair mortars. Spaces between thermal insulation boards should be filled with small pieces to be cut from these boards.<br \/>\nBefore plaster application, places where dowel will be placed on the board are opened by means of a punch attached to drill bit. Dowels are placed and hammered. Choice of dowel should be made depending on thickness of concrete, brick, aerated concrete, thermal insulation board. For 1 m2 area, at least 6 dowels should be inserted. As the floor height increases, the number of dowels should also be increased. Opening of the dowels properly increases quality of application. If the wide round side (head part) of dowels is too far outside or too far inside the plane of the board, a bad view will occur when application takes rain or with the incident of sunlight. The places where dowels come from are determined.<br \/>\n<strong>INSTRUCTIONS OF USE<\/strong><br \/>\n25 kg of BEYFIX THERMAL INSULATION BOARD PLASTER is slightly poured into 6-7 l of water at ambient temperature between + +5 \u00b0C and +35\u00b0C and mixed by a mixer with low revolution (400-600 rpm) for 3-5 minutes to obtain a homogeneous mixture.<br \/>\nfurther mixed by 1-2 minutes before starting application. BEYFIX THERMAL INSULATION PLASTER mortar is applied with a steel trowel on the thermal insulation boards. Glass-fiber mesh is placed from top to\nbottom with the help of a steel trowel by slightly pressing on the plaster mortar before it dries. Glass-fiber mesh is superimposed by 10 cm at joint<br \/>\nAfter the first layer of plaster is slightly watered, the second layer of plaster is applied before it dries. After the second layer of plaster is applied, the surface is smoothed with a steel trowel. Prepared mortar is consumed within 3 hours, the mortar that has expired is not applied. After the plaster mortar is completely dry, breathable top coating material is applied.<br \/>\n<strong>PACKAGE<\/strong><br \/>\nIt is 25 kg craft bag. (PE reinforced)<br \/>\n64 bags of shilling in one pallet (106 x 106 cm)<br \/>\n<strong>STORAGE AND SHELF LIFE<\/strong><br \/>\nMaximum 2 palettes could be superimposed in closed original packaging and under cool and dry ambient. Shelf life is 12 months under proper storage conditions after manufacturing date.<br \/>\n<strong>QUALITY STANDARD<\/strong><br \/>\nIt is TS EN 13687 certified.<\/p>\n<p>It complies with the G Standard.<\/p>\n\n<table id=\"tablepress-27\" class=\"tablepress tablepress-id-27\">\n<tbody>\n<tr class=\"row-1\">\n\t<td class=\"column-1\">Appearance<\/td><td class=\"column-2\">Gray colored powder<\/td>\n<\/tr>\n<tr class=\"row-2\">\n\t<td class=\"column-1\">Mixing Ratio<\/td><td class=\"column-2\">6-7 l of water \/ 25 kg of powder<\/td>\n<\/tr>\n<tr class=\"row-3\">\n\t<td class=\"column-1\">Consumption<\/td><td class=\"column-2\">3-5 kg\/m2 (for a thickness of 2 mm)<\/td>\n<\/tr>\n<tr class=\"row-4\">\n\t<td class=\"column-1\">Application Temperature<\/td><td class=\"column-2\">+5\u00b0C to +35\u00b0C<\/td>\n<\/tr>\n<tr class=\"row-5\">\n\t<td class=\"column-1\">Dwell Time in container<\/td><td class=\"column-2\">3 hours<\/td>\n<\/tr>\n<tr class=\"row-6\">\n\t<td class=\"column-1\">Thermal Insulation Board Adhesion Strength<\/td><td class=\"column-2\">\u2265 0,08 N\/mm2<\/td>\n<\/tr>\n<tr class=\"row-7\">\n\t<td class=\"column-1\">Bonding strength<\/td><td class=\"column-2\">\u2265 0,5 N\/mm2<\/td>\n<\/tr>\n<tr class=\"row-8\">\n\t<td class=\"column-1\">Bending strength<\/td><td class=\"column-2\">\u2265 2 N\/mm2<\/td>\n<\/tr>\n<tr class=\"row-9\">\n\t<td class=\"column-1\">Compression strength<\/td><td class=\"column-2\">\u2265 6 N\/mm2<\/td>\n<\/tr>\n<tr class=\"row-10\">\n\t<td class=\"column-1\">Unit Volume Mass of Hollow Unset Mortar<\/td><td class=\"column-2\">\u2265 1000 kg\/m3<\/td>\n<\/tr>\n<tr class=\"row-11\">\n\t<td class=\"column-1\">Capillary water absorption<\/td><td class=\"column-2\">\u2264 0,5 (kg\/m2.minute0,5)<\/td>\n<\/tr>\n<tr class=\"row-12\">\n\t<td class=\"column-1\">Vapor permeability<\/td><td class=\"column-2\">\u2264 15<\/td>\n<\/tr>\n<tr class=\"row-13\">\n\t<td class=\"column-1\">Reaction to fire<\/td><td class=\"column-2\">A1<\/td>\n<\/tr>\n<\/tbody>\n<\/table>\n<!-- #tablepress-27 from cache -->\n<div id=\"dflip_post_meta_box_shortcode\" class=\"postbox\">\n<div class=\"inside\">\n<div class=\"dflip-tabs normal-tabs\">\n<div id=\"dflip-tab-content-normal\" class=\"dflip-tab-content dflip-active\"><\/div>\n<\/div>\n<\/div>\n<\/div>\n<div id=\"submitdiv\" class=\"postbox\">\n<div class=\"postbox-header\">\n<div class=\"handle-actions hide-if-no-js\"><\/div>\n<\/div>\n<\/div>\n<p>&nbsp;<\/p>","protected":false},"excerpt":{"rendered":"<p>TANIM \u00c7imento esasl\u0131, elyaf takviyeli, i\u00e7 ve d\u0131\u015f mekanlarda polistiren esasl\u0131 ve ta\u015fy\u00fcn\u00fc levhalar gibi \u0131s\u0131 ve ses yal\u0131t\u0131m malzemelerinin \u00fczerine s\u0131va yapmak i\u00e7in kullan\u0131lan, file uygulamas\u0131 ile y\u00fczeyin mukavemetini art\u0131ran \u00f6zel s\u0131vad\u0131r. KULLANIM ALANLARI D\u0131\u015f cephe \u0131s\u0131 yal\u0131t\u0131m sisteminde beton, gazbeton, dolgu k\u00f6p\u00fc\u011f\u00fc \u00fczerine s\u0131va yap\u0131lmas\u0131nda, i\u00e7 ve d\u0131\u015f mekanlarda \u0131s\u0131 yal\u0131t\u0131m levhas\u0131n\u0131n s\u0131vanmas\u0131nda [&hellip;]<\/p>","protected":false},"featured_media":807,"comment_status":"open","ping_status":"closed","template":"","meta":[],"product_cat":[74,76],"product_tag":[],"_links":{"self":[{"href":"https:\/\/www.beyfix.com\/en\/wp-json\/wp\/v2\/product\/440"}],"collection":[{"href":"https:\/\/www.beyfix.com\/en\/wp-json\/wp\/v2\/product"}],"about":[{"href":"https:\/\/www.beyfix.com\/en\/wp-json\/wp\/v2\/types\/product"}],"replies":[{"embeddable":true,"href":"https:\/\/www.beyfix.com\/en\/wp-json\/wp\/v2\/comments?post=440"}],"wp:featuredmedia":[{"embeddable":true,"href":"https:\/\/www.beyfix.com\/en\/wp-json\/wp\/v2\/media\/807"}],"wp:attachment":[{"href":"https:\/\/www.beyfix.com\/en\/wp-json\/wp\/v2\/media?parent=440"}],"wp:term":[{"taxonomy":"product_cat","embeddable":true,"href":"https:\/\/www.beyfix.com\/en\/wp-json\/wp\/v2\/product_cat?post=440"},{"taxonomy":"product_tag","embeddable":true,"href":"https:\/\/www.beyfix.com\/en\/wp-json\/wp\/v2\/product_tag?post=440"}],"curies":[{"name":"wp","href":"https:\/\/api.w.org\/{rel}","templated":true}]}}