{"id":487,"date":"2019-01-11T03:03:47","date_gmt":"2019-01-11T00:03:47","guid":{"rendered":"http:\/\/www.nescoat.com\/?post_type=portfolio&#038;p=487"},"modified":"2022-03-21T12:01:57","modified_gmt":"2022-03-21T09:01:57","slug":"beyfix-burut-beton-astari","status":"publish","type":"product","link":"https:\/\/www.beyfix.com\/en\/magaza\/insaat-boyalari\/astarlar\/beyfix-burut-beton-astari\/","title":{"rendered":"EXPOSED\nCONCRETE\nPRIMING"},"content":{"rendered":"<p><strong>DEFINITION<\/strong><br \/>\nAcrylic emulsion based primer for exposed concrete surfaces, walls and ceilings to increase the adherence and working time of plaster and cement based plasters to the surface.<br \/>\n<strong>AREAS OF USE<\/strong><br \/>\nIt is applied beneath grout onto exposed concrete surfaces with high absorbency at indoor and outdoor spaces in order to increase adherence and decrease absorbency.<br \/>\n<strong>ADVANTAGES<\/strong><br \/>\nIt decreases absorbency of surfaces and prevents the material to be\napplied onto getting lost the water. Therefore, it prevents cracks due to\nshrinkage. It adheres dusty parts onto surfaces and ensures the material\nto be applied fasten on surface. It increases working time for materials\nsuch as cement- and gypsum-based products. It is ready to use. It can be\napplied by means of fleece roller.<br \/>\n<strong>SURFACE PREPARATION<\/strong><br \/>\nApplication surface should be clean and free of loosen surfaces and dust, which prevent adhesion.<br \/>\n<strong>INSTRUCTIONS OF USE<\/strong><br \/>\nBEYFIX EXPOSED CONCRETE PRIMER is diluted with water (BEYFIX PRIMER \/ WATER = 4\/1) at an ambient temperature between + 5 \u00b0 C and + 35 \u00b0 C and mixed until it becomes homogeneous. It is applied onto surface in equal thickness by means of fleece roller. Primer should be waited to dry before starting grout application. BEYFIX EXPOSED CONCRETE PRIMER should be blended time to time to protect its homogeneous structure and prevent settlements.<br \/>\n<strong>PACKAGE<\/strong><br \/>\n12 kg and 15 kg of plastic container.<br \/>\n<strong>STORAGE AND SHELF LIFE<\/strong><br \/>\nMaximum 4 buckets could be superimposed in closed original packaging\nand under cool and dry ambient. Shelf life is 12 months under proper\nstorage conditions after manufacturing date.<br \/>\n<strong>SAFETY PRECAUTIONS<\/strong><br \/>\nGloves should be used during application. Areas contacted to product should be washed with plenty of water. If swallowed, call for medical, immediately.<\/p>\n\n<table id=\"tablepress-33\" class=\"tablepress tablepress-id-33\">\n<tbody>\n<tr class=\"row-1\">\n\t<td class=\"column-1\">Appearance<\/td><td class=\"column-2\">Tile red liquid<\/td>\n<\/tr>\n<tr class=\"row-2\">\n\t<td class=\"column-1\">Consumption<\/td><td class=\"column-2\">0,200 \u2013 0,300 kg\/m2<\/td>\n<\/tr>\n<tr class=\"row-3\">\n\t<td class=\"column-1\">Drying period<\/td><td class=\"column-2\">12-24 hours (23\u00b0C)<\/td>\n<\/tr>\n<tr class=\"row-4\">\n\t<td class=\"column-1\">Dilution rate<\/td><td class=\"column-2\">BEYFIX exposed concrete priming \/ water (4\/1)<\/td>\n<\/tr>\n<tr class=\"row-5\">\n\t<td class=\"column-1\">Density<\/td><td class=\"column-2\">1,2-1,6 gr\/cm3<\/td>\n<\/tr>\n<tr class=\"row-6\">\n\t<td class=\"column-1\">pH<\/td><td class=\"column-2\">7-9<\/td>\n<\/tr>\n<tr class=\"row-7\">\n\t<td class=\"column-1\">Finished Film Appearance<\/td><td class=\"column-2\">Kaba y\u00fczey<\/td>\n<\/tr>\n<tr class=\"row-8\">\n\t<td class=\"column-1\">Application Temperature<\/td><td class=\"column-2\">+5\u00b0C to +35\u00b0C<\/td>\n<\/tr>\n<tr class=\"row-9\">\n\t<td class=\"column-1\">Application devices<\/td><td class=\"column-2\">Lambskin paint roller<\/td>\n<\/tr>\n<\/tbody>\n<\/table>\n<!-- #tablepress-33 from cache -->\n<p>&nbsp;<\/p>","protected":false},"excerpt":{"rendered":"<p>TANIM Akrilik em\u00fclsiyon esasl\u0131 br\u00fct beton y\u00fczeyler, duvarlar ve tavanlar i\u00e7in s\u0131va ve \u00e7imento esasl\u0131 s\u0131valar\u0131n y\u00fczeye aderans\u0131n\u0131 ve \u00e7al\u0131\u015fma s\u00fcresini art\u0131rmak i\u00e7in astar. KULLANIM ALANLARI \u0130\u00e7 ve d\u0131\u015f mekanlarda emicili\u011fi y\u00fcksek br\u00fct beton y\u00fczeylere, aderans\u0131 art\u0131rmak ve emicili\u011fi azaltmak amac\u0131yla derz alt\u0131na uygulan\u0131r. AVANTAJLAR Y\u00fczeylerin emicili\u011fini azalt\u0131r ve \u00fczerine uygulanacak malzemenin suyunu kaybetmesini engeller. [&hellip;]<\/p>","protected":false},"featured_media":843,"comment_status":"open","ping_status":"closed","template":"","meta":[],"product_cat":[80,77],"product_tag":[],"_links":{"self":[{"href":"https:\/\/www.beyfix.com\/en\/wp-json\/wp\/v2\/product\/487"}],"collection":[{"href":"https:\/\/www.beyfix.com\/en\/wp-json\/wp\/v2\/product"}],"about":[{"href":"https:\/\/www.beyfix.com\/en\/wp-json\/wp\/v2\/types\/product"}],"replies":[{"embeddable":true,"href":"https:\/\/www.beyfix.com\/en\/wp-json\/wp\/v2\/comments?post=487"}],"wp:featuredmedia":[{"embeddable":true,"href":"https:\/\/www.beyfix.com\/en\/wp-json\/wp\/v2\/media\/843"}],"wp:attachment":[{"href":"https:\/\/www.beyfix.com\/en\/wp-json\/wp\/v2\/media?parent=487"}],"wp:term":[{"taxonomy":"product_cat","embeddable":true,"href":"https:\/\/www.beyfix.com\/en\/wp-json\/wp\/v2\/product_cat?post=487"},{"taxonomy":"product_tag","embeddable":true,"href":"https:\/\/www.beyfix.com\/en\/wp-json\/wp\/v2\/product_tag?post=487"}],"curies":[{"name":"wp","href":"https:\/\/api.w.org\/{rel}","templated":true}]}}