{"id":854,"date":"2019-07-24T18:23:58","date_gmt":"2019-07-24T15:23:58","guid":{"rendered":"http:\/\/www.beyfix.com\/?post_type=portfolio&#038;p=854"},"modified":"2022-03-22T19:32:32","modified_gmt":"2022-03-22T16:32:32","slug":"beyfix-silikonlu-ic-cephe-astari","status":"publish","type":"product","link":"https:\/\/www.beyfix.com\/en\/magaza\/insaat-boyalari\/ic-cephe-boyalari\/beyfix-silikonlu-ic-cephe-astari\/","title":{"rendered":"SILICON-ADDED INTERIOR FACADE PRIMING"},"content":{"rendered":"<p><strong>DEFINITION<\/strong><br \/>\nAcrylic emulsion based exterior fa\u00e7ade primer with silicon.<br \/>\n<strong>AREAS OF USE<\/strong><br \/>\nThanks to its silicone additive and special fillers, it is used as a primer to increase adherence to mineral surfaces such as cement-based plasters, cement panels, and under top coat paints and coatings, and to reduce the consumption of top coat paint and coating. With its high covering power, it is applied as an interior primer on surfaces where color change is desired.<br \/>\n<strong>ADVANTAGES<\/strong><br \/>\nIt is easy to prepare and apply. It ensures adherence of top coat paint or\ncoating to surface and reduces consumption of material. Its resistance to\nmold formation is high. It has high covering power.<br \/>\n<strong>SURFACE PREPARATION<\/strong><br \/>\nApplication surface must be clean, dry, smooth, and solid.<br \/>\n<strong>INSTRUCTIONS OF USE<\/strong><br \/>\nBEYFIX SILICON ADDED EXTERIOR FACADE PRIMING should be diluted by 20% with water in volume and mixed thoroughly until becoming homogeneous before proceeding with application, after which it should be applied by means of brush or roll in single layer. Paint application should be started 12 hours after the application of SLICONE ADDED EXTERIOR PRIMING.<br \/>\n<strong>PACKAGE<\/strong><br \/>\nIn 20 kg of plastic container<br \/>\n<strong>STORAGE AND SHELF LIFE<\/strong><br \/>\nMaximum 4 buckets could be superimposed in closed original packaging and under cool and dry ambient. Shelf life is 12 months under proper storage conditions after manufacturing date. Ambient and surface temperature should be at least 5\u00b0C during and 24 hours after application.<br \/>\n<strong>SAFETY PRECAUTIONS<\/strong><br \/>\nP102: Keep out of reach of children<br \/>\nP262: Do not allow contacting with eyes, skin, or clothing.<br \/>\nP391: Collect the spillage.<br \/>\nP301+P312: IF SWALLOWED: If you don\u2019t feel well, call 114 - NATIONAL POISON ADVICE CENTER or the doctor \/ physician.<\/p>\n<p>Conforms to Standards.<\/p>\n\n<table id=\"tablepress-32\" class=\"tablepress tablepress-id-32\">\n<tbody>\n<tr class=\"row-1\">\n\t<td class=\"column-1\">Structure<\/td><td class=\"column-2\">Acrylic dispersion based<\/td>\n<\/tr>\n<tr class=\"row-2\">\n\t<td class=\"column-1\">Color<\/td><td class=\"column-2\">Thick White Liquid<\/td>\n<\/tr>\n<tr class=\"row-3\">\n\t<td class=\"column-1\">Consumption<\/td><td class=\"column-2\">0.100\u2013 0,120 kg\/m2 (single layer) Depending on roughness and absorptivity of surface.<\/td>\n<\/tr>\n<tr class=\"row-4\">\n\t<td class=\"column-1\">Drying period<\/td><td class=\"column-2\">24 hours<\/td>\n<\/tr>\n<tr class=\"row-5\">\n\t<td class=\"column-1\">Application Temperature<\/td><td class=\"column-2\">+5\u00b0C to +35\u00b0C<\/td>\n<\/tr>\n<tr class=\"row-6\">\n\t<td class=\"column-1\">Density in powder form<\/td><td class=\"column-2\">1450\u00b1 100 kg.\/m3<\/td>\n<\/tr>\n<tr class=\"row-7\">\n\t<td class=\"column-1\">Adhesion Resistance<\/td><td class=\"column-2\">&gt;1 N\/mm2 (28 Days)<\/td>\n<\/tr>\n<\/tbody>\n<\/table>\n<!-- #tablepress-32 from cache -->\n<p>Above given values are valid for ambient temperature of +23 \u00b0C and\nrelative humidity of 50%.<\/p>","protected":false},"excerpt":{"rendered":"<p>TANIM Akrilik em\u00fclsiyon esasl\u0131, silikonlu d\u0131\u015f cephe astar\u0131. KULLANIM ALANLARI \u0130\u00e7erdi\u011fi silikon katk\u0131l\u0131 ve \u00f6zel dolgu maddeleri sayesinde \u00e7imento esasl\u0131 s\u0131valar, \u00e7imento levhalar, son kat boya ve kaplamalar gibi mineral y\u00fczeylere aderans\u0131 art\u0131rmak, son kat boya ve kaplama t\u00fcketimini azaltmak i\u00e7in astar olarak kullan\u0131l\u0131r. . Y\u00fcksek \u00f6rtme g\u00fcc\u00fc ile renk de\u011fi\u015fimi istenen y\u00fczeylerde i\u00e7 cephe [&hellip;]<\/p>","protected":false},"featured_media":855,"comment_status":"open","ping_status":"closed","template":"","meta":[],"product_cat":[80,78,77],"product_tag":[],"_links":{"self":[{"href":"https:\/\/www.beyfix.com\/en\/wp-json\/wp\/v2\/product\/854"}],"collection":[{"href":"https:\/\/www.beyfix.com\/en\/wp-json\/wp\/v2\/product"}],"about":[{"href":"https:\/\/www.beyfix.com\/en\/wp-json\/wp\/v2\/types\/product"}],"replies":[{"embeddable":true,"href":"https:\/\/www.beyfix.com\/en\/wp-json\/wp\/v2\/comments?post=854"}],"wp:featuredmedia":[{"embeddable":true,"href":"https:\/\/www.beyfix.com\/en\/wp-json\/wp\/v2\/media\/855"}],"wp:attachment":[{"href":"https:\/\/www.beyfix.com\/en\/wp-json\/wp\/v2\/media?parent=854"}],"wp:term":[{"taxonomy":"product_cat","embeddable":true,"href":"https:\/\/www.beyfix.com\/en\/wp-json\/wp\/v2\/product_cat?post=854"},{"taxonomy":"product_tag","embeddable":true,"href":"https:\/\/www.beyfix.com\/en\/wp-json\/wp\/v2\/product_tag?post=854"}],"curies":[{"name":"wp","href":"https:\/\/api.w.org\/{rel}","templated":true}]}}