{"id":857,"date":"2019-07-24T18:28:33","date_gmt":"2019-07-24T15:28:33","guid":{"rendered":"http:\/\/www.beyfix.com\/?post_type=portfolio&#038;p=857"},"modified":"2022-03-31T18:46:38","modified_gmt":"2022-03-31T15:46:38","slug":"beyfix-silikonlu-dis-cephe-astari","status":"publish","type":"product","link":"https:\/\/www.beyfix.com\/en\/magaza\/insaat-boyalari\/astarlar\/beyfix-silikonlu-dis-cephe-astari\/","title":{"rendered":"SILICON ADDED\nEXTERIOR\nFACADE PRIMING"},"content":{"rendered":"<div class=\"page\" title=\"Page 27\">\n<div class=\"section\">\n<div class=\"layoutArea\">\n<div class=\"column\">\n<p><strong>DEFINITION<\/strong><\/p>\n<p>Acrylic emulsion based exterior fa\u00e7ade priming with silicon.<\/p>\n<p><strong>AREAS OF USE<\/strong><\/p>\n<p>It is intended to use as primer for improving adherence and reducing consumption of final instant plasters and exterior fa\u00e7ade coating materials on cement-based plasters, old-coating surfaces and underneath decorative plasters and exterior fa\u00e7ade coatings, especially on surfaces with high absorbance capacity.<\/p>\n<p><strong>ADVANTAGES<\/strong><\/p>\n<p>It is easy to prepare and apply. It ensures adherence of final stage plasters or exterior fa\u00e7ade coatings to surface and reduces consumption of material. New coating can be applied directly onto old coating. SURFACE PREPARATION\nApplication surface must be clean, dry, smooth, and solid.<\/p>\n<p><strong>SURFACE PREPARATION<\/strong><\/p>\n<p>Application surface must be clean, dry, smooth, and solid.<\/p>\n<p><strong>INSTRUCTIONS OF USE<\/strong><\/p>\n<p>BEYFIX SILICON ADDED EXTERIOR FACADE PRIMING should be diluted by 20-25% with in volume and mixed thoroughly until becoming homogeneous before proceeding with application\/, after which it should be applied by means of brush or roll in single layer. Mill-mixed plaster and coating application should be made 12 hours later than BEYFIX DEXTERIOR FACADE PAINT PRIMING application. Ambient and surface temperature should be at least 5\u00b0C during and 24 hours after application. P<\/p>\n<p><strong>PACKAGE<\/strong><\/p>\n<p>In 20 kg of plastic container<\/p>\n<div class=\"page\" title=\"Page 27\">\n<div class=\"section\">\n<div class=\"layoutArea\">\n<div class=\"column\">\n<p><strong>STORAGE AND SHELF LIFE<\/strong><\/p>\n<p>Maximum 4 buckets could be superimposed in closed original packaging and under cool and dry ambient. Shelf life is 12 months under proper storage conditions after manufacturing date.<\/p>\n<p><strong>SAFETY PRECAUTIONS<\/strong><\/p>\n<p>P102: Keep out of reach of children<br \/>\nP262: Do not allow contacting with eyes, skin, or clothing.<br \/>\nP391: Collect the spillage.<br \/>\nP301+P312: IF SWALLOWED: If you don\u2019t feel well, call 114 - NATIONAL POISON ADVICE CENTER or the doctor \/ physician.<\/p>\n\n<table id=\"tablepress-36\" class=\"tablepress tablepress-id-36\">\n<tbody>\n<tr class=\"row-1\">\n\t<td class=\"column-1\">Appearance<\/td><td class=\"column-2\">White<\/td>\n<\/tr>\n<tr class=\"row-2\">\n\t<td class=\"column-1\">Consumption<\/td><td class=\"column-2\">0.100\u2013 0,120 kg\/m2 (single layer) Depending on roughness and absorptivity of surface.<\/td>\n<\/tr>\n<tr class=\"row-3\">\n\t<td class=\"column-1\">Dilution rate<\/td><td class=\"column-2\">% 20\/25 (by volume)<\/td>\n<\/tr>\n<tr class=\"row-4\">\n\t<td class=\"column-1\">Drying period<\/td><td class=\"column-2\">12 hours<\/td>\n<\/tr>\n<tr class=\"row-5\">\n\t<td class=\"column-1\">pH<\/td><td class=\"column-2\">8-9<\/td>\n<\/tr>\n<tr class=\"row-6\">\n\t<td class=\"column-1\">Application Temperature<\/td><td class=\"column-2\">+5\u00b0C to +35\u00b0C<\/td>\n<\/tr>\n<\/tbody>\n<\/table>\n<!-- #tablepress-36 from cache -->\n<div class=\"page\" title=\"Page 27\">\n<div class=\"section\">\n<div class=\"layoutArea\">\n<div class=\"column\">\n<p>Above given values are valid for ambient temperature of +23 \u00b0C and relative humidity of 50%.<\/p>\n<\/div>\n<\/div>\n<\/div>\n<\/div>\n<\/div>\n<\/div>\n<\/div>\n<\/div>\n<\/div>\n<\/div>\n<\/div>\n<\/div>","protected":false},"excerpt":{"rendered":"<p>TANIMI Akrilik emu\u0308lsiyon esasl\u0131, beyaz, o\u0308rtu\u0308cu\u0308lu\u0308g\u0306u\u0308 yu\u0308ksek, dolgulu d\u0131s\u0327 cephe astar\u0131d\u0131r. KULLANIM ALANLARI Tu\u0308m binalar\u0131n d\u0131s\u0327 cephelerinde o\u0308zellikle emicilig\u0306i yu\u0308ksek yu\u0308zeylerde olmak u\u0308zere c\u0327imento bazl\u0131 s\u0131valar, eski kaplamal\u0131 yu\u0308zeyler u\u0308zerine haz\u0131r dekoratif s\u0131valar\u0131n ve d\u0131s\u0327 cephe kaplamalar\u0131n alt\u0131na aderans\u0131 artt\u0131rmak ve son kat haz\u0131r s\u0131va ve d\u0131s\u0327 cephe kaplamalar\u0131n\u0131n tu\u0308ketimini azaltmak amac\u0131yla astar olarak kullan\u0131l\u0131r. [&hellip;]<\/p>","protected":false},"featured_media":858,"comment_status":"open","ping_status":"closed","template":"","meta":[],"product_cat":[80,77],"product_tag":[],"_links":{"self":[{"href":"https:\/\/www.beyfix.com\/en\/wp-json\/wp\/v2\/product\/857"}],"collection":[{"href":"https:\/\/www.beyfix.com\/en\/wp-json\/wp\/v2\/product"}],"about":[{"href":"https:\/\/www.beyfix.com\/en\/wp-json\/wp\/v2\/types\/product"}],"replies":[{"embeddable":true,"href":"https:\/\/www.beyfix.com\/en\/wp-json\/wp\/v2\/comments?post=857"}],"wp:featuredmedia":[{"embeddable":true,"href":"https:\/\/www.beyfix.com\/en\/wp-json\/wp\/v2\/media\/858"}],"wp:attachment":[{"href":"https:\/\/www.beyfix.com\/en\/wp-json\/wp\/v2\/media?parent=857"}],"wp:term":[{"taxonomy":"product_cat","embeddable":true,"href":"https:\/\/www.beyfix.com\/en\/wp-json\/wp\/v2\/product_cat?post=857"},{"taxonomy":"product_tag","embeddable":true,"href":"https:\/\/www.beyfix.com\/en\/wp-json\/wp\/v2\/product_tag?post=857"}],"curies":[{"name":"wp","href":"https:\/\/api.w.org\/{rel}","templated":true}]}}