{"id":2630,"date":"2022-04-05T16:26:47","date_gmt":"2022-04-05T13:26:47","guid":{"rendered":"https:\/\/www.beyfix.com\/?post_type=product&#038;p=2630"},"modified":"2022-04-05T17:28:52","modified_gmt":"2022-04-05T14:28:52","slug":"beyfix-extra-fayans-ve-seramik-yapistiricisi-2","status":"publish","type":"product","link":"https:\/\/www.beyfix.com\/ru\/magaza\/yapi-kimyasallari\/yapistirma-ve-derz-dolgu-urunler\/beyfix-extra-fayans-ve-seramik-yapistiricisi-2\/","title":{"rendered":"\u042d\u041a\u0421\u0422\u0420\u0410\u041a\u041b\u0415\u0419\n\u0414\u041b\u042f \u041a\u0410\u0424\u0415\u041b\u0418 \u0418\n\u041a\u0415\u0420\u0410\u041c\u0418\u0427\u0415\u0421\u041a\u041e\u0419\n\u041f\u041b\u0418\u0422\u042b"},"content":{"rendered":"<p><strong>\u041e\u041f\u0418\u0421\u0410\u041d\u0418\u0415<\/strong><br \/>\n\u041a\u043b\u0435\u0439 \u0434\u043b\u044f \u043a\u0430\u0444\u0435\u043b\u0438 \u0438 \u043a\u0435\u0440\u0430\u043c\u0438\u0447\u0435\u0441\u043a\u043e\u0439 \u043f\u043b\u0438\u0442\u044b, \u0438\u0437\u0433\u043e\u0442\u043e\u0432\u043b\u0435\u043d \u043d\u0430 \u0446\u0435\u043c\u0435\u043d\u0442\u043d\u043e\u0439 \u043e\u0441\u043d\u043e\u0432\u0435 \u0434\u043e\u0431\u0430\u0432\u043b\u0435\u043d\u0438\u0435\u043c \u043f\u043e\u043b\u0438\u043c\u0435\u0440\u043e\u0432, \u0441 \u0432\u044b\u0441\u043e\u043a\u043e\u0439 \u0430\u0434\u0433\u0435\u0437\u0438\u0435\u0439 \u0438 \u0441 \u0443\u043c\u0435\u043d\u044c\u0448\u0435\u043d\u043d\u044b\u043c \u0441\u0432\u043e\u0439\u0441\u0442\u0432\u043e\u043c \u0441\u043a\u043e\u043b\u044c\u0436\u0435\u043d\u0438\u044f.<br \/>\n<strong>\u041c\u0415\u0421\u0422\u041e \u0418\u0421\u041f\u041e\u041b\u042c\u0417\u041e\u0412\u0410\u041d\u0418\u042f<\/strong><br \/>\n\u0418\u0441\u043f\u043e\u043b\u044c\u0437\u0443\u0435\u0442\u0441\u044f \u0434\u043b\u044f \u0433\u043e\u0440\u0438\u0437\u043e\u043d\u0442\u0430\u043b\u044c\u043d\u043e\u0433\u043e \u0438 \u0432\u0435\u0440\u0442\u0438\u043a\u0430\u043b\u044c\u043d\u043e\u0433\u043e \u0441\u043a\u043b\u0435\u0438\u0432\u0430\u043d\u0438\u044f \u043a\u0430\u0444\u0435\u043b\u0438 \u0438 \u043a\u0435\u0440\u0430\u043c\u0438\u0447\u0435\u0441\u043a\u043e\u0439 \u043f\u043b\u0438\u0442\u044b \u043d\u0430 \u0446\u0435\u043c\u0435\u043d\u0442\u043d\u043e\u0439 \u0448\u0442\u0443\u043a\u0430\u0442\u0443\u0440\u043a\u0435 \u0438 \u0441\u0442\u044f\u0436\u043a\u0430\u0445 \u0432\u043e \u0432\u043d\u0443\u0442\u0440\u0435\u043d\u043d\u0438\u0445 \u043f\u043e\u043c\u0435\u0449\u0435\u043d\u0438\u044f\u0445. .<br \/>\n<strong>\u041f\u0420\u0415\u0418\u041c\u0423\u0429\u0415\u0421\u0422\u0412\u0410<\/strong><br \/>\n\u041b\u0435\u0433\u043a\u043e \u0438\u0437\u0433\u043e\u0442\u043e\u0432\u043b\u044f\u0435\u0442\u0441\u044f \u0438 \u043f\u0440\u0438\u043c\u0435\u043d\u044f\u0435\u0442\u0441\u044f. \u041e\u0431\u0435\u0441\u043f\u0435\u0447\u0438\u0432\u0430\u0435\u0442 \u043f\u0440\u0430\u0432\u0438\u043b\u044c\u043d\u043e\u0435 \u0432\u0440\u0435\u043c\u044f \u0440\u0430\u0431\u043e\u0442\u044b. \u041d\u0435 \u043f\u0440\u043e\u0441\u043a\u0430\u043b\u044c\u0437\u044b\u0432\u0430\u0435\u0442 \u0432\u043e \u0432\u0435\u0440\u0442\u0438\u043a\u0430\u043b\u044c\u043d\u044b\u0445 \u043f\u0440\u0438\u043c\u0435\u043d\u0435\u043d\u0438\u044f\u0445. \u0418\u043c\u0435\u0435\u0442 \u0445\u043e\u0440\u043e\u0448\u0438\u0435 \u0430\u0434\u0433\u0435\u0437\u0438\u043e\u043d\u043d\u044b\u0435 \u0441\u0432\u043e\u0439\u0441\u0442\u0432\u0430.<br \/>\n<strong>\u041f\u041e\u0414\u0413\u041e\u0422\u041e\u0412\u041a\u0410 \u041f\u041e\u0412\u0415\u0420\u0425\u041d\u041e\u0421\u0422\u0418<\/strong><br \/>\n\u041f\u043e\u0432\u0435\u0440\u0445\u043d\u043e\u0441\u0442\u044c \u043d\u0430\u043d\u0435\u0441\u0435\u043d\u0438\u044f \u0434\u043e\u043b\u0436\u043d\u0430 \u0431\u044b\u0442\u044c \u0447\u0438\u0441\u0442\u043e\u0439 \u0438 \u043e\u0447\u0438\u0449\u0435\u043d\u043d\u043e\u0439 \u043e\u0442 \u043a\u0430\u043a\u0438\u0445-\u043b\u0438\u0431\u043e \u0440\u044b\u0445\u043b\u044b\u0445 \u043f\u043e\u0432\u0435\u0440\u0445\u043d\u043e\u0441\u0442\u0435\u0439 \u0438 \u043f\u044b\u043b\u0438. \u041f\u043e\u0432\u0440\u0435\u0436\u0434\u0435\u043d\u043d\u044b\u0435 \u043f\u043e\u0432\u0435\u0440\u0445\u043d\u043e\u0441\u0442\u0438 \u0438 \u0442\u0440\u0435\u0449\u0438\u043d\u044b \u043d\u0443\u0436\u043d\u043e \u0440\u0435\u043c\u043e\u043d\u0442\u0438\u0440\u043e\u0432\u0430\u0442\u044c \u0434\u043e 24 \u0447\u0430\u0441\u0430 \u0442\u043e\u043d\u043a\u0438\u043c \u0441\u043b\u043e\u0435\u043c BEYFK, \u0430 \u043f\u043e\u0441\u043b\u0435 \u044d\u0442\u043e\u0433\u043e \u0438\u0441\u043f\u0440\u0430\u0432\u0438\u0442\u044c \u0442\u043e\u043b\u0441\u0442\u044b\u043c \u0441\u043b\u043e\u0435\u043c \u0441\u043c\u0435\u0441\u0438 BEATK. \u041f\u0440\u0435\u0436\u0434\u0435 \u0447\u0435\u043c \u043d\u0430\u043d\u0435\u0441\u0442\u0438 \u043a\u043b\u0435\u0439, \u043d\u0435\u043e\u0431\u0445\u043e\u0434\u0438\u043c\u043e \u0441\u043c\u043e\u0447\u0438\u0442\u044c \u043e\u0431\u0440\u0430\u0431\u0430\u0442\u044b\u0432\u0430\u0435\u043c\u0443\u044e \u043f\u043e\u0432\u0435\u0440\u0445\u043d\u043e\u0441\u0442\u044c.<br \/>\n<strong>\u0418\u041d\u0421\u0422\u0420\u0423\u041a\u0426\u0418\u0418 \u041f\u041e \u041f\u041e\u041b\u042c\u0417\u041e\u0412\u0410\u041d\u0418\u042e<\/strong><br \/>\n25 \u043a\u0438\u043b\u043e\u0433\u0440\u0430\u043c\u043c\u043e\u0432\u043e\u0439 \u043a\u043b\u0435\u0439 \u0434\u043b\u044f \u043f\u043b\u0438\u0442\u043e\u043a \u0438 \u043a\u0435\u0440\u0430\u043c\u0438\u043a\u0438 BEYFIX \u043d\u0443\u0436\u043d\u043e \u043f\u0435\u0440\u0432\u043e\u043d\u0430\u0447\u0430\u043b\u044c\u043d\u043e \u0440\u0430\u0441\u0442\u0432\u043e\u0440\u0438\u0442\u044c \u043c\u0435\u0434\u043b\u0435\u043d\u043d\u043e \u0441 6 \u2013 7 \u043b\u0438\u0442\u0440\u0430\u043c\u0438 \u0432\u043e\u0434\u044b \u043f\u0440\u0438 \u043a\u043e\u043c\u043d\u0430\u0442\u043e\u0439 \u0442\u0435\u043c\u043f\u0435\u0440\u0430\u0442\u0443\u0440\u0435 \u043e\u0442 + 5\u00b0C \u0434\u043e + 35\u00b0C \u0434\u043e \u043f\u043e\u043b\u0443\u0447\u0435\u043d\u0438\u044f \u043e\u0434\u043d\u043e\u0440\u043e\u0434\u043d\u043e\u0439 \u0441\u043c\u0435\u0441\u0438 \u0432 \u0441\u043b\u0435\u0434\u0441\u0442\u0432\u0438\u0438 \u0441\u043c\u0435\u0448\u0438\u0432\u0430\u043d\u0438\u044f \u0441 \u043c\u0438\u043a\u0441\u0435\u0440\u043e\u043c \u043d\u0438\u0437\u043a\u0438\u043c \u0434\u0430\u0432\u043b\u0435\u043d\u0438\u0435\u043c (400-600 \u043e\u0431\/\u043c\u0438\u043d). \u041f\u043e\u0434\u0433\u043e\u0442\u043e\u0432\u043b\u0435\u043d\u043d\u0430\u044f \u0441\u043c\u0435\u0441\u044c \u043f\u043e\u0441\u043b\u0435 \u0442\u043e\u0433\u043e, \u043a\u0430\u043a \u043e\u0441\u0442\u044b\u043d\u0435\u0442 \u0432 \u043f\u0440\u043e\u0434\u043e\u043b\u0436\u0435\u043d\u0438\u0438 5-10 \u043c\u0438\u043d\u0443\u0442, \u043e\u043f\u044f\u0442\u044c \u0440\u0430\u0437\u043c\u0435\u0448\u0438\u0432\u0430\u0435\u0442\u0441\u044f 1-2 \u043c\u0438\u043d\u0443\u0442\u044b \u0438 \u043f\u0440\u0438\u043b\u0430\u0433\u0430\u0435\u0442\u0441\u044f. \u0421\u043c\u0435\u0441\u044c \u043d\u0443\u0436\u043d\u043e \u043d\u0430\u043d\u0435\u0441\u0442\u0438 \u0441 \u0440\u043e\u0432\u043d\u043e\u0439 \u0441\u0442\u043e\u0440\u043e\u043d\u044b \u043c\u0430\u0441\u0442\u0435\u0440\u043a\u0430 \u0438 \u0440\u0430\u0441\u0447\u0435\u0441\u044b\u0432\u0430\u0442\u044c \u0437\u0443\u0431\u0447\u0430\u0442\u043e\u0439 \u0440\u0435\u0439\u043a\u043e\u0439 \u043f\u043e \u0440\u0430\u0437\u043c\u0435\u0440\u0430\u043c \u043f\u043b\u0438\u0442\u044b. \u041a\u0435\u0440\u0430\u043c\u0438\u043a\u0438 \u0434\u043e\u043b\u0436\u043d\u043e \u043f\u0440\u0438\u043a\u043b\u0435\u0438\u0432\u0430\u0442\u044c \u043d\u0430 \u0440\u0430\u0441\u0447\u0435\u0441\u0430\u043d\u043d\u043e\u0439 \u0441\u043c\u0435\u0441\u0438 \u0437\u0430 \u0432\u0440\u0435\u043c\u044f, \u043d\u0435 \u043f\u0440\u0435\u0432\u044b\u0448\u0430\u044e\u0449\u0435\u0435 20 \u043c\u0438\u043d\u0443\u0442. \u041d\u0435 \u043d\u0430\u0434\u043e \u0438\u0441\u043f\u043e\u043b\u044c\u0437\u043e\u0432\u0430\u0442\u044c\u0441\u044f \u0441\u043c\u0435\u0441\u044c, \u0433\u043e\u0434\u043d\u043e\u0441\u0442\u044c \u0438\u0441\u043f\u043e\u043b\u044c\u0437\u043e\u0432\u0430\u043d\u0438\u044f \u043a\u043e\u0442\u043e\u0440\u043e\u0439 \u043f\u0440\u043e\u0448\u043b\u0430 \u0438\u043b\u0438 \u0443\u0436\u0435 \u043f\u043e\u043a\u0440\u044b\u043b\u0430\u0441\u044c \u043a\u043e\u0440\u043a\u043e\u0439. \u0414\u043b\u044f \u043b\u0443\u0447\u0448\u0435\u0439 \u0440\u0430\u0431\u043e\u0442\u044b \u0441\u043a\u043b\u0435\u0438\u0432\u0430\u043d\u0438\u044f \u0441\u043b\u0435\u0434\u0443\u0435\u0442 \u0443\u0441\u0442\u0440\u0430\u043d\u044f\u0442\u044c \u0432\u043e\u0437\u0434\u0443\u0445 \u0437\u0430 \u043a\u0435\u0440\u0430\u043c\u0438\u043a\u043e\u0439 \u043f\u043e\u043c\u043e\u0449\u044c\u044e \u0440\u0435\u0437\u0438\u043d\u043a\u043e\u0432\u043e\u0433\u043e \u043c\u043e\u043b\u043e\u0442\u043a\u0430. 24 \u0447\u0430\u0441\u0430 \u043f\u043e\u0441\u043b\u0435 \u043f\u0440\u0438\u043a\u043b\u0435\u0438\u0432\u0430\u043d\u0438\u044f \u0448\u0432\u043e\u0432 \u043d\u0443\u0436\u043d\u043e \u0437\u0430\u043f\u043e\u043b\u043d\u0438\u0442\u044c \u0441 \u043d\u0435\u043e\u0431\u0445\u043e\u0434\u0438\u043c\u043e\u0439 \u0441\u043c\u0435\u0441\u044c\u044e BEYFIX.<br \/>\n<strong>\u0423\u041f\u0410\u041a\u041e\u0412\u041a\u0410<\/strong><br \/>\n\u041a\u0440\u0430\u0444\u0442-\u043c\u0435\u0448\u043e\u043a \u0451\u043c\u043a\u043e\u0441\u0442\u044c\u044e 20 \u043a\u0433. (\u0410\u0440\u043c\u0438\u0440\u043e\u0432\u0430\u043d\u043d\u044b\u0439 \u043f\u043e\u043b\u0438\u044d\u0442\u0438\u043b\u0435\u043d\u043e\u043c)<br \/>\n\u0412 \u043e\u0434\u043d\u043e\u043c \u043f\u043e\u0434\u0434\u043e\u043d\u0435 \u0438\u043c\u0435\u044e\u0442\u0441\u044f 64 \u043c\u0435\u0448\u043a\u0430 (106\u0445106 \u0441\u043c).<br \/>\n<strong>\u0425\u0420\u0410\u041d\u0415\u041d\u0418\u0415 \u0418 \u0421\u0420\u041e\u041a \u0413\u041e\u0414\u041d\u041e\u0421\u0422\u0418<\/strong><br \/>\n\u0425\u0440\u0430\u043d\u0438\u0442\u044c\u0441\u044f \u0432 \u043d\u0435\u043e\u0442\u043a\u0440\u044b\u0442\u043e\u0439 \u043e\u0440\u0438\u0433\u0438\u043d\u0430\u043b\u044c\u043d\u043e\u0439 \u0443\u043f\u0430\u043a\u043e\u0432\u043a\u0435, \u0432 \u043f\u0440\u043e\u0445\u043b\u0430\u0434\u043d\u043e\u043c \u0438 \u0441\u0443\u0445\u043e\u043c \u043c\u0435\u0441\u0442\u0435, \u043d\u043e \u043d\u0443\u0436\u043d\u043e \u0440\u0430\u0437\u043c\u0435\u0449\u0430\u0442\u044c \u043d\u0430\u0438\u0431\u043e\u043b\u0435\u0435 2 \u043f\u043e\u0434\u0434\u043e\u043d\u0430 \u043e\u0434\u0438\u043d \u043d\u0430\u0434 \u0434\u0440\u0443\u0433\u0438\u043c. \u041f\u0440\u0438 \u0441\u043e\u0431\u043b\u044e\u0434\u0435\u043d\u0438\u0435\u043c \u0443\u0441\u043b\u043e\u0432\u0438\u0439 \u0445\u0440\u0430\u043d\u0435\u043d\u0438\u044f \u0441\u0440\u043e\u043a \u0433\u043e\u0434\u043d\u043e\u0441\u0442\u0438 12 \u043c\u0435\u0441\u044f\u0446\u0435\u0432 \u043f\u043e\u0441\u043b\u0435 \u043f\u0440\u043e\u0438\u0437\u0432\u043e\u0434\u0441\u0442\u0432\u0435\u043d\u043d\u043e\u0439 \u0434\u0430\u0442\u044b.<br \/>\n<strong>\u041f\u0420\u0410\u0412\u0418\u041b\u0410 \u0422\u0415\u0425\u041d\u0418\u041a\u0418 \u0411\u0415\u0417\u041e\u041f\u0410\u0421\u041d\u041e\u0421\u0422\u0418<\/strong><br \/>\n\u0412\u043e \u0432\u0440\u0435\u043c\u044f \u0438\u0441\u043f\u043e\u043b\u044c\u0437\u043e\u0432\u0430\u043d\u0438\u044f \u0441\u043b\u0435\u0434\u0443\u0435\u0442 \u0438\u0441\u043f\u043e\u043b\u044c\u0437\u043e\u0432\u0430\u0442\u044c \u043f\u0435\u0440\u0447\u0430\u0442\u043a\u0438. \u041f\u043e\u0441\u043b\u0435 \u043a\u043e\u043d\u0442\u0430\u043a\u0442\u0430 \u0441 \u043f\u0440\u0435\u043f\u0430\u0440\u0430\u0442\u043e\u043c, \u0441\u043b\u0435\u0434\u0443\u0435\u0442 \u043f\u0440\u043e\u043c\u044b\u0442\u044c \u043f\u043e\u0440\u0430\u0436\u0435\u043d\u043d\u044b\u0439 \u0443\u0447\u0430\u0441\u0442\u043e\u043a \u0441 \u0431\u043e\u043b\u044c\u0448\u0438\u043c \u043a\u043e\u043b\u0438\u0447\u0435\u0441\u0442\u0432\u043e\u043c \u0432\u043e\u0434\u044b. \u041f\u0440\u0438 \u043f\u0440\u043e\u0433\u043b\u0430\u0442\u044b\u0432\u0430\u043d\u0438\u0438 \u043d\u0435\u043c\u0435\u0434\u043b\u0435\u043d\u043d\u043e \u043e\u0431\u0440\u0430\u0442\u0438\u0442\u0435\u0441\u044c \u043a \u0432\u0440\u0430\u0447\u0443.<\/p>\n<p>\u0421\u0422\u0410\u041d\u0414\u0410\u0420\u0422 \u041a\u0410\u0427\u0415\u0421\u0422\u0412\u0410<br \/>\n\u0421\u043e\u043e\u0442\u0432\u0435\u0442\u0441\u0442\u0432\u0443\u0435\u0442 \u0441\u0442\u0430\u043d\u0434\u0430\u0440\u0442\u0443 \u043a\u0430\u0447\u0435\u0441\u0442\u0432\u0430 \u043a\u043b\u0430\u0441\u0441\u0430 TS EN 12004-1: 2017 \/ C1T.<br \/>\n1: \u0421\u0442\u0430\u043d\u0434\u0430\u0440\u0442\u043d\u0430\u044f \u0443\u0440\u043e\u0432\u0435\u043d\u044c \u043f\u0440\u043e\u0438\u0437\u0432\u043e\u0434\u0438\u0442\u0435\u043b\u044c\u043d\u043e\u0441\u0442\u0438<br \/>\nT: \u0423\u043c\u0435\u043d\u044c\u0448\u0435\u043d\u043d\u043e\u0435 \u0441\u0432\u043e\u0439\u0441\u0442\u0432\u043e \u0441\u043a\u043e\u043b\u044c\u0436\u0435\u043d\u0438\u044f<br \/>\n\u0421\u043e\u043e\u0442\u0432\u0435\u0442\u0441\u0442\u0432\u0443\u0435\u0442 \u0443\u0432\u0435\u0434\u043e\u043c\u043b\u0435\u043d\u0438\u044f CE<\/p>\n\n<table id=\"tablepress-2\" class=\"tablepress tablepress-id-2\">\n<tbody class=\"row-hover\">\n<tr class=\"row-1 odd\">\n\t<td class=\"column-1\">\u0412\u043d\u0435\u0448\u043d\u0438\u0439 \u0432\u0438\u0434<\/td><td class=\"column-2\">\u0421\u0435\u0440\u044b\u0439 \u0438\u043b\u0438 \u0431\u0435\u043b\u044b\u0439 \u043f\u043e\u0440\u043e\u0448\u043e\u043a<\/td>\n<\/tr>\n<tr class=\"row-2 even\">\n\t<td class=\"column-1\">\u041f\u0440\u043e\u043f\u043e\u0440\u0446\u0438\u044f \u0441\u043c\u0435\u0448\u0438\u0432\u0430\u043d\u0438\u044f<\/td><td class=\"column-2\">6-7 lt \u0432\u043e\u0434\u044b \/25 kg \u043f\u043e\u0440\u043e\u0448\u043a\u0430<\/td>\n<\/tr>\n<tr class=\"row-3 odd\">\n\t<td class=\"column-1\">\u0420\u0430\u0441\u0445\u043e\u0434 \u043c\u0430\u0442\u0435\u0440\u0438\u0430\u043b\u043e\u0432<\/td><td class=\"column-2\">3-5 kg\/m2<\/td>\n<\/tr>\n<tr class=\"row-4 even\">\n\t<td class=\"column-1\">\u0422\u0435\u043c\u043f\u0435\u0440\u0430\u0442\u0443\u0440\u0430 \u043f\u0440\u0438\u043c\u0435\u043d\u0435\u043d\u0438\u044f<\/td><td class=\"column-2\">\u041c\u0435\u0436\u0434\u0443 +5\u00b0C \u0438 +35\u00b0C<\/td>\n<\/tr>\n<tr class=\"row-5 odd\">\n\t<td class=\"column-1\">\u0412\u0440\u0435\u043c\u044f \u043e\u0442\u043a\u0440\u044b\u0442\u043e\u0439 \u0432\u044b\u0434\u0435\u0440\u0436\u043a\u0438<\/td><td class=\"column-2\">20 \u043c\u0438\u043d\u0443\u0442<\/td>\n<\/tr>\n<tr class=\"row-6 even\">\n\t<td class=\"column-1\">\u0412\u0440\u0435\u043c\u044f \u0432\u044b\u0434\u0435\u0440\u0436\u043a\u0438 \u0432 \u043a\u043e\u0440\u043e\u0431\u043a\u0435<\/td><td class=\"column-2\">4 \u0447\u0430\u0441\u0430<\/td>\n<\/tr>\n<tr class=\"row-7 odd\">\n\t<td class=\"column-1\">\u0421\u043e\u0431\u043b\u044e\u0434\u0435\u043d\u0438\u0435 \u043f\u0440\u0430\u0432\u0438\u043b \u0434\u0432\u0438\u0436\u0435\u043d\u0438\u044f \u043f\u043e \u043f\u0435\u0448\u0435\u0445\u043e\u0434\u043d\u044b\u043c \u0434\u043e\u0440\u043e\u0436\u043a\u0430\u043c<\/td><td class=\"column-2\">24 \u0447\u0430\u0441\u0430<\/td>\n<\/tr>\n<tr class=\"row-8 even\">\n\t<td class=\"column-1\">\u0412\u0440\u0435\u043c\u044f \u043e\u0442\u043a\u0440\u044b\u0442\u0438\u044f \u0434\u0432\u0438\u0436\u0435\u043d\u0438\u044f \u043f\u043e \u0434\u043e\u0440\u043e\u0433\u0435<\/td><td class=\"column-2\">3 \u0434\u043d\u044f<\/td>\n<\/tr>\n<tr class=\"row-9 odd\">\n\t<td class=\"column-1\">\u0421\u0440\u043e\u043a \u043f\u0440\u0438\u043c\u0435\u043d\u0435\u043d\u0438\u044f \u0448\u0432\u043e\u0432<\/td><td class=\"column-2\">24 \u0447\u0430\u0441\u0430<\/td>\n<\/tr>\n<tr class=\"row-10 even\">\n\t<td class=\"column-1\">\u041f\u0440\u043e\u0447\u043d\u043e\u0441\u0442\u044c \u0430\u0434\u0433\u0435\u0437\u0438\u0438 \u043f\u0440\u0438 \u0440\u0430\u0441\u0442\u044f\u0436\u043a\u0438<\/td><td class=\"column-2\">\u041d\u0430\u0447\u0430\u043b\u043e \u2265 0.5 N\/mm2<br \/>\n\u041f\u043e\u0441\u043b\u0435 \u043e\u043f\u0443\u0441\u043a. \u0432 \u0432\u043e\u0434\u0435 \u2265 0,5 N\/mm2<br \/>\n\u041f\u043e\u0441\u043b\u0435 \u0441\u043c\u0430\u0447. \u0442\u0435\u043f\u043b\u043e\u0442\u043e\u0439 \u2265 0,5 N\/mm2<br \/>\n\u041f\u043e\u0441\u043b\u0435 \u0440\u0430\u0441\u0442\u0432. \u043f\u0440\u043e\u043c\u0435\u0440\u0437\u0430\u043d\u0438\u044f \u2265 0,5 N\/\nmm2<\/td>\n<\/tr>\n<tr class=\"row-11 odd\">\n\t<td class=\"column-1\">\u041f\u0440\u043e\u0447\u043d\u043e\u0441\u0442\u044c \u0430\u0434\u0433\u0435\u0437\u0438\u0438<\/td><td class=\"column-2\">\u22650.5 N\/mm2<\/td>\n<\/tr>\n<tr class=\"row-12 even\">\n\t<td class=\"column-1\">\u0421\u043a\u043e\u043b\u044c\u0436\u0435\u043d\u0438\u0435<\/td><td class=\"column-2\">\u2264 0,5 mm<\/td>\n<\/tr>\n<tr class=\"row-13 odd\">\n\t<td class=\"column-1\">\u041c\u0430\u0441\u0441\u0430 \u0435\u0434\u0438\u043d\u0438\u0446\u044b \u043e\u0431\u044a\u0451\u043c\u0430 \u0441\u0443\u0445\u043e\u0433\u043e \u043c\u0430\u0442\u0435\u0440\u0438\u0430\u043b\u0430 (kg\/1)<\/td><td class=\"column-2\">1.60 \u00b1 0,2<\/td>\n<\/tr>\n<tr class=\"row-14 even\">\n\t<td class=\"column-1\">\u041c\u0430\u0441\u0441\u0430 \u0435\u0434\u0438\u043d\u0438\u0446\u044b \u043e\u0431\u044a\u0451\u043c\u0430 \u0441\u0443\u0445\u043e\u0433\u043e \u043c\u0430\u0442\u0435\u0440\u0438\u0430\u043b\u0430 (kg\/1)<\/td><td class=\"column-2\">1.70 \u00b1 0,2<\/td>\n<\/tr>\n<tr class=\"row-15 odd\">\n\t<td class=\"column-1\">\u0422\u0435\u0440\u043c\u043e\u0443\u0441\u0442\u043e\u0439\u0447\u0438\u0432\u043e\u0441\u0442\u044c<\/td><td class=\"column-2\">-30\u00b0C \u0438 +80\u00b0C<\/td>\n<\/tr>\n<\/tbody>\n<\/table>\n<!-- #tablepress-2 from cache -->\n<div id=\"dflip_post_meta_box_shortcode\" class=\"postbox\">\n<div class=\"inside\">\n<div class=\"dflip-tabs normal-tabs\">\n<div id=\"dflip-tab-content-normal\" class=\"dflip-tab-content dflip-active\"><\/div>\n<\/div>\n<\/div>\n<\/div>\n<p>&nbsp;<\/p>","protected":false},"excerpt":{"rendered":"<p>TANIM \u00c7imento esasl\u0131, polimer katk\u0131l\u0131, y\u00fcksek yap\u0131\u015fma \u00f6zellikli, kayma \u00f6zelli\u011fi azalt\u0131lm\u0131\u015f karo ve seramik yap\u0131\u015ft\u0131r\u0131c\u0131s\u0131. KULLANIM ALANLARI \u0130\u00e7 mekanlarda seramik ve fayanslar\u0131n \u00e7imento esasl\u0131 derz ve \u015fap y\u00fczeylere yatay ve d\u00fc\u015fey olarak yap\u0131\u015ft\u0131r\u0131lmas\u0131nda kullan\u0131l\u0131r. AVANTAJLAR Haz\u0131rlanmas\u0131 ve uygulanmas\u0131 kolayd\u0131r. Yeterli \u00e7al\u0131\u015fma s\u00fcresi sa\u011flar. Dikey uygulamalarda kayma yapmaz. Y\u00fcksek yap\u0131\u015fma \u00f6zellikleri sa\u011flar. Y\u00dcZEY HAZIRLI\u011eI Uygulama y\u00fczeyi [&hellip;]<\/p>","protected":false},"featured_media":1549,"comment_status":"open","ping_status":"closed","template":"","meta":[],"product_cat":[69,70],"product_tag":[],"_links":{"self":[{"href":"https:\/\/www.beyfix.com\/ru\/wp-json\/wp\/v2\/product\/2630"}],"collection":[{"href":"https:\/\/www.beyfix.com\/ru\/wp-json\/wp\/v2\/product"}],"about":[{"href":"https:\/\/www.beyfix.com\/ru\/wp-json\/wp\/v2\/types\/product"}],"replies":[{"embeddable":true,"href":"https:\/\/www.beyfix.com\/ru\/wp-json\/wp\/v2\/comments?post=2630"}],"wp:featuredmedia":[{"embeddable":true,"href":"https:\/\/www.beyfix.com\/ru\/wp-json\/wp\/v2\/media\/1549"}],"wp:attachment":[{"href":"https:\/\/www.beyfix.com\/ru\/wp-json\/wp\/v2\/media?parent=2630"}],"wp:term":[{"taxonomy":"product_cat","embeddable":true,"href":"https:\/\/www.beyfix.com\/ru\/wp-json\/wp\/v2\/product_cat?post=2630"},{"taxonomy":"product_tag","embeddable":true,"href":"https:\/\/www.beyfix.com\/ru\/wp-json\/wp\/v2\/product_tag?post=2630"}],"curies":[{"name":"wp","href":"https:\/\/api.w.org\/{rel}","templated":true}]}}