{"id":293,"date":"2019-01-06T22:00:46","date_gmt":"2019-01-06T19:00:46","guid":{"rendered":"http:\/\/www.nescoat.com\/?post_type=portfolio&#038;p=293"},"modified":"2022-04-05T17:26:47","modified_gmt":"2022-04-05T14:26:47","slug":"beyfix-eps-isi-yalitim-levhasi-50x100","status":"publish","type":"product","link":"https:\/\/www.beyfix.com\/ru\/magaza\/isi-yalitim-sistemleri\/isi-yalitim-paket-sistemleri\/beyfix-eps-isi-yalitim-levhasi-50x100\/","title":{"rendered":"BEYFIX\nEPS \u043d\u0430 \u043e\u0441\u043d\u043e\u0432\u0435 \u043a\u0430\u0440\u0431\u043e\u043d\u0430 \u0422\u0435\u043f\u043b\u043e\u0438\u0437\u043e\u043b\u044f\u0446\u0438\u043e\u043d\u043d\u0430\u044f\n\u043f\u043b\u0438\u0442\u0430 (50 X 100)"},"content":{"rendered":"<p><strong>\u041e\u041f\u0418\u0421\u0410\u041d\u0418\u0415<\/strong><br \/>\nBEYFIX \u0442\u0435\u043f\u043b\u043e\u0438\u0437\u043e\u043b\u044f\u0446\u0438\u043e\u043d\u043d\u0430\u044f \u043f\u043b\u0438\u0442\u0430 50x100 \u0441\u043c -\u044d\u0442\u043e \u0438\u0437\u043e\u043b\u044f\u0446\u0438\u043e\u043d\u043d\u044b\u0439 \u0438 \u0437\u0430\u043f\u043e\u043b\u043d\u044f\u044e\u0449\u0438\u0439 \u043c\u0430\u0442\u0435\u0440\u0438\u0430\u043b \u0438\u0437 \u043f\u0435\u043d\u043e\u043f\u043e\u043b\u0438\u0441\u0442\u0438\u0440\u043e\u043b\u0430, \u043f\u043e\u043b\u0443\u0447\u0430\u0435\u043c\u044b\u0439 \u043f\u0443\u0442\u0435\u043c \u0440\u0435\u0437\u043a\u0438 \u0431\u043b\u043e\u043a\u043e\u0432 \u0436\u0435\u043b\u0430\u0435\u043c\u043e\u0439 \u0442\u043e\u043b\u0449\u0438\u043d\u044b. \u041f\u043b\u0438\u0442\u044b BEYFIX \u043e\u0431\u0440\u0435\u0437\u0430\u043d\u043d\u044b\u0435 \u043c\u0435\u0442\u043e\u0434\u043e\u043c \u043f\u0440\u043e\u0432\u043e\u043b\u043e\u0447\u043d\u043e\u0439 \u0440\u0435\u0437\u043a\u0438, \u043e\u0431\u043b\u0430\u0434\u0430\u044e\u0442 \u0432\u044b\u0441\u043e\u043a\u043e\u0439 \u0430\u0434\u0433\u0435\u0437\u0438\u0435\u0439 \u043a \u0448\u0442\u0443\u043a\u0430\u0442\u0443\u0440\u043a\u0435 \u0437\u0430 \u0441\u0447\u0435\u0442 \u0433\u043b\u0430\u0434\u043a\u043e\u0441\u0442\u0438 \u043f\u043e\u0432\u0435\u0440\u0445\u043d\u043e\u0441\u0442\u0438. \u0420\u0430\u0437\u043c\u0435\u0440\u044b \u043d\u0435 \u043c\u0435\u043d\u044f\u044e\u0442\u0441\u044f \u0441\u043e \u0432\u0440\u0435\u043c\u0435\u043d\u0435\u043c, \u0431\u043b\u0430\u0433\u043e\u0434\u0430\u0440\u044f \u0441\u0432\u043e\u0435\u0439 \u0433\u0438\u0431\u043a\u043e\u0439 \u0441\u0442\u0440\u0443\u043a\u0442\u0443\u0440\u0435 \u0438 \u0442\u043e\u0442 \u043c\u0430\u0442\u0435\u0440\u0438\u0430\u043b \u043f\u0440\u0435\u0434\u043e\u0442\u0432\u0440\u0430\u0449\u0430\u0435\u0442 \u043f\u043e\u044f\u0432\u043b\u0435\u043d\u0438\u0435 \u0442\u0440\u0435\u0449\u0438\u043d \u0432 \u0448\u0442\u0443\u043a\u0430\u0442\u0443\u0440\u043a\u0435, \u043a\u0440\u0430\u0441\u043a\u0435 \u0438 \u043f\u043e\u043a\u0440\u044b\u0442\u0438\u0438, \u0432\u044b\u0437\u0432\u0430\u043d\u043d\u044b\u0445 \u0440\u0430\u0441\u0448\u0438\u0440\u0435\u043d\u0438\u0435\u043c \u0438 \u0441\u0436\u0430\u0442\u0438\u0435\u043c. \u0411\u043b\u0430\u0433\u043e\u0434\u0430\u0440\u044f \u0442\u043e\u043c\u0443, \u0447\u0442\u043e \u0432\u044b\u0441\u043e\u043a\u043e \u043f\u0430\u0440\u043e\u043f\u0440\u043e\u043d\u0438\u0446\u0430\u0435\u043c\u044b\u043c, \u043e\u043d \u043f\u0440\u0435\u0434\u043e\u0442\u0432\u0440\u0430\u0449\u0430\u0435\u0442 \u043f\u043e\u043f\u0430\u0434\u0430\u043d\u0438\u0435 \u0432\u043b\u0430\u0433\u0438 \u043d\u0430 \u0432\u043d\u0443\u0442\u0440\u0435\u043d\u043d\u0438\u0435 \u0444\u0430\u0441\u0430\u0434\u044b. \u041d\u0435 \u0437\u0430\u0433\u043e\u0440\u0430\u0435\u0442\u0441\u044f \u043b\u0435\u0433\u043a\u043e. \u041d\u0435 \u0433\u043d\u0438\u0435\u0442 \u0438 \u043d\u0435 \u043f\u0430\u0445\u043d\u0435\u0442. \u042d\u0442\u043e \u043d\u0435 \u0432\u0440\u0435\u0434\u043d\u043e \u0434\u043b\u044f \u0437\u0434\u043e\u0440\u043e\u0432\u044c\u044f \u0438 \u043e\u043a\u0440\u0443\u0436\u0430\u044e\u0449\u0435\u0439 \u0441\u0440\u0435\u0434\u044b.<\/p>\n\n<table id=\"tablepress-20\" class=\"tablepress tablepress-id-20\">\n<tbody>\n<tr class=\"row-1\">\n\t<td class=\"column-1\">\u0421\u0442\u0440\u0443\u043a\u0442\u0443\u0440\u0430<\/td><td class=\"column-2\">\u0412\u0441\u043f\u0443\u0447\u0435\u043d\u043d\u044b\u0439\n\u043f\u0435\u043d\u043e\u043f\u043e\u043b\u0438\u0441\u0442\u0438\u0440\u043e\u043b<\/td>\n<\/tr>\n<tr class=\"row-2\">\n\t<td class=\"column-1\">\u0422\u043e\u043b\u0449\u0438\u043d\u0430<\/td><td class=\"column-2\">l-10cm<\/td>\n<\/tr>\n<tr class=\"row-3\">\n\t<td class=\"column-1\">\u0428\u0438\u0440\u0438\u043d\u0430<\/td><td class=\"column-2\">50 cm<\/td>\n<\/tr>\n<tr class=\"row-4\">\n\t<td class=\"column-1\">\u0414\u043b\u0438\u043d\u0430<\/td><td class=\"column-2\">100 cm<\/td>\n<\/tr>\n<tr class=\"row-5\">\n\t<td class=\"column-1\">\u0418\u043d\u0442\u0435\u043d\u0441\u0438\u0432\u043d\u043e\u0441\u0442\u044c<\/td><td class=\"column-2\">16-32 kg\/m3<\/td>\n<\/tr>\n<tr class=\"row-6\">\n\t<td class=\"column-1\">\u041a\u043b\u0430\u0441\u0441 \u043f\u043e\u0436\u0430\u0440\u0430<\/td><td class=\"column-2\">E<\/td>\n<\/tr>\n<tr class=\"row-7\">\n\t<td class=\"column-1\">\u0417\u0430\u0437\u043e\u0440 \u0448\u0438\u0440\u0438\u043d\u044b<\/td><td class=\"column-2\">L1<\/td>\n<\/tr>\n<tr class=\"row-8\">\n\t<td class=\"column-1\">\u0417\u0430\u0437\u043e\u0440 \u0442\u043e\u043b\u0449\u0438\u043d\u044b<\/td><td class=\"column-2\">W1<\/td>\n<\/tr>\n<tr class=\"row-9\">\n\t<td class=\"column-1\">\u0417\u0430\u0437\u043e\u0440 \u043e\u0442\u043a\u043b\u043e\u043d\u0435\u043d\u0438\u044f \u043e\u0442 \u043b\u0435\u043a\u0430\u043b\u0430<\/td><td class=\"column-2\">T1<\/td>\n<\/tr>\n<tr class=\"row-10\">\n\t<td class=\"column-1\">\u0417\u0430\u0437\u043e\u0440 \u043e\u0442\u043a\u043b\u043e\u043d\u0435\u043d\u0438\u044f \u043e\u0442 \u043b\u0435\u043a\u0430\u043b\u0430<\/td><td class=\"column-2\">S1<\/td>\n<\/tr>\n<tr class=\"row-11\">\n\t<td class=\"column-1\">\u0417\u0430\u0437\u043e\u0440 \u0440\u043e\u0432\u043d\u043e\u0441\u0442\u0438 \u043f\u043e\u0432\u0435\u0440\u0445\u043d\u043e\u0441\u0442\u0438<\/td><td class=\"column-2\">P1<\/td>\n<\/tr>\n<tr class=\"row-12\">\n\t<td class=\"column-1\">\u0421\u0442\u0430\u0431\u0438\u043b\u044c\u043d\u043e\u0441\u0442\u044c \u0432 \u0440\u0430\u0437\u043c\u0435\u0440\u0430\u0445 \u0432 \u0437\u0430\u0432\u0438\u0441\u0438\u043c\u043e\u0441\u0442\u0438 \u043e\u0442 \u0443\u0441\u043b\u043e\u0432\u0438\u0439 \u043b\u0430\u0431\u043e\u0440\u0430\u0442\u043e\u0440\u0438\u0438<\/td><td class=\"column-2\">DS(N)5<\/td>\n<\/tr>\n<tr class=\"row-13\">\n\t<td class=\"column-1\">\u0421\u0442\u0430\u0431\u0438\u043b\u044c\u043d\u043e\u0441\u0442\u044c \u0432 \u0440\u0430\u0437\u043c\u0435\u0440\u0430\u0445\n\u0432 \u0437\u0430\u0432\u0438\u0441\u0438\u043c\u043e\u0441\u0442\u0438 \u043e\u0442 \u0443\u0441\u043b\u043e\u0432\u0438\u0439 \u043e\u043f\u0440\u0435\u0434\u0435\u043b\u0451\u043d\u043d\u044b\u0445 \u0442\u0435\u043c\u043f\u0435\u0440\u0430\u0442\u0443\u0440 \u0438 \u0432\u043b\u0430\u0433\u0438<\/td><td class=\"column-2\">DS(70.-)2<\/td>\n<\/tr>\n<tr class=\"row-14\">\n\t<td class=\"column-1\">\u041f\u0440\u043e\u0434\u043e\u043b\u0436\u0438\u0442\u0435\u043b\u044c\u043d\u0430\u044f \u0432\u043b\u0430\u0433\u043e\u0451\u043c\u043a\u043e\u0441\u0442\u044c<\/td><td class=\"column-2\">WL(T)5<\/td>\n<\/tr>\n<tr class=\"row-15\">\n\t<td class=\"column-1\">\u041f\u0440\u0438\u0442\u0438\u0440\u0430\u043d\u0438\u0435 \u043d\u0430\u0436\u0438\u043c\u0430\u043d\u0438\u044f<\/td><td class=\"column-2\">CC(4\/3\/10)10<\/td>\n<\/tr>\n<\/tbody>\n<\/table>\n<!-- #tablepress-20 from cache -->\n<p><strong>\u041f\u0420\u0415\u0418\u041c\u0423\u0429\u0415\u0421\u0422\u0412\u0410<\/strong><br \/>\n\u2022 \u041e\u0431\u043b\u0430\u0434\u0430\u0435\u0442 \u0432\u044b\u0441\u043e\u043a\u0438\u043c\u0438 \u0442\u0435\u043f\u043b\u043e\u0438\u0437\u043e\u043b\u044f\u0446\u0438\u043e\u043d\u043d\u044b\u043c\u0438 \u0441\u0432\u043e\u0439\u0441\u0442\u0432\u0430\u043c\u0438<br \/>\n\u2022 \u0412\u044b\u0441\u043e\u043a\u0430\u044f \u0443\u0441\u0442\u043e\u0439\u0447\u0438\u0432\u043e\u0441\u0442\u044c \u043a \u0442\u0435\u0440\u043c\u0430\u043b\u044c\u043d\u044b\u043c \u0448\u043e\u043a\u0430\u043c<br \/>\n\u2022 \u041e\u043f\u0442\u0438\u043c\u0430\u043b\u044c\u043d\u043e \u043f\u0430\u0440\u043e\u043f\u0440\u043e\u043d\u0438\u0446\u0430\u0435\u043c\u044b\u0439.<br \/>\n\u2022 \u0412\u043b\u0430\u0433\u043e\u0451\u043c\u043a\u043e\u0441\u0442\u044c \u043d\u0438\u0437\u043a\u0430\u044f.<br \/>\n\u041d\u0435 \u0433\u043d\u0438\u0435\u0442<br \/>\n\u2022 \u0412\u044b\u0441\u043e\u043a\u0430\u044f \u0443\u0441\u0442\u043e\u0439\u0447\u0438\u0432\u043e\u0441\u0442\u044c \u043a \u043d\u0430\u0436\u0438\u043c\u0443 \u0438 \u043d\u0430\u043a\u043b\u043e\u043d\u0443<br \/>\n\u2022 \u0421\u0442\u0430\u0431\u0438\u043b\u044c\u043d\u043e\u0441\u0442\u044c \u0432 \u0440\u0430\u0437\u043c\u0435\u0440\u0430\u0445<br \/>\n\u2022 \u041b\u0435\u0433\u043a\u043e \u043f\u0440\u0438\u043b\u043e\u0436\u0438\u043c\u044b\u0439.<br \/>\n\u2022 \u041b\u0435\u0433\u043a\u043e \u043d\u0430\u043d\u043e\u0441\u0438\u0442\u0441\u044f.<br \/>\n<strong>\u0421\u0422\u0410\u041d\u0414\u0410\u0420\u0422 \u041a\u0410\u0427\u0415\u0421\u0422\u0412\u0410<\/strong><br \/>\n\u0421\u043e\u043e\u0442\u0432\u0435\u0442\u0441\u0442\u0432\u0443\u0435\u0442 \u0441\u0442\u0430\u043d\u0434\u0430\u0440\u0442\u0443 TS EN 13163 \/\u0438\u044e\u043d\u044f 2010 \u0433\u043e\u0434\u0430. \u0412\u044b\u0434\u0430\u043d\n\u0441\u0435\u0440\u0442\u0438\u0444\u0438\u043a\u0430\u0442 \u0441\u043e\u043e\u0442\u0432\u0435\u0442\u0441\u0442\u0432\u0438\u044f \u0421\u0415.<\/p>\n<div id=\"dflip_post_meta_box_shortcode\" class=\"postbox\">\n<div class=\"inside\">\n<div class=\"dflip-tabs normal-tabs\">\n<div id=\"dflip-tab-content-normal\" class=\"dflip-tab-content dflip-active\"><\/div>\n<\/div>\n<\/div>\n<\/div>\n<p>&nbsp;<\/p>","protected":false},"excerpt":{"rendered":"<p>TANIM BEYFIX 50&#215;100 cm blok \u00fcretiminden istenilen kal\u0131nl\u0131kta kesilerek \u00fcretilen EPS yal\u0131t\u0131m ve dolgu malzemesidir. Tel kesim ile boyutland\u0131r\u0131lan BEYFIX levhalar, y\u00fczey d\u00fczg\u00fcnl\u00fc\u011f\u00fc nedeniyle y\u00fcksek s\u0131va aderans\u0131na sahiptir. Esnek yap\u0131s\u0131 sayesinde zamanla boyutlar\u0131 de\u011fi\u015fmez, genle\u015fme ve b\u00fcz\u00fclmeden kaynaklanan d\u0131\u015f s\u0131va, boya ve kaplama \u00e7atlaklar\u0131n\u0131 \u00f6nler. Y\u00fcksek su buhar\u0131 ge\u00e7irgenli\u011fi sayesinde i\u00e7 cephelerde nemi engeller. Kolay [&hellip;]<\/p>","protected":false},"featured_media":294,"comment_status":"open","ping_status":"closed","template":"","meta":[],"product_cat":[75,74],"product_tag":[],"_links":{"self":[{"href":"https:\/\/www.beyfix.com\/ru\/wp-json\/wp\/v2\/product\/293"}],"collection":[{"href":"https:\/\/www.beyfix.com\/ru\/wp-json\/wp\/v2\/product"}],"about":[{"href":"https:\/\/www.beyfix.com\/ru\/wp-json\/wp\/v2\/types\/product"}],"replies":[{"embeddable":true,"href":"https:\/\/www.beyfix.com\/ru\/wp-json\/wp\/v2\/comments?post=293"}],"wp:featuredmedia":[{"embeddable":true,"href":"https:\/\/www.beyfix.com\/ru\/wp-json\/wp\/v2\/media\/294"}],"wp:attachment":[{"href":"https:\/\/www.beyfix.com\/ru\/wp-json\/wp\/v2\/media?parent=293"}],"wp:term":[{"taxonomy":"product_cat","embeddable":true,"href":"https:\/\/www.beyfix.com\/ru\/wp-json\/wp\/v2\/product_cat?post=293"},{"taxonomy":"product_tag","embeddable":true,"href":"https:\/\/www.beyfix.com\/ru\/wp-json\/wp\/v2\/product_tag?post=293"}],"curies":[{"name":"wp","href":"https:\/\/api.w.org\/{rel}","templated":true}]}}