{"id":440,"date":"2019-01-11T02:20:40","date_gmt":"2019-01-10T23:20:40","guid":{"rendered":"http:\/\/www.nescoat.com\/?post_type=portfolio&#038;p=440"},"modified":"2022-04-05T17:22:51","modified_gmt":"2022-04-05T14:22:51","slug":"beyfix-isi-yalitim-levha-siva-harci","status":"publish","type":"product","link":"https:\/\/www.beyfix.com\/ru\/magaza\/isi-yalitim-sistemleri\/isi-yalitim-urunleri\/beyfix-isi-yalitim-levha-siva-harci\/","title":{"rendered":"\u0422\u0415\u0420\u041c\u041e\u0418\u0417\u041e\u041b\u042f\u0426\u0418\u041e\u041d\u041d\u042b\u0419\n\u0428\u0422\u0423\u041a\u0410\u0422\u0423\u0420\u041d\u042b\u0419 \u0420\u0410\u0421\u0422\u0412\u041e\u0420"},"content":{"rendered":"<p><strong>\u041e\u041f\u0418\u0421\u0410\u041d\u0418\u0415<\/strong><br \/>\n\u0421\u043f\u0435\u0446\u0438\u0430\u043b\u044c\u043d\u0430\u044f \u0448\u0442\u0443\u043a\u0430\u0442\u0443\u0440\u043a\u0430 \u043d\u0430 \u043e\u0441\u043d\u043e\u0432\u0435 \u0446\u0435\u043c\u0435\u043d\u0442\u0430, \u0430\u0440\u043c\u0438\u0440\u043e\u0432\u0430\u043d\u043d\u0430\u044f\n\u0432\u043e\u043b\u043e\u043a\u043d\u043e\u043c, \u043a\u043e\u0442\u043e\u0440\u0430\u044f \u0438\u0441\u043f\u043e\u043b\u044c\u0437\u0443\u0435\u0442\u0441\u044f \u0434\u043b\u044f \u043e\u0448\u0442\u0443\u043a\u0430\u0442\u0443\u0440\u0438\u0432\u0430\u043d\u0438\u044f \u0442\u0435\u043f\u043b\u043e\u0438 \u0437\u0432\u0443\u043a\u043e\u0438\u0437\u043e\u043b\u044f\u0446\u0438\u043e\u043d\u043d\u044b\u0445 \u043c\u0430\u0442\u0435\u0440\u0438\u0430\u043b\u043e\u0432, \u0442\u0430\u043a\u0438\u0445 \u043a\u0430\u043a \u043f\u043b\u0438\u0442\u044b \u043d\u0430 \u043e\u0441\u043d\u043e\u0432\u0435\n\u043f\u043e\u043b\u0438\u0441\u0442\u0438\u0440\u043e\u043b\u0430 \u0438 \u043c\u0438\u043d\u0435\u0440\u0430\u043b\u044c\u043d\u043e\u0439 \u0432\u0430\u0442\u044b, \u0432\u043d\u0443\u0442\u0440\u0438 \u0438 \u0441\u043d\u0430\u0440\u0443\u0436\u0438 \u043f\u043e\u043c\u0435\u0449\u0435\u043d\u0438\u0439,\n\u043f\u043e\u0432\u044b\u0448\u0430\u044f \u043f\u0440\u043e\u0447\u043d\u043e\u0441\u0442\u044c \u043f\u043e\u0432\u0435\u0440\u0445\u043d\u043e\u0441\u0442\u0438 \u0437\u0430 \u0441\u0447\u0435\u0442 \u043f\u0440\u0438\u043c\u0435\u043d\u0435\u043d\u0438\u044f \u0441\u0435\u0442\u043a\u0438.<br \/>\n<strong>\u041c\u0415\u0421\u0422\u041e \u0418\u0421\u041f\u041e\u041b\u042c\u0417\u041e\u0412\u0410\u041d\u0418\u042f<\/strong><br \/>\n\u0418\u0441\u043f\u043e\u043b\u044c\u0437\u0443\u0435\u0442\u0441\u044f \u0434\u043b\u044f \u043e\u0448\u0442\u0443\u043a\u0430\u0442\u0443\u0440\u0438\u0432\u0430\u043d\u0438\u044f \u0431\u0435\u0442\u043e\u043d\u0430, \u043f\u0435\u043d\u043e\u0431\u0435\u0442\u043e\u043d\u0430, \u0430\u0441\u043c\u043e\u043b\u0435\u043d\u0430\n\u0432 \u0441\u0438\u0441\u0442\u0435\u043c\u0435 \u043d\u0430\u0440\u0443\u0436\u043d\u043e\u0439 \u0442\u0435\u043f\u043b\u043e\u0438\u0437\u043e\u043b\u044f\u0446\u0438\u0438, \u043f\u0440\u0438 \u043e\u0448\u0442\u0443\u043a\u0430\u0442\u0443\u0440\u0438\u0432\u0430\u043d\u0438\u0438\n\u0442\u0435\u043f\u043b\u043e\u0438\u0437\u043e\u043b\u044f\u0446\u0438\u043e\u043d\u043d\u043e\u0439 \u043f\u043b\u0438\u0442\u044b \u0432\u043d\u0443\u0442\u0440\u0438 \u0438 \u0441\u043d\u0430\u0440\u0443\u0436\u0438 \u043f\u043e\u043c\u0435\u0449\u0435\u043d\u0438\u0439\n\u0436\u0438\u043b\u0438\u0449\u043d\u044b\u0445 \u0437\u0434\u0430\u043d\u0438\u0439, \u0442\u043e\u0440\u0433\u043e\u0432\u044b\u0445 \u0446\u0435\u043d\u0442\u0440\u043e\u0432 \u0438 \u0431\u043e\u043b\u044c\u043d\u0438\u0446, \u043a\u0430\u043a \u0438 \u0432\u043e \u0432\u0441\u0435\u0445 \u0432\u0438\u0434\u0430\u0445\n\u0436\u0435\u043b\u0435\u0437\u043e\u0431\u0435\u0442\u043e\u043d\u043d\u044b\u0445 \u0438\u043d\u0436\u0435\u043d\u0435\u0440\u043d\u044b\u0445 \u0441\u043e\u043e\u0440\u0443\u0436\u0435\u043d\u0438\u044f\u0445 \u0434\u043b\u044f \u0433\u043e\u0440\u0438\u0437\u043e\u043d\u0442\u0430\u043b\u044c\u043d\u043e\u0433\u043e,\n\u0432\u0435\u0440\u0442\u0438\u043a\u0430\u043b\u044c\u043d\u043e\u0433\u043e \u0438 \u043f\u043e\u0442\u043e\u043b\u043e\u0447\u043d\u043e\u0433\u043e \u043f\u0440\u0438\u043c\u0435\u043d\u0435\u043d\u0438\u044f.<br \/>\n<strong>\u041f\u0420\u0415\u0418\u041c\u0423\u0429\u0415\u0421\u0422\u0412\u0410<\/strong><br \/>\n\u041b\u0435\u0433\u043a\u043e \u043d\u0430\u043d\u043e\u0441\u0438\u0442\u0441\u044f \u0438 \u0444\u043e\u0440\u043c\u0438\u0440\u0443\u0435\u0442\u0441\u044f. \u0418\u043c\u0435\u0435\u0442 \u0432\u044b\u0441\u043e\u043a\u0443\u044e \u0443\u0441\u0442\u043e\u0439\u0447\u0438\u0432\u043e\u0441\u0442\u044c \u043a\u043e\n\u0432\u0441\u0435\u043c \u043a\u043b\u0438\u043c\u0430\u0442\u0438\u0447\u0435\u0441\u043a\u0438\u043c \u0443\u0441\u043b\u043e\u0432\u0438\u044f\u043c. \u0415\u0433\u043e \u0434\u043e\u043b\u0433\u043e\u0432\u0440\u0435\u043c\u0435\u043d\u043d\u0430\u044f \u0443\u0441\u0442\u043e\u0439\u0447\u0438\u0432\u043e\u0441\u0442\u044c\n\u043a \u0432\u043d\u0435\u0448\u043d\u0438\u043c \u043a\u043b\u0438\u043c\u0430\u0442\u0438\u0447\u0435\u0441\u043a\u0438\u043c \u0443\u0441\u043b\u043e\u0432\u0438\u044f\u043c \u0431\u044b\u043b\u0430 \u043f\u043e\u0434\u0442\u0432\u0435\u0440\u0436\u0434\u0435\u043d\u0430\n\u0433\u0438\u0434\u0440\u043e\u0442\u0435\u0440\u043c\u0438\u0447\u0435\u0441\u043a\u0438\u043c\u0438 \u0438\u0441\u043f\u044b\u0442\u0430\u043d\u0438\u044f\u043c\u0438 \u0441\u0442\u0435\u043d. \u041a\u0440\u043e\u043c\u0435 \u0442\u043e\u0433\u043e \u043e\u0431\u043b\u0430\u0434\u0430\u0435\u0442\n\u0433\u0438\u0431\u043a\u043e\u0441\u0442\u044c\u044e \u0431\u043b\u0430\u0433\u043e\u0434\u0430\u0440\u044f \u0441\u043e\u0434\u0435\u0440\u0436\u0430\u0449\u0438\u043c\u0441\u044f \u0432 \u043d\u0435\u043c \u043f\u043e\u043b\u0438\u043c\u0435\u0440\u043d\u044b\u043c \u0434\u043e\u0431\u0430\u0432\u043a\u0430\u043c.\n\u0422\u043e\u0436\u0435 \u044f\u0432\u043b\u044f\u0435\u0442\u0441\u044f \u043f\u0430\u0440\u043e\u043f\u0440\u043e\u043d\u0438\u0446\u0430\u0435\u043c\u044b\u043c \u0438 \u043d\u0435\u0433\u043e\u0440\u044e\u0447\u0438\u043c. \u041a\u0440\u0430\u0441\u043a\u0443 \u043c\u043e\u0436\u043d\u043e\n\u043d\u0430\u043d\u043e\u0441\u0438\u0442\u044c \u043f\u0440\u044f\u043c\u043e \u043d\u0430 \u043d\u0435\u0435. \u0411\u043b\u0430\u0433\u043e\u0434\u0430\u0440\u044f \u0432\u043e\u043b\u043e\u043a\u043d\u0430\u043c \u0432 \u0441\u0432\u043e\u0435\u0439 \u0441\u0442\u0440\u0443\u043a\u0442\u0443\u0440\u0435, \u043e\u043d\n\u043f\u043e\u0433\u043b\u043e\u0449\u0430\u0435\u0442 \u043d\u0430\u043f\u0440\u044f\u0436\u0435\u043d\u0438\u044f \u0438 \u0432\u0438\u0431\u0440\u0430\u0446\u0438\u0438, \u0432\u043e\u0437\u043d\u0438\u043a\u0430\u044e\u0449\u0438\u0435 \u0438\u0437-\u0437\u0430 \u0440\u0430\u0437\u043d\u0438\u0446\u044b\n\u0442\u0435\u043c\u043f\u0435\u0440\u0430\u0442\u0443\u0440 \u0438 \u0441\u0432\u043e\u0434\u0438\u0442 \u043a \u043c\u0438\u043d\u0438\u043c\u0443\u043c\u0443 \u0440\u0438\u0441\u043a \u0440\u0430\u0441\u0442\u0440\u0435\u0441\u043a\u0438\u0432\u0430\u043d\u0438\u044f.<br \/>\n<strong>\u041f\u041e\u0414\u0413\u041e\u0422\u041e\u0412\u041a\u0410 \u041f\u041e\u0412\u0415\u0420\u0425\u041d\u041e\u0421\u0422\u0418<\/strong><br \/>\n\u041f\u043e\u0432\u0435\u0440\u0445\u043d\u043e\u0441\u0442\u0438 \u0434\u043e\u043b\u0436\u043d\u044b \u0431\u044b\u0442\u044c \u0447\u0438\u0441\u0442\u044b\u043c\u0438, \u0433\u043b\u0430\u0434\u043a\u0438\u043c\u0438, \u043f\u0440\u043e\u0447\u043d\u044b\u043c\u0438, \u043e\u0441\u0432\u043e\u0431\u043e\u0436\u0434\u0451\u043d\u043d\u044b\u043c\u0438 \u043e\u0442 \u0432\u0441\u0435\u0445 \u0432\u0438\u0434\u043e\u0432 \u043f\u044b\u043b\u0438, \u043c\u0430\u0441\u0435\u043b, \u0433\u0440\u044f\u0437\u0438, \u0440\u0436\u0430\u0432\u0447\u0438\u043d\u044b, \u043c\u0430\u0441\u043b\u0430 \u0434\u043b\u044f \u0444\u043e\u0440\u043c, \u043c\u043e\u044e\u0449\u0438\u0445 \u0441\u0440\u0435\u0434\u0441\u0442\u0432 \u0438 \u0430\u043d\u0430\u043b\u043e\u0433\u0438\u0447\u043d\u044b\u0445 \u0432\u0435\u0449\u0435\u0441\u0442\u0432 \u0438 \u043e\u0442\u0445\u043e\u0434\u043e\u0432, \u043f\u0440\u0435\u043f\u044f\u0442\u0441\u0442\u0432\u0443\u044e\u0449\u0438\u0445 \u0430\u0434\u0433\u0435\u0437\u0438\u0438. \u041f\u043e\u0432\u0435\u0440\u0445\u043d\u043e\u0441\u0442\u0438 \u0434\u043e\u043b\u0436\u043d\u044b \u0431\u044b\u0442\u044c \u0433\u043b\u0430\u0434\u043a\u0438\u043c\u0438, \u0441\u043b\u0430\u0431\u044b\u0435 \u043c\u0435\u0441\u0442\u0430 \u0434\u043e\u043b\u0436\u043d\u044b \u0431\u044b\u0442\u044c \u0443\u0434\u0430\u043b\u0435\u043d\u043d\u044b\u043c\u0438. \u0415\u0441\u043b\u0438 \u043d\u0430 \u043f\u043e\u043b\u0443 \u0438\u043b\u0438 \u0441\u0442\u0435\u043d\u0435 \u0435\u0441\u0442\u044c \u0442\u0440\u0435\u0449\u0438\u043d\u044b \u0438 \u043f\u043e\u043b\u043e\u0441\u0442\u0438, \u0438\u0445 \u043d\u0443\u0436\u043d\u043e \u043e\u0442\u0440\u0435\u043c\u043e\u043d\u0442\u0438\u0440\u043e\u0432\u0430\u0442\u044c \u0441\u043e\u043e\u0442\u0432\u0435\u0442\u0441\u0442\u0432\u0443\u044e\u0449\u0438\u043c\u0438 \u0440\u0435\u043c\u043e\u043d\u0442\u043d\u044b\u043c\u0438 \u0440\u0430\u0441\u0442\u0432\u043e\u0440\u0430\u043c\u0438 BEYFIX. \u041f\u0440\u043e\u043c\u0435\u0436\u0443\u0442\u043a\u0438 \u043c\u0435\u0436\u0434\u0443 \u043f\u043b\u0438\u0442\u0430\u043c\u0438 \u0442\u0435\u043f\u043b\u043e\u0438\u0437\u043e\u043b\u044f\u0446\u0438\u0438 \u043d\u0443\u0436\u043d\u043e \u0437\u0430\u043f\u043e\u043b\u043d\u044f\u0442\u044c \u043d\u0435\u0431\u043e\u043b\u044c\u0448\u0438\u043c\u0438 \u043a\u0443\u0441\u043e\u0447\u043a\u0430\u043c\u0438, \u043a\u043e\u0442\u043e\u0440\u044b\u0435 \u0434\u043e\u043b\u0436\u043d\u043e \u0432\u044b\u0440\u0435\u0437\u0430\u0442\u044c \u0438\u0437 \u044d\u0442\u0438\u0445 \u043f\u043b\u0438\u0442.<br \/>\n\u041f\u0435\u0440\u0435\u0434 \u043f\u0440\u0438\u043c\u0435\u043d\u0435\u043d\u0438\u0435\u043c \u0448\u0442\u0443\u043a\u0430\u0442\u0443\u0440\u043a\u0438 \u043c\u0435\u0441\u0442\u0430 \u0443\u0441\u0442\u0430\u043d\u043e\u0432\u043a\u0438 \u0434\u044e\u0431\u0435\u043b\u044f \u043d\u0430 \u0434\u043e\u0441\u043a\u0443 \u0432\u0441\u043a\u0440\u044b\u0432\u0430\u044e\u0442 \u0441 \u043f\u043e\u043c\u043e\u0449\u044c\u044e \u043f\u0440\u043e\u0431\u043e\u0439\u043d\u0438\u043a\u0430, \u043f\u0440\u0438\u043a\u0440\u0435\u043f\u043b\u0435\u043d\u043d\u043e\u0433\u043e \u043a \u0441\u0432\u0435\u0440\u043b\u0443. \u0414\u044e\u0431\u0435\u043b\u044c \u0437\u0430\u0431\u0438\u0432\u0430\u0435\u0442. \u0412\u044b\u0431\u043e\u0440 \u0430\u043d\u043a\u0435\u0440\u0430 \u0441\u043b\u0435\u0434\u0443\u0435\u0442 \u043e\u0441\u0443\u0449\u0435\u0441\u0442\u0432\u0438\u0442\u044c \u0432 \u0437\u0430\u0432\u0438\u0441\u0438\u043c\u043e\u0441\u0442\u0438 \u043e\u0442 \u0442\u043e\u043b\u0449\u0438\u043d\u044b \u0431\u0435\u0442\u043e\u043d\u0430, \u043a\u0438\u0440\u043f\u0438\u0447\u0430, \u0433\u0430\u0437\u043e\u0431\u0435\u0442\u043e\u043d\u0430, \u0442\u0435\u043f\u043b\u043e\u0438\u0437\u043e\u043b\u044f\u0446\u0438\u043e\u043d\u043d\u043e\u0439 \u043f\u043b\u0438\u0442\u044b. \u041d\u0430 1 \u043c2 \u043f\u043b\u043e\u0449\u0430\u0434\u0438 \u043d\u0443\u0436\u043d\u043e \u0432\u0441\u0442\u0430\u0432\u0438\u0442\u044c \u043d\u0435 \u043c\u0435\u043d\u0435\u0435 6 \u0434\u044e\u0431\u0435\u043b\u0435\u0439. \u041f\u043e \u043c\u0435\u0440\u0435 \u0443\u0432\u0435\u043b\u0438\u0447\u0435\u043d\u0438\u044f \u0432\u044b\u0441\u043e\u0442\u044b \u043f\u043e\u043b\u0430 \u043a\u043e\u043b\u0438\u0447\u0435\u0441\u0442\u0432\u043e \u0434\u044e\u0431\u0435\u043b\u0435\u0439 \u0442\u0430\u043a\u0436\u0435 \u0442\u0440\u0435\u0431\u043e\u0432\u0430\u0442\u044c\u0441\u044f \u0443\u0432\u0435\u043b\u0438\u0447\u0438\u0432\u0430\u0442\u044c. \u041f\u0440\u0430\u0432\u0438\u043b\u044c\u043d\u043e\u0435 \u043e\u0442\u043a\u0440\u044b\u0432\u0430\u043d\u0438\u0435 \u0434\u044e\u0431\u0435\u043b\u0435\u0439 \u043f\u043e\u0432\u044b\u0448\u0430\u0435\u0442 \u043a\u0430\u0447\u0435\u0441\u0442\u0432\u043e \u043d\u0430\u043d\u0435\u0441\u0435\u043d\u0438\u044f. \u0415\u0441\u043b\u0438 \u0448\u0438\u0440\u043e\u043a\u0430\u044f \u043a\u0440\u0443\u0433\u043b\u0430\u044f \u0441\u0442\u043e\u0440\u043e\u043d\u0430 (\u0433\u043e\u043b\u043e\u0432\u043d\u0430\u044f \u0447\u0430\u0441\u0442\u044c) \u0430\u043d\u043a\u0435\u0440\u043e\u0432 \u043d\u0430\u0445\u043e\u0434\u0438\u0442\u0441\u044f \u0441\u043b\u0438\u0448\u043a\u043e\u043c \u0434\u0430\u043b\u0435\u043a\u043e \u0437\u0430 \u043f\u0440\u0435\u0434\u0435\u043b\u0430\u043c\u0438 \u0438\u043b\u0438 \u0441\u043b\u0438\u0448\u043a\u043e\u043c \u0434\u0430\u043b\u0435\u043a\u043e \u0432\u043d\u0443\u0442\u0440\u0438 \u043f\u043b\u043e\u0441\u043a\u043e\u0441\u0442\u0438 \u043f\u043b\u0430\u0441\u0442\u0438\u043d\u044b, \u043f\u043e\u0441\u043b\u0435 \u0434\u043e\u0436\u0434\u044f \u0438\u043b\u0438 \u043f\u043e\u043f\u0430\u0434\u0430\u043d\u0438\u044f \u0441\u043e\u043b\u043d\u0435\u0447\u043d\u044b\u0445 \u043b\u0443\u0447\u0435\u0439 \u0431\u0443\u0434\u0435\u0442 \u043f\u043b\u043e\u0445\u043e\u0439 \u043e\u0431\u0437\u043e\u0440. \u041d\u0443\u0436\u043d\u043e \u043e\u043f\u0440\u0435\u0434\u0435\u043b\u0438\u0442\u044c \u043c\u0435\u0441\u0442\u0430, \u043e\u0442\u043a\u0443\u0434\u0430 \u0431\u0443\u0434\u0443\u0442 \u0441\u043e\u0431\u0440\u0430\u043d\u043d\u044b\u043c\u0438 \u0434\u044e\u0431\u0435\u043b\u0438.<br \/>\n<strong>\u0418\u041d\u0421\u0422\u0420\u0423\u041a\u0426\u0418\u0418 \u041f\u041e \u041f\u041e\u041b\u042c\u0417\u041e\u0412\u0410\u041d\u0418\u042e<\/strong><br \/>\n25 \u043a\u0433 \u0422\u0415\u041f\u041b\u041e\u0418\u0417\u041e\u041b\u042f\u0426\u0418\u041e\u041d\u041d\u041e\u0413\u041e \u0428\u0422\u0423\u041a\u0410\u0422\u0423\u0420\u041d\u041e\u0413\u041e \u0420\u0410\u0421\u0422\u0412\u041e\u0420\u0410 BEYFIX \u043f\u0440\u0438 \u0442\u0435\u043c\u043f\u0435\u0440\u0430\u0442\u0443\u0440\u0435 \u043e\u043a\u0440\u0443\u0436\u0430\u044e\u0449\u0435\u0439 \u0441\u0440\u0435\u0434\u044b \u043e\u0442 + 5 \u00b0 C \u0434\u043e + 35 \u00b0 C, \u043c\u0435\u0434\u043b\u0435\u043d\u043d\u043e \u043d\u0430\u043b\u0438\u0432\u0430\u0435\u0442\u0441\u044f \u0432 \u0432\u043e\u0434\u0435 \u043e\u0442 6-7 \u043b\u0438\u0442\u0440\u043e\u0432 \u0438 \u0441 \u043f\u043e\u043c\u043e\u0449\u044c\u044e \u043c\u0438\u043a\u0441\u0435\u0440\u0430 \u043d\u0430 \u043d\u0438\u0437\u043a\u043e\u0439 \u0441\u043a\u043e\u0440\u043e\u0441\u0442\u0438 (400-600 \u043e\u0431 \/ \u043c\u0438\u043d) \u043f\u0435\u0440\u0435\u043c\u0435\u0448\u0438\u0432\u0430\u0435\u0442\u0441\u044f\n\u043e\u043a\u043e\u043b\u043e 3-5 \u043c\u0438\u043d\u0443\u0442 \u0434\u043e \u043f\u043e\u043b\u0443\u0447\u0435\u043d\u0438\u044f \u043e\u0434\u043d\u043e\u0440\u043e\u0434\u043d\u043e\u0439 \u0441\u043c\u0435\u0441\u0438.<br \/>\n\u043f\u0440\u0438\u0433\u043e\u0442\u043e\u0432\u043b\u0435\u043d\u043d\u044b\u0439 \u0440\u0430\u0441\u0442\u0432\u043e\u0440 \u043e\u0441\u0442\u0430\u0432\u043b\u044f\u0435\u0442\u0441\u044f \u0437\u0430 5-10 \u043c\u0438\u043d\u0443\u0442, \u0438 \u0437\u0430\u0442\u0435\u043c \u043e\u043f\u044f\u0442\u044c \u043f\u0435\u0440\u0435\u043c\u0435\u0448\u0438\u0432\u0430\u0435\u0442\u0441\u044f \u0437\u0430 \u0435\u0449\u0451 1-2 \u043c\u0438\u043d\u0443\u0442\u044b \u043f\u0435\u0440\u0435\u0434 \u043d\u0430\u0447\u0430\u043b\u043e\u043c \u043d\u0430\u043d\u0435\u0441\u0435\u043d\u0438\u044f. \u0422\u0415\u041f\u041b\u041e\u0418\u0417\u041e\u041b\u042f\u0426\u0418\u041e\u041d\u041d\u042b\u0419 \u0428\u0422\u0423\u041a\u0410\u0422\u0423\u0420\u041d\u042b\u0419 \u0420\u0410\u0421\u0422\u0412\u041e\u0420 BEYFIX \u043d\u0430\u043d\u043e\u0441\u0438\u0442\u0441\u044f \u0441\u0442\u0430\u043b\u044c\u043d\u044b\u043c \u0448\u043f\u0430\u0442\u0435\u043b\u0435\u043c \u043d\u0430 \u0442\u0435\u043f\u043b\u043e\u0438\u0437\u043e\u043b\u044f\u0446\u0438\u043e\u043d\u043d\u044b\u0435 \u043f\u043b\u0438\u0442\u044b. \u0428\u0442\u0443\u043a\u0430\u0442\u0443\u0440\u043d\u0430\u044f \u0430\u0440\u043c\u0430\u0442\u0443\u0440\u043d\u0430\u044f \u0441\u0435\u0442\u043a\u0430 \u0443\u043a\u043b\u0430\u0434\u044b\u0432\u0430\u0435\u0442\u0441\u044f \u0441\u0442\u0430\u043b\u044c\u043d\u044b\u043c \u0448\u043f\u0430\u0442\u0435\u043b\u0435\u043c \u0441\u0432\u0435\u0440\u0445\u0443 \u0434\u043e\u043d\u0438\u0437\u0443 \u0438 \u0441\u043b\u0435\u0433\u043a\u0430 \u043d\u0430\u0434\u0430\u0432\u043b\u0438\u0432\u0430\u044f \u043d\u0430 \u0448\u0442\u0443\u043a\u0430\u0442\u0443\u0440\u043d\u044b\u0439 \u0440\u0430\u0441\u0442\u0432\u043e\u0440 \u0434\u043e \u0435\u0433\u043e \u0432\u044b\u0441\u044b\u0445\u0430\u043d\u0438\u044f. \u0427\u0442\u043e\u0431\u044b \u0438\u0437\u0431\u0435\u0433\u0430\u0442\u044c \u0442\u0440\u0435\u0449\u0438\u043d \u0430\u0440\u043c\u0430\u0442\u0443\u0440\u043d\u0430\u044f \u0441\u0435\u0442\u043a\u0430 \u043d\u0430\u043a\u043b\u0430\u0434\u044b\u0432\u0430\u0435\u0442\u0441\u044f \u043d\u0430 \u0441\u0442\u044b\u043a\u0430\u0445 10 \u0441\u043c..<br \/>\n\u041f\u043e\u0441\u043b\u0435 \u0442\u043e\u0433\u043e, \u043a\u0430\u043a \u043f\u0435\u0440\u0432\u044b\u0439 \u0441\u043b\u043e\u0439 \u0448\u0442\u0443\u043a\u0430\u0442\u0443\u0440\u043a\u0438 \u0431\u0443\u0434\u0435\u0442 \u043d\u0435\u043c\u043d\u043e\u0433\u043e \u043f\u043e\u043b\u0438\u0440\u043e\u0432\u0430\u043d\u043d\u044b\u043c \u0432\u043e\u0434\u043e\u0439, \u0432\u0442\u043e\u0440\u043e\u0439 \u0441\u043b\u043e\u0439 \u0448\u0442\u0443\u043a\u0430\u0442\u0443\u0440\u043a\u0438 \u043d\u0430\u043d\u043e\u0441\u0438\u0442\u0441\u044f \u0434\u043e \u0442\u043e\u0433\u043e, \u043a\u0430\u043a \u043e\u043d\u0430 \u0432\u044b\u0441\u043e\u0445\u043d\u0435\u0442. \u041f\u043e\u0441\u043b\u0435 \u043d\u0430\u043d\u0435\u0441\u0435\u043d\u0438\u044f \u0432\u0442\u043e\u0440\u043e\u0433\u043e \u0441\u043b\u043e\u044f \u0448\u0442\u0443\u043a\u0430\u0442\u0443\u0440\u043a\u0438 \u043f\u043e\u0432\u0435\u0440\u0445\u043d\u043e\u0441\u0442\u044c \u0432\u044b\u0440\u0430\u0432\u043d\u0438\u0432\u0430\u0435\u0442\u0441\u044f \u0441\u0442\u0430\u043b\u044c\u043d\u044b\u043c \u0448\u043f\u0430\u0442\u0435\u043b\u0435\u043c. \u041f\u0440\u0438\u0433\u043e\u0442\u043e\u0432\u043b\u0435\u043d\u043d\u043e\u0433\u043e \u0440\u0430\u0441\u0442\u0432\u043e\u0440\u0430 \u043d\u0443\u0436\u043d\u043e \u0438\u0441\u043f\u043e\u043b\u044c\u0437\u043e\u0432\u0430\u0442\u044c \u0434\u043e 3 \u0447\u0430\u0441\u043e\u0432, \u0438 \u043f\u0440\u0438 \u044d\u0442\u043e\u043c \u0440\u0430\u0441\u0442\u0432\u043e\u0440 \u0441 \u043f\u0440\u043e\u0441\u0440\u043e\u0447\u0435\u043d\u043d\u044b\u043c \u0432\u0440\u0435\u043c\u0435\u043d\u0435\u043c \u043d\u0435 \u0438\u0441\u043f\u043e\u043b\u044c\u0437\u0443\u0435\u0442\u0441\u044f. \u041f\u043e\u0441\u043b\u0435 \u043f\u043e\u043b\u043d\u043e\u0433\u043e \u0432\u044b\u0441\u044b\u0445\u0430\u043d\u0438\u044f \u0448\u0442\u0443\u043a\u0430\u0442\u0443\u0440\u043d\u043e\u0433\u043e \u0440\u0430\u0441\u0442\u0432\u043e\u0440\u0430 \u043d\u0443\u0436\u043d\u043e \u043d\u0430\u043d\u043e\u0441\u0438\u0442\u044c \u0434\u044b\u0448\u0430\u0449\u0438\u0439 \u0432\u0435\u0440\u0445\u043d\u0438\u0439 \u0441\u043b\u043e\u0439 \u043f\u043e\u043a\u0440\u044b\u0442\u0438\u044f.<br \/>\n<strong>\u0423\u041f\u0410\u041a\u041e\u0412\u041a\u0410<\/strong><br \/>\n\u041a\u0440\u0430\u0444\u0442-\u043c\u0435\u0448\u043e\u043a \u0451\u043c\u043a\u043e\u0441\u0442\u044c\u044e 20 \u043a\u0433. (\u0410\u0440\u043c\u0438\u0440\u043e\u0432\u0430\u043d\u043d\u044b\u0439 \u043f\u043e\u043b\u0438\u044d\u0442\u0438\u043b\u0435\u043d\u043e\u043c)<br \/>\n\u0412 \u043e\u0434\u043d\u043e\u043c \u043f\u043e\u0434\u0434\u043e\u043d\u0435 \u0438\u043c\u0435\u044e\u0442\u0441\u044f 64 \u043c\u0435\u0448\u043a\u0430 (106\u0445106 \u0441\u043c).<br \/>\n<strong>\u0425\u0420\u0410\u041d\u0415\u041d\u0418\u0415 \u0418 \u0421\u0420\u041e\u041a \u0413\u041e\u0414\u041d\u041e\u0421\u0422\u0418<\/strong><br \/>\n\u0425\u0440\u0430\u043d\u0438\u0442\u044c\u0441\u044f \u0432 \u043d\u0435\u043e\u0442\u043a\u0440\u044b\u0442\u043e\u0439 \u043e\u0440\u0438\u0433\u0438\u043d\u0430\u043b\u044c\u043d\u043e\u0439 \u0443\u043f\u0430\u043a\u043e\u0432\u043a\u0435, \u0432 \u043f\u0440\u043e\u0445\u043b\u0430\u0434\u043d\u043e\u043c \u0438 \u0441\u0443\u0445\u043e\u043c \u043c\u0435\u0441\u0442\u0435, \u043d\u043e \u043d\u0443\u0436\u043d\u043e \u0440\u0430\u0437\u043c\u0435\u0449\u0430\u0442\u044c \u043d\u0430\u0438\u0431\u043e\u043b\u0435\u0435 2 \u043f\u043e\u0434\u0434\u043e\u043d\u0430 \u043e\u0434\u0438\u043d \u043d\u0430\u0434 \u0434\u0440\u0443\u0433\u0438\u043c. \u041f\u0440\u0438 \u0441\u043e\u0431\u043b\u044e\u0434\u0435\u043d\u0438\u0435\u043c \u0443\u0441\u043b\u043e\u0432\u0438\u0439 \u0445\u0440\u0430\u043d\u0435\u043d\u0438\u044f \u0441\u0440\u043e\u043a \u0433\u043e\u0434\u043d\u043e\u0441\u0442\u0438 12 \u043c\u0435\u0441\u044f\u0446\u0435\u0432 \u043f\u043e\u0441\u043b\u0435 \u043f\u0440\u043e\u0438\u0437\u0432\u043e\u0434\u0441\u0442\u0432\u0435\u043d\u043d\u043e\u0439 \u0434\u0430\u0442\u044b.<br \/>\n<strong>\u0421\u0422\u0410\u041d\u0414\u0410\u0420\u0422 \u041a\u0410\u0427\u0415\u0421\u0422\u0412\u0410<\/strong><br \/>\n\u0418\u043c\u0435\u0435\u0442 \u0441\u0435\u0440\u0442\u0438\u0444\u0438\u043a\u0430\u0442 TS EN 13687.<\/p>\n<p>\u041e\u043d \u0441\u043e\u043e\u0442\u0432\u0435\u0442\u0441\u0442\u0432\u0443\u0435\u0442 \u0441\u0442\u0430\u043d\u0434\u0430\u0440\u0442\u0443 G.<\/p>\n\n<table id=\"tablepress-27\" class=\"tablepress tablepress-id-27\">\n<tbody>\n<tr class=\"row-1\">\n\t<td class=\"column-1\">\u0412\u043d\u0435\u0448\u043d\u0438\u0439 \u0432\u0438\u0434<\/td><td class=\"column-2\">\u0421\u0435\u0440\u044b\u0439 \u043f\u043e\u0440\u043e\u0448\u043e\u043a<\/td>\n<\/tr>\n<tr class=\"row-2\">\n\t<td class=\"column-1\">\u041f\u0440\u043e\u043f\u043e\u0440\u0446\u0438\u044f \u0441\u043c\u0435\u0448\u0438\u0432\u0430\u043d\u0438\u044f<\/td><td class=\"column-2\">6-7 lt \u0432\u043e\u0434\u044b \/25 kg \u043f\u043e\u0440\u043e\u0448\u043a\u0430<\/td>\n<\/tr>\n<tr class=\"row-3\">\n\t<td class=\"column-1\">\u0420\u0430\u0441\u0445\u043e\u0434 \u043c\u0430\u0442\u0435\u0440\u0438\u0430\u043b\u043e\u0432<\/td><td class=\"column-2\">3-5 \u043a\u0433\/\u043c2 (\u0434\u043b\u044f \u0442\u043e\u043b\u0449\u0438\u043d\u044b 2 \u043c\u043c)<\/td>\n<\/tr>\n<tr class=\"row-4\">\n\t<td class=\"column-1\">\u0422\u0435\u043c\u043f\u0435\u0440\u0430\u0442\u0443\u0440\u0430 \u043f\u0440\u0438\u043c\u0435\u043d\u0435\u043d\u0438\u044f<\/td><td class=\"column-2\">\u041c\u0435\u0436\u0434\u0443 +5\u00b0C \u0438 +35\u00b0C<\/td>\n<\/tr>\n<tr class=\"row-5\">\n\t<td class=\"column-1\">\u0412\u0440\u0435\u043c\u044f \u0432\u044b\u0434\u0435\u0440\u0436\u043a\u0438 \u0432 \u043a\u043e\u0440\u043e\u0431\u043a\u0435<\/td><td class=\"column-2\">3 \u0447\u0430\u0441\u0430<\/td>\n<\/tr>\n<tr class=\"row-6\">\n\t<td class=\"column-1\">\u041f\u0440\u043e\u0447\u043d\u043e\u0441\u0442\u044c \u0430\u0434\u0433\u0435\u0437\u0438\u0438 \u043d\u0430\n\u0442\u0435\u043f\u043b\u043e\u0438\u0437\u043e\u043b\u044f\u0446\u0438\u043e\u043d\u043d\u043e\u0439 \u043f\u043b\u0438\u0442\u0435<\/td><td class=\"column-2\">\u2265 0,08 N\/mm2<\/td>\n<\/tr>\n<tr class=\"row-7\">\n\t<td class=\"column-1\">\u041f\u0440\u043e\u0447\u043d\u043e\u0441\u0442\u044c \u0441\u0442\u044f\u0436\u043a\u0438<\/td><td class=\"column-2\">\u2265 0,5 N\/mm2<\/td>\n<\/tr>\n<tr class=\"row-8\">\n\t<td class=\"column-1\">\u0423\u0441\u0442\u043e\u0439\u0447\u0438\u0432\u043e\u0441\u0442\u044c \u043a \u043d\u0430\u043a\u043b\u043e\u043d\u0443<\/td><td class=\"column-2\">\u2265 2 N\/mm2<\/td>\n<\/tr>\n<tr class=\"row-9\">\n\t<td class=\"column-1\">\u0423\u0441\u0442\u043e\u0439\u0447\u0438\u0432\u043e\u0441\u0442\u044c \u043a \u0434\u0430\u0432\u043b\u0435\u043d\u0438\u044e<\/td><td class=\"column-2\">\u2265 6 N\/mm2<\/td>\n<\/tr>\n<tr class=\"row-10\">\n\t<td class=\"column-1\">\u041c\u0430\u0441\u0441\u0430 \u043f\u0443\u0441\u0442\u043e\u0442\u0435\u043b\u043e\u0433\u043e \u0431\u043b\u043e\u043a\u0430 \u0441\u0432\u0435\u0436\u0435\u0439 \u0441\u043c\u0435\u0441\u0438<\/td><td class=\"column-2\">\u2265 1000 kg\/m3<\/td>\n<\/tr>\n<tr class=\"row-11\">\n\t<td class=\"column-1\">\u041a\u0430\u043f\u0438\u043b\u043b\u044f\u0440\u043d\u043e\u0435 \u0443\u0432\u043b\u0430\u0436\u043d\u0435\u043d\u0438\u0435 \u0432\u043e\u0434\u043e\u0439<\/td><td class=\"column-2\">\u2264 0,5 (kg\/m2.\u043c\u0438\u043d 0,5)<\/td>\n<\/tr>\n<tr class=\"row-12\">\n\t<td class=\"column-1\">\u041f\u0440\u043e\u0432\u043e\u0434\u0438\u043c\u043e\u0441\u0442\u044c \u043f\u0430\u0440\u044b<\/td><td class=\"column-2\">\u2264 15<\/td>\n<\/tr>\n<tr class=\"row-13\">\n\t<td class=\"column-1\">\u0420\u0435\u0430\u043a\u0446\u0438\u044f \u043f\u043e\u0436\u0430\u0440\u0443<\/td><td class=\"column-2\">A1<\/td>\n<\/tr>\n<\/tbody>\n<\/table>\n<!-- #tablepress-27 from cache -->\n<div id=\"dflip_post_meta_box_shortcode\" class=\"postbox\">\n<div class=\"inside\">\n<div class=\"dflip-tabs normal-tabs\">\n<div id=\"dflip-tab-content-normal\" class=\"dflip-tab-content dflip-active\"><\/div>\n<\/div>\n<\/div>\n<\/div>\n<div id=\"submitdiv\" class=\"postbox\">\n<div class=\"postbox-header\">\n<div class=\"handle-actions hide-if-no-js\"><\/div>\n<\/div>\n<\/div>\n<p>&nbsp;<\/p>","protected":false},"excerpt":{"rendered":"<p>TANIM \u00c7imento esasl\u0131, elyaf takviyeli, i\u00e7 ve d\u0131\u015f mekanlarda polistiren esasl\u0131 ve ta\u015fy\u00fcn\u00fc levhalar gibi \u0131s\u0131 ve ses yal\u0131t\u0131m malzemelerinin \u00fczerine s\u0131va yapmak i\u00e7in kullan\u0131lan, file uygulamas\u0131 ile y\u00fczeyin mukavemetini art\u0131ran \u00f6zel s\u0131vad\u0131r. KULLANIM ALANLARI D\u0131\u015f cephe \u0131s\u0131 yal\u0131t\u0131m sisteminde beton, gazbeton, dolgu k\u00f6p\u00fc\u011f\u00fc \u00fczerine s\u0131va yap\u0131lmas\u0131nda, i\u00e7 ve d\u0131\u015f mekanlarda \u0131s\u0131 yal\u0131t\u0131m levhas\u0131n\u0131n s\u0131vanmas\u0131nda [&hellip;]<\/p>","protected":false},"featured_media":807,"comment_status":"open","ping_status":"closed","template":"","meta":[],"product_cat":[74,76],"product_tag":[],"_links":{"self":[{"href":"https:\/\/www.beyfix.com\/ru\/wp-json\/wp\/v2\/product\/440"}],"collection":[{"href":"https:\/\/www.beyfix.com\/ru\/wp-json\/wp\/v2\/product"}],"about":[{"href":"https:\/\/www.beyfix.com\/ru\/wp-json\/wp\/v2\/types\/product"}],"replies":[{"embeddable":true,"href":"https:\/\/www.beyfix.com\/ru\/wp-json\/wp\/v2\/comments?post=440"}],"wp:featuredmedia":[{"embeddable":true,"href":"https:\/\/www.beyfix.com\/ru\/wp-json\/wp\/v2\/media\/807"}],"wp:attachment":[{"href":"https:\/\/www.beyfix.com\/ru\/wp-json\/wp\/v2\/media?parent=440"}],"wp:term":[{"taxonomy":"product_cat","embeddable":true,"href":"https:\/\/www.beyfix.com\/ru\/wp-json\/wp\/v2\/product_cat?post=440"},{"taxonomy":"product_tag","embeddable":true,"href":"https:\/\/www.beyfix.com\/ru\/wp-json\/wp\/v2\/product_tag?post=440"}],"curies":[{"name":"wp","href":"https:\/\/api.w.org\/{rel}","templated":true}]}}