{"id":857,"date":"2019-07-24T18:28:33","date_gmt":"2019-07-24T15:28:33","guid":{"rendered":"http:\/\/www.beyfix.com\/?post_type=portfolio&#038;p=857"},"modified":"2022-03-31T18:46:38","modified_gmt":"2022-03-31T15:46:38","slug":"beyfix-silikonlu-dis-cephe-astari","status":"publish","type":"product","link":"https:\/\/www.beyfix.com\/ru\/magaza\/insaat-boyalari\/astarlar\/beyfix-silikonlu-dis-cephe-astari\/","title":{"rendered":"\u0421\u0418\u041b\u0418\u041a\u041e\u041d\u041e\u0412\u0410\u042f\n\u0413\u0420\u0423\u041d\u0422\u041e\u0412\u041a\u0410 \u0414\u041b\u042f\n\u041d\u0410\u0420\u0423\u0416\u041d\u042b\u0425 \u0420\u0410\u0411\u041e\u0422"},"content":{"rendered":"<div class=\"page\" title=\"Page 27\">\n<div class=\"section\">\n<div class=\"layoutArea\">\n<div class=\"column\">\n<p><strong>\u041e\u041f\u0418\u0421\u0410\u041d\u0418\u0415<\/strong><\/p>\n<p>\u0413\u0440\u0443\u043d\u0442 \u0434\u043b\u044f \u043d\u0430\u0440\u0443\u0436\u043d\u044b\u0439 \u0440\u0430\u0431\u043e\u0442 \u043d\u0430 \u043e\u0441\u043d\u043e\u0432\u0435 \u0430\u043a\u0440\u0438\u043b\u043e\u0432\u043e\u0439 \u044d\u043c\u0443\u043b\u044c\u0441\u0438\u0438, \u0431\u0435\u043b\u044b\u0439, \u0432\u044b\u0441\u043e\u043a\u043e\u0439 \u0443\u043a\u0440\u044b\u0432\u0438\u0441\u0442\u043e\u0441\u0442\u044c\u044e.<\/p>\n<p><strong>\u041c\u0415\u0421\u0422\u041e \u0418\u0421\u041f\u041e\u041b\u042c\u0417\u041e\u0412\u0410\u041d\u0418\u042f<\/strong><\/p>\n<p>\u0418\u0441\u043f\u043e\u043b\u044c\u0437\u0443\u0435\u0442\u0441\u044f \u0432 \u043a\u0430\u0447\u0435\u0441\u0442\u0432\u0435 \u0433\u0440\u0443\u043d\u0442\u043e\u0432\u043a\u0438 \u043d\u0430 \u0444\u0430\u0441\u0430\u0434\u0430\u0445 \u0432\u0441\u0435\u0445 \u0437\u0434\u0430\u043d\u0438\u0439, \u043e\u0441\u043e\u0431\u0435\u043d\u043d\u043e \u043d\u0430 \u0441\u0438\u043b\u044c\u043d\u043e \u0432\u043f\u0438\u0442\u044b\u0432\u0430\u044e\u0449\u0438\u0445 \u043f\u043e\u0432\u0435\u0440\u0445\u043d\u043e\u0441\u0442\u044f\u0445, \u0434\u043b\u044f \u043f\u043e\u0432\u044b\u0448\u0435\u043d\u0438\u044f \u0430\u0434\u0433\u0435\u0437\u0438\u0438 \u043f\u043e\u0434 \u0448\u0442\u0443\u043a\u0430\u0442\u0443\u0440\u043a\u0430\u043c\u0438 \u043d\u0430 \u0446\u0435\u043c\u0435\u043d\u0442\u043d\u043e\u0439 \u043e\u0441\u043d\u043e\u0432\u0435, \u0433\u043e\u0442\u043e\u0432\u044b\u0445 \u043a \u0438\u0441\u043f\u043e\u043b\u044c\u0437\u043e\u0432\u0430\u043d\u0438\u044e \u0434\u0435\u043a\u043e\u0440\u0430\u0442\u0438\u0432\u043d\u044b\u0445 \u0448\u0442\u0443\u043a\u0430\u0442\u0443\u0440\u043e\u043a \u043d\u0430 \u0441\u0442\u0430\u0440\u044b\u0445 \u043f\u043e\u043a\u0440\u044b\u0442\u044b\u0445 \u043f\u043e\u0432\u0435\u0440\u0445\u043d\u043e\u0441\u0442\u044f\u0445 \u0438 \u0434\u043b\u044f \u0441\u043d\u0438\u0436\u0435\u043d\u0438\u044f \u0440\u0430\u0441\u0445\u043e\u0434\u0430 \u0433\u043e\u0442\u043e\u0432\u043e\u0433\u043e \u0444\u0438\u043d\u0430\u043b\u044c\u043d\u043e\u0433\u043e \u043f\u043e\u043a\u0440\u044b\u0442\u0438\u044f.<\/p>\n<p><strong>\u041f\u0420\u0415\u0418\u041c\u0423\u0429\u0415\u0421\u0422\u0412\u0410<\/strong><\/p>\n<p>\u041b\u0435\u0433\u043a\u043e \u0433\u043e\u0442\u043e\u0432\u0438\u0442\u0441\u044f \u0438 \u043f\u0440\u0438\u043c\u0435\u043d\u044f\u0435\u0442\u0441\u044f. \u041e\u0431\u0435\u0441\u043f\u0435\u0447\u0438\u0432\u0430\u0435\u0442 \u043f\u0440\u043e\u0447\u043d\u0443\u044e \u0430\u0434\u0433\u0435\u0437\u0438\u044e \u0444\u0438\u043d\u0438\u0448\u043d\u043e\u0433\u043e \u0441\u043b\u043e\u044f \u0433\u043e\u0442\u043e\u0432\u043e\u0439 \u0448\u0442\u0443\u043a\u0430\u0442\u0443\u0440\u043a\u0438 \u0438\u043b\u0438 \u043d\u0430\u0440\u0443\u0436\u043d\u043e\u0439 \u043e\u0431\u043b\u0438\u0446\u043e\u0432\u043a\u0438 \u043a \u043f\u043e\u0432\u0435\u0440\u0445\u043d\u043e\u0441\u0442\u0438 \u0438 \u0441\u043d\u0438\u0436\u0430\u0435\u0442 \u0435\u0435 \u0440\u0430\u0441\u0445\u043e\u0434. \u0421\u0442\u0430\u0440\u043e\u0435 \u043f\u043e\u043a\u0440\u044b\u0442\u0438\u0435 \u043c\u043e\u0436\u043d\u043e \u043d\u0430\u043d\u043e\u0441\u0438\u0442\u044c \u0431\u0435\u0437 \u0446\u0430\u0440\u0430\u043f\u0438\u043d \u0438 \u043d\u0430 \u043d\u0435\u0433\u043e \u043c\u043e\u0436\u043d\u043e \u043d\u0430\u043d\u043e\u0441\u0438\u0442\u044c \u043d\u043e\u0432\u043e\u0435 \u043f\u043e\u043a\u0440\u044b\u0442\u0438\u0435.<\/p>\n<p><strong>\u041f\u041e\u0414\u0413\u041e\u0422\u041e\u0412\u041a\u0410 \u041f\u041e\u0412\u0415\u0420\u0425\u041d\u041e\u0421\u0422\u0418<\/strong><\/p>\n<p>\u041f\u043e\u0432\u0435\u0440\u0445\u043d\u043e\u0441\u0442\u044c \u043d\u0430\u043d\u0435\u0441\u0435\u043d\u0438\u044f \u0434\u043e\u043b\u0436\u043d\u0430 \u0431\u044b\u0442\u044c \u0447\u0438\u0441\u0442\u043e\u0439, \u0441\u0443\u0445\u043e\u0439, \u0433\u043b\u0430\u0434\u043a\u043e\u0439 \u0438 \u043f\u0440\u043e\u0447\u043d\u043e\u0439.<\/p>\n<p><strong>\u0418\u041d\u0421\u0422\u0420\u0423\u041a\u0426\u0418\u0418 \u041f\u041e \u041f\u041e\u041b\u042c\u0417\u041e\u0412\u0410\u041d\u0418\u042e<\/strong><\/p>\n<p>\u0413\u0420\u0423\u041d\u0422\u0410 \u0414\u041b\u042f \u041d\u0410\u0420\u0423\u0416\u041d\u041e\u0413\u041e \u041f\u0420\u0418\u041c\u0415\u041d\u0415\u041d\u0418\u042f BEYFIX \u043d\u0443\u0436\u043d\u043e \u0441\u043c\u0435\u0448\u0430\u0442\u044c \u0441 \u0432\u043e\u0434\u043e\u0439, \u0440\u0430\u0437\u0431\u0430\u0432\u0438\u0432 \u0413\u0420\u0423\u041d\u0422\u0410 \u0414\u041b\u042f \u041d\u0410\u0420\u0423\u0416\u041d\u041e\u0413\u041e \u041f\u0420\u0418\u041c\u0415\u041d\u0415\u041d\u0418\u042f BEYFIX \/ \u0412\u041e\u0414\u0410 \u043e\u043a\u043e\u043b\u043e 20-25% \u0434\u043e \u0442\u0435\u0445 \u043f\u043e\u0440, \u043f\u043e\u043a\u0430 \u043d\u0435 \u043f\u043e\u043b\u0443\u0447\u0438\u0442\u044c\u0441\u044f \u043e\u0434\u043d\u043e\u0440\u043e\u0434\u043d\u043e\u0439 \u0441\u043c\u0435\u0441\u0438, \u0438 \u043d\u0430\u043d\u0435\u0441\u0442\u0438 \u043d\u0430 \u043f\u043e\u0432\u0435\u0440\u0445\u043d\u043e\u0441\u0442\u044c \u043e\u0434\u043d\u0438\u043c \u0441\u043b\u043e\u0435\u043c \u043a\u0438\u0441\u0442\u044c\u044e \u0438\u043b\u0438 \u0432\u0430\u043b\u0438\u043a\u043e\u043c. \u041d\u0430\u043d\u0435\u0441\u0435\u043d\u0438\u0435 \u0433\u043e\u0442\u043e\u0432\u043e\u0439 \u0448\u0442\u0443\u043a\u0430\u0442\u0443\u0440\u043a\u0438 \u0438 \u043f\u043e\u043a\u0440\u044b\u0442\u0438\u044f \u043d\u0443\u0436\u043d\u043e \u043d\u0430\u0447\u0438\u043d\u0430\u0442\u044c \u0447\u0435\u0440\u0435\u0437 12 \u0447\u0430\u0441\u043e\u0432 \u043f\u043e\u0441\u043b\u0435 \u043d\u0430\u043d\u0435\u0441\u0435\u043d\u0438\u044f \u0413\u0420\u0423\u041d\u0422\u0410 \u0414\u041b\u042f \u041d\u0410\u0420\u0423\u0416\u041d\u041e\u0413\u041e \u041f\u0420\u0418\u041c\u0415\u041d\u0415\u041d\u0418\u042f BEYFIX. \u0422\u0435\u043c\u043f\u0435\u0440\u0430\u0442\u0443\u0440\u0430 \u043e\u043a\u0440\u0443\u0436\u0430\u044e\u0449\u0435\u0439 \u0441\u0440\u0435\u0434\u044b \u0438 \u043f\u043e\u0432\u0435\u0440\u0445\u043d\u043e\u0441\u0442\u0438 \u0434\u043e\u043b\u0436\u043d\u0430 \u0431\u044b\u0442\u044c \u043d\u0435 \u043c\u0435\u043d\u0435\u0435 5 \u00b0 C \u0432\u043e \u0432\u0440\u0435\u043c\u044f \u043d\u0430\u043d\u0435\u0441\u0435\u043d\u0438\u044f \u0438 \u0432 \u0442\u0435\u0447\u0435\u043d\u0438\u0435 \u0441\u043b\u0435\u0434\u0443\u044e\u0449\u0438\u0445 24 \u0447\u0430\u0441\u043e\u0432.<\/p>\n<p><strong>\u0423\u041f\u0410\u041a\u041e\u0412\u041a\u0410<\/strong><\/p>\n<p>\u041f\u043b\u0430\u0441\u0442\u0438\u0447\u043d\u043e\u0435 \u0432\u0435\u0434\u0440\u043e \u0451\u043c\u043a\u043e\u0441\u0442\u044c\u044e 20 kg.<\/p>\n<div class=\"page\" title=\"Page 27\">\n<div class=\"section\">\n<div class=\"layoutArea\">\n<div class=\"column\">\n<p><strong>\u0425\u0420\u0410\u041d\u0415\u041d\u0418\u0415 \u0418 \u0421\u0420\u041e\u041a \u0413\u041e\u0414\u041d\u041e\u0421\u0422\u0418<\/strong><\/p>\n<p>B \u043f\u0440\u043e\u0445\u043b\u0430\u0434\u043d\u043e\u043c \u0438 \u0441\u0443\u0445\u043e\u043c \u043c\u0435\u0441\u0442\u0435, \u0432 \u043d\u0435\u043e\u0442\u043a\u0440\u044b\u0442\u043e\u0439 \u043e\u0440\u0438\u0433\u0438\u043d\u0430\u043b\u044c\u043d\u043e\u0439 \u0443\u043f\u0430\u043a\u043e\u0432\u043a\u0435. \u041d\u0435 \u043d\u0430\u0434\u043e \u043f\u043e\u0441\u0442\u0430\u0432\u043b\u044f\u0442\u044c \u0431\u043e\u043b\u0435\u0435 4 \u0432\u0435\u0434\u0435\u0440 \u043d\u0430 \u043f\u043e\u0434\u0434\u043e\u043d\u0435. \u0421\u0440\u043e\u043a \u0433\u043e\u0434\u043d\u043e\u0441\u0442\u0438 \u0432 \u043f\u043e\u0434\u0445\u043e\u0434\u044f\u0449\u0438\u0445 \u0443\u0441\u043b\u043e\u0432\u0438\u044f\u0445 \u0445\u0440\u0430\u043d\u0435\u043d\u0438\u044f 12 \u043c\u0435\u0441\u044f\u0446\u0435\u0432 \u0441 \u0434\u0430\u0442\u044b \u043f\u0440\u043e\u0438\u0437\u0432\u043e\u0434\u0441\u0442\u0432\u0430.<\/p>\n<p><strong>\u041f\u0420\u0410\u0412\u0418\u041b\u0410 \u0422\u0415\u0425\u041d\u0418\u041a\u0418 \u0411\u0415\u0417\u041e\u041f\u0410\u0421\u041d\u041e\u0421\u0422\u0418<\/strong><\/p>\n<p>P102: \u0425\u0440\u0430\u043d\u0438\u0442\u0435 \u0432 \u043c\u0435\u0441\u0442\u0435, \u043d\u0435\u0434\u043e\u0441\u0442\u0443\u043f\u043d\u043e\u043c \u0434\u043b\u044f \u0434\u0435\u0442\u0435\u0439<br \/>\nP262: \u041d\u0435 \u0434\u043e\u043f\u0443\u0441\u043a\u0430\u0442\u044c \u043f\u043e\u043f\u0430\u0441\u0442\u044c \u0432 \u0433\u043b\u0430\u0437\u0430, \u0432 \u043a\u043e\u0436\u0443 \u0438\u043b\u0438 \u0432 \u043e\u0434\u0435\u0436\u0434\u0443.<br \/>\nP391: \u0421\u043e\u0431\u0438\u0440\u0430\u0439\u0442\u0435 \u0440\u0430\u0437\u043b\u0438\u0432<br \/>\nP301+P312: \u0412 \u0441\u043b\u0443\u0447\u0430\u0435, \u043a\u043e\u0433\u0434\u0430 \u0431\u0443\u0434\u0435\u0442 \u043f\u043e\u0433\u043b\u043e\u0449\u0435\u043d\u043e: \u0415\u0441\u043b\u0438 \u0441\u0435\u0431\u044f \u043f\u043b\u043e\u0445\u043e \u0447\u0443\u0432\u0441\u0442\u0432\u0443\u0435\u0442\u0435, \u0442\u043e\u0433\u0434\u0430 \u043f\u043e\u0437\u0432\u043e\u043d\u0438\u0442\u0435 \u043d\u043e\u043c\u0435\u0440\u0443 114 \u2013 \u043d\u043e\u043c\u0435\u0440 \u041d\u0410\u0426\u0418\u041e\u041d\u0410\u041b\u042c\u041d\u041e\u0413\u041e \u041a\u041e\u041d\u0421\u0423\u041b\u042c\u0422\u0410\u0422\u0418\u0412\u041d\u041e\u0413\u041e \u0426\u0415\u041d\u0422\u0420\u0410 \u041e\u0422\u0420\u0410\u0412\u041b\u0415\u041d\u0418\u042f \u0438\u043b\u0438 \u0432\u0440\u0430\u0447\u0443.<\/p>\n\n<table id=\"tablepress-36\" class=\"tablepress tablepress-id-36\">\n<tbody>\n<tr class=\"row-1\">\n\t<td class=\"column-1\">\u0412\u043d\u0435\u0448\u043d\u0438\u0439 \u0432\u0438\u0434<\/td><td class=\"column-2\">\u0411\u0435\u043b\u044b\u0439<\/td>\n<\/tr>\n<tr class=\"row-2\">\n\t<td class=\"column-1\">\u0420\u0430\u0441\u0445\u043e\u0434 \u043c\u0430\u0442\u0435\u0440\u0438\u0430\u043b\u043e\u0432<\/td><td class=\"column-2\">0.100 \u2013 0,120 kg\/m2 (\u043e\u0434\u043d\u043e\u0433\u043e \u0441\u043b\u043e\u044f)\n\u0412 \u0437\u0430\u0432\u0438\u0441\u0438\u043c\u043e\u0441\u0442\u0438 \u043e\u0442 \u0448\u0435\u0440\u043e\u0445\u043e\u0432\u0430\u0442\u043e\u0441\u0442\u0438 \u0438 \u0432\u043f\u0438\u0442\u044b\u0432\u0430\u0435\u043c\u043e\u0441\u0442\u0438 \u043f\u043e\u0432\u0435\u0440\u0445\u043d\u043e\u0441\u0442\u0438<\/td>\n<\/tr>\n<tr class=\"row-3\">\n\t<td class=\"column-1\">\u041f\u0440\u043e\u043f\u043e\u0440\u0446\u0438\u044f\n\u0438\u0441\u0442\u043e\u043d\u0447\u0435\u043d\u0438\u044f<\/td><td class=\"column-2\">% 20-25 (\u0441 \u0432\u043e\u0434\u043e\u0439 \u0432 \u0437\u0430\u0432\u0438\u0441\u0438\u043c\u043e\u0441\u0442\u0438\n\u043e\u0431\u044a\u0451\u043c\u0430)<\/td>\n<\/tr>\n<tr class=\"row-4\">\n\t<td class=\"column-1\">\u0412\u0440\u0435\u043c\u044f \u0441\u0443\u0448\u043a\u0438<\/td><td class=\"column-2\">12 \u0447\u0430\u0441\u0430<\/td>\n<\/tr>\n<tr class=\"row-5\">\n\t<td class=\"column-1\">pH<\/td><td class=\"column-2\">8-9<\/td>\n<\/tr>\n<tr class=\"row-6\">\n\t<td class=\"column-1\">\u0422\u0435\u043c\u043f\u0435\u0440\u0430\u0442\u0443\u0440\u0430 \u043f\u0440\u0438\u043c\u0435\u043d\u0435\u043d\u0438\u044f<\/td><td class=\"column-2\">\u041c\u0435\u0436\u0434\u0443 +5\u00b0C \u0438 +35\u00b0C<\/td>\n<\/tr>\n<\/tbody>\n<\/table>\n<!-- #tablepress-36 from cache -->\n<div class=\"page\" title=\"Page 27\">\n<div class=\"section\">\n<div class=\"layoutArea\">\n<div class=\"column\">\n<p>\u0412\u044b\u0448\u0435\u0443\u043a\u0430\u0437\u0430\u043d\u043d\u044b\u0435 \u0437\u043d\u0430\u0447\u0435\u043d\u0438\u044f \u0434\u043b\u044f +23\u00b0C \u0438 50% \u043e\u0442\u043d\u043e\u0441\u0438\u0442\u0435\u043b\u044c\u043d\u043e\u0439 \u0432\u043b\u0430\u0436\u043d\u043e\u0441\u0442\u0438<\/p>\n<\/div>\n<\/div>\n<\/div>\n<\/div>\n<\/div>\n<\/div>\n<\/div>\n<\/div>\n<\/div>\n<\/div>\n<\/div>\n<\/div>","protected":false},"excerpt":{"rendered":"<p>TANIMI Akrilik emu\u0308lsiyon esasl\u0131, beyaz, o\u0308rtu\u0308cu\u0308lu\u0308g\u0306u\u0308 yu\u0308ksek, dolgulu d\u0131s\u0327 cephe astar\u0131d\u0131r. KULLANIM ALANLARI Tu\u0308m binalar\u0131n d\u0131s\u0327 cephelerinde o\u0308zellikle emicilig\u0306i yu\u0308ksek yu\u0308zeylerde olmak u\u0308zere c\u0327imento bazl\u0131 s\u0131valar, eski kaplamal\u0131 yu\u0308zeyler u\u0308zerine haz\u0131r dekoratif s\u0131valar\u0131n ve d\u0131s\u0327 cephe kaplamalar\u0131n alt\u0131na aderans\u0131 artt\u0131rmak ve son kat haz\u0131r s\u0131va ve d\u0131s\u0327 cephe kaplamalar\u0131n\u0131n tu\u0308ketimini azaltmak amac\u0131yla astar olarak kullan\u0131l\u0131r. [&hellip;]<\/p>","protected":false},"featured_media":858,"comment_status":"open","ping_status":"closed","template":"","meta":[],"product_cat":[80,77],"product_tag":[],"_links":{"self":[{"href":"https:\/\/www.beyfix.com\/ru\/wp-json\/wp\/v2\/product\/857"}],"collection":[{"href":"https:\/\/www.beyfix.com\/ru\/wp-json\/wp\/v2\/product"}],"about":[{"href":"https:\/\/www.beyfix.com\/ru\/wp-json\/wp\/v2\/types\/product"}],"replies":[{"embeddable":true,"href":"https:\/\/www.beyfix.com\/ru\/wp-json\/wp\/v2\/comments?post=857"}],"wp:featuredmedia":[{"embeddable":true,"href":"https:\/\/www.beyfix.com\/ru\/wp-json\/wp\/v2\/media\/858"}],"wp:attachment":[{"href":"https:\/\/www.beyfix.com\/ru\/wp-json\/wp\/v2\/media?parent=857"}],"wp:term":[{"taxonomy":"product_cat","embeddable":true,"href":"https:\/\/www.beyfix.com\/ru\/wp-json\/wp\/v2\/product_cat?post=857"},{"taxonomy":"product_tag","embeddable":true,"href":"https:\/\/www.beyfix.com\/ru\/wp-json\/wp\/v2\/product_tag?post=857"}],"curies":[{"name":"wp","href":"https:\/\/api.w.org\/{rel}","templated":true}]}}